{"id":7523,"date":"2025-06-17T04:39:08","date_gmt":"2025-06-17T08:39:08","guid":{"rendered":"https:\/\/globalmasteraesthetics.com\/product\/kanul-egitimi-ile-agiz-cevresine-dolgu\/"},"modified":"2025-10-26T08:12:48","modified_gmt":"2025-10-26T12:12:48","slug":"kanul-egitimi-ile-agiz-cevresine-dolgu","status":"publish","type":"product","link":"https:\/\/globalmasteraesthetics.com\/tr\/urun\/kanul-egitimi-ile-agiz-cevresine-dolgu\/","title":{"rendered":"KAN\u00dcL E\u011eITIMI ILE A\u011eIZ \u00c7EVRESINE DOLGU"},"content":{"rendered":"","protected":false},"excerpt":{"rendered":"<p>Bu k\u0131sa kurs, Nazolabial K\u0131vr\u0131mlar ve Marionette \u00c7izgileri gibi \u00f6nemli b\u00f6lgeleri tedavi etmek i\u00e7in kan\u00fcl tekniklerine bir giri\u015fi kapsamaktad\u0131r. Nazolabial tedavilere daha g\u00fcvenli bir alternatif g\u00f6stererek hem hasta hem de uygulay\u0131c\u0131 i\u00e7in avantajlar sa\u011flanacakt\u0131r. <\/p>\n<h2><strong>B\u0130Z\u0130M V\u0130ZYONUMUZ<\/strong><\/h2>\n<p>Advanced Aesthetic Courses olarak, y\u00fcksek kaliteli \u00e7evrimi\u00e7i e\u011fitim yoluyla estetik uygulay\u0131c\u0131lar\u0131n\u0131 kapsaml\u0131 ve g\u00fcncel bilgilerle donatmaya kendimizi adad\u0131k. Kurslar\u0131m\u0131z dudaklar, yanaklar, \u00e7ene hatt\u0131, \u015fakaklar ve daha fazlas\u0131 i\u00e7in toksin ve dermal dolgu tedavileri dahil olmak \u00fczere geli\u015fmi\u015f enjekte edilebilir tekniklere odaklanmaktad\u0131r. Kendinden emin, g\u00fcvenli ve bilin\u00e7li klinik uygulamay\u0131 desteklemek i\u00e7in derinlemesine teori, hasta de\u011ferlendirme stratejileri ve video g\u00f6sterimlerini bir araya getiriyoruz. Her kurs indirilebilir materyaller, tedavi protokolleri ve ba\u015far\u0131yla tamamland\u0131\u011f\u0131nda bir sertifika i\u00e7erir. \u0130ster becerilerinizi geli\u015ftiriyor ister tedavi portf\u00f6y\u00fcn\u00fcz\u00fc geni\u015fletiyor olun, b\u00fcy\u00fcmenizi desteklemek i\u00e7in buraday\u0131z &#8211; program\u0131n\u0131za g\u00f6re, istedi\u011finiz yerden    <\/p>\n","protected":false},"featured_media":5839,"comment_status":"open","ping_status":"closed","template":"","meta":{"pmpro_default_level":""},"product_brand":[],"product_cat":[249,247],"product_tag":[],"class_list":{"0":"post-7523","1":"product","2":"type-product","3":"status-publish","4":"has-post-thumbnail","6":"product_cat-dolgu","7":"product_cat-ustalik-sinifi","8":"pmpro-has-access","10":"first","11":"instock","12":"sold-individually","13":"shipping-taxable","14":"purchasable","15":"product-type-simple"},"exclude_global_add_ons":[],"addons":[],"_links":{"self":[{"href":"https:\/\/globalmasteraesthetics.com\/tr\/wp-json\/wp\/v2\/product\/7523","targetHints":{"allow":["GET"]}}],"collection":[{"href":"https:\/\/globalmasteraesthetics.com\/tr\/wp-json\/wp\/v2\/product"}],"about":[{"href":"https:\/\/globalmasteraesthetics.com\/tr\/wp-json\/wp\/v2\/types\/product"}],"replies":[{"embeddable":true,"href":"https:\/\/globalmasteraesthetics.com\/tr\/wp-json\/wp\/v2\/comments?post=7523"}],"version-history":[{"count":1,"href":"https:\/\/globalmasteraesthetics.com\/tr\/wp-json\/wp\/v2\/product\/7523\/revisions"}],"predecessor-version":[{"id":7991,"href":"https:\/\/globalmasteraesthetics.com\/tr\/wp-json\/wp\/v2\/product\/7523\/revisions\/7991"}],"wp:featuredmedia":[{"embeddable":true,"href":"https:\/\/globalmasteraesthetics.com\/tr\/wp-json\/wp\/v2\/media\/5839"}],"wp:attachment":[{"href":"https:\/\/globalmasteraesthetics.com\/tr\/wp-json\/wp\/v2\/media?parent=7523"}],"wp:term":[{"taxonomy":"product_brand","embeddable":true,"href":"https:\/\/globalmasteraesthetics.com\/tr\/wp-json\/wp\/v2\/product_brand?post=7523"},{"taxonomy":"product_cat","embeddable":true,"href":"https:\/\/globalmasteraesthetics.com\/tr\/wp-json\/wp\/v2\/product_cat?post=7523"},{"taxonomy":"product_tag","embeddable":true,"href":"https:\/\/globalmasteraesthetics.com\/tr\/wp-json\/wp\/v2\/product_tag?post=7523"}],"curies":[{"name":"wp","href":"https:\/\/api.w.org\/{rel}","templated":true}]}}