{"id":7518,"date":"2025-06-17T04:40:31","date_gmt":"2025-06-17T08:40:31","guid":{"rendered":"https:\/\/globalmasteraesthetics.com\/product\/cilt-guclendirici-egitimi\/"},"modified":"2025-10-26T09:51:13","modified_gmt":"2025-10-26T13:51:13","slug":"cilt-guclendirici-egitimi","status":"publish","type":"product","link":"https:\/\/globalmasteraesthetics.com\/tr\/urun\/cilt-guclendirici-egitimi\/","title":{"rendered":"CILT G\u00dc\u00c7LENDIRICI E\u011eITIMI"},"content":{"rendered":"","protected":false},"excerpt":{"rendered":"<p>Cilt g\u00fc\u00e7lendiriciler cerrahi olmayan sekt\u00f6rde b\u00fcy\u00fcyen bir yakla\u015f\u0131md\u0131r. Bunlar \u00e7apraz ba\u011fl\u0131 olmayan<br \/>\ncilt sa\u011fl\u0131\u011f\u0131n\u0131 ve ya\u015flanma belirtilerini iyile\u015ftirmek i\u00e7in vitaminler<br \/>\nantioksidanlar amino asitler ve mineraller gibi benzersiz bile\u015fenler i\u00e7eren hyaluronik asittir.<br \/>\nBu teknik<br \/>\ncildi nemlendirmek ve onarmak i\u00e7in y\u00fcz boyun dekolte ve ellere uygulanabilir ve g\u00fcne\u015f hasar\u0131<br \/>\nkusurlar sarkma ve elastikiyet kayb\u0131 gibi temel cilt sorunlar\u0131n\u0131 hedefler.<br \/>\nTek ba\u015f\u0131na bir tedavi y\u00f6ntemi olarak veya di\u011fer enjekte edilebilir ve cilt gen\u00e7le\u015ftirme tedavileriyle birlikte<br \/>\nadresinde herhangi bir cilt klini\u011fine m\u00fckemmel bir katk\u0131 sa\u011flar.<br \/>\nSkin Booster Online E\u011fitim Kursu \u015funlar\u0131 i\u00e7erir:<br \/>\n&#8211; Tedavi, \u00fcr\u00fcn ve hasta se\u00e7imi hakk\u0131nda sunum<br \/>\n&#8211; Tedavi videosunun g\u00f6sterimi<br \/>\n&#8211; Bilginizi test etmek i\u00e7in s\u0131nav<br \/>\n&#8211; Tamamlama Sertifikas\u0131<\/p>\n","protected":false},"featured_media":5838,"comment_status":"open","ping_status":"closed","template":"","meta":{"pmpro_default_level":""},"product_brand":[],"product_cat":[225,247],"product_tag":[],"class_list":{"0":"post-7518","1":"product","2":"type-product","3":"status-publish","4":"has-post-thumbnail","6":"product_cat-uncategorized-tr","7":"product_cat-ustalik-sinifi","8":"pmpro-has-access","10":"first","11":"instock","12":"sold-individually","13":"shipping-taxable","14":"purchasable","15":"product-type-simple"},"exclude_global_add_ons":[],"addons":[],"_links":{"self":[{"href":"https:\/\/globalmasteraesthetics.com\/tr\/wp-json\/wp\/v2\/product\/7518","targetHints":{"allow":["GET"]}}],"collection":[{"href":"https:\/\/globalmasteraesthetics.com\/tr\/wp-json\/wp\/v2\/product"}],"about":[{"href":"https:\/\/globalmasteraesthetics.com\/tr\/wp-json\/wp\/v2\/types\/product"}],"replies":[{"embeddable":true,"href":"https:\/\/globalmasteraesthetics.com\/tr\/wp-json\/wp\/v2\/comments?post=7518"}],"version-history":[{"count":1,"href":"https:\/\/globalmasteraesthetics.com\/tr\/wp-json\/wp\/v2\/product\/7518\/revisions"}],"predecessor-version":[{"id":8814,"href":"https:\/\/globalmasteraesthetics.com\/tr\/wp-json\/wp\/v2\/product\/7518\/revisions\/8814"}],"wp:featuredmedia":[{"embeddable":true,"href":"https:\/\/globalmasteraesthetics.com\/tr\/wp-json\/wp\/v2\/media\/5838"}],"wp:attachment":[{"href":"https:\/\/globalmasteraesthetics.com\/tr\/wp-json\/wp\/v2\/media?parent=7518"}],"wp:term":[{"taxonomy":"product_brand","embeddable":true,"href":"https:\/\/globalmasteraesthetics.com\/tr\/wp-json\/wp\/v2\/product_brand?post=7518"},{"taxonomy":"product_cat","embeddable":true,"href":"https:\/\/globalmasteraesthetics.com\/tr\/wp-json\/wp\/v2\/product_cat?post=7518"},{"taxonomy":"product_tag","embeddable":true,"href":"https:\/\/globalmasteraesthetics.com\/tr\/wp-json\/wp\/v2\/product_tag?post=7518"}],"curies":[{"name":"wp","href":"https:\/\/api.w.org\/{rel}","templated":true}]}}