{"id":7483,"date":"2025-06-17T04:41:54","date_gmt":"2025-06-17T08:41:54","guid":{"rendered":"https:\/\/globalmasteraesthetics.com\/product\/toksin-ve-dolgu-maddeleri-kullanilarak-peri-orbital-genclestirme-egitimi\/"},"modified":"2025-10-26T08:14:04","modified_gmt":"2025-10-26T12:14:04","slug":"toksin-ve-dolgu-maddeleri-kullanilarak-peri-orbital-genclestirme-egitimi","status":"publish","type":"product","link":"https:\/\/globalmasteraesthetics.com\/tr\/urun\/toksin-ve-dolgu-maddeleri-kullanilarak-peri-orbital-genclestirme-egitimi\/","title":{"rendered":"TOKSI\u0307N VE DOLGU MADDELERI\u0307 KULLANILARAK PERI\u0307 ORBI\u0307TAL GEN\u00c7LE\u015eTI\u0307RME E\u011eI\u0307TI\u0307MI\u0307"},"content":{"rendered":"","protected":false},"excerpt":{"rendered":"<p>&#8211; Y\u00fcz ya\u015flanmas\u0131<br \/>\n&#8211; Hasta Se\u00e7imleri<br \/>\n&#8211; G\u00f6zya\u015f\u0131 Olu\u011fu Gen\u00e7le\u015ftirme dahil her bir tedavi se\u00e7ene\u011fi<br \/>\n&#8211; Endikasyonlar ve Komplikasyonlar<br \/>\n&#8211; G\u00f6zya\u015f\u0131 Olu\u011fu tan\u0131t\u0131m videosu<br \/>\n&#8211; \u0130ndirilebilir PDF&#8217;ler<br \/>\n&#8211; Bilginizi test etmek i\u00e7in s\u0131nav<br \/>\n&#8211; Ba\u015far\u0131l\u0131 tamamlama sertifikas\u0131<\/p>\n<h2>B\u0130Z\u0130M V\u0130ZYONUMUZ<\/h2>\n<p>Uzman Estetik Kurslar\u0131, cerrahi olmayan estetik alan\u0131ndaki bilgilerini geni\u015fletmek isteyen t\u0131p uzmanlar\u0131 i\u00e7in y\u00fcksek kaliteli, eri\u015filebilir \u00e7evrimi\u00e7i e\u011fitim sa\u011flamay\u0131 taahh\u00fct eder. Kapsaml\u0131 kurslar\u0131m\u0131z, y\u00fcz anatomisi, tedavi planlamas\u0131, g\u00fcvenlik ve komplikasyon y\u00f6netimini kapsayan derinlemesine mod\u00fcller ile botulinum toksini ve dermal dolgu maddelerinin kullan\u0131ld\u0131\u011f\u0131 ileri tekniklere odaklanmaktad\u0131r. Her kurs, \u00f6\u011frenmeyi peki\u015ftirmek i\u00e7in net video g\u00f6sterimleri, indirilebilir kaynaklar ve s\u0131navlar i\u00e7erir. Kursu ba\u015far\u0131yla tamamlad\u0131\u011f\u0131n\u0131zda, ba\u015far\u0131n\u0131z\u0131 g\u00f6steren bir sertifika alacaks\u0131n\u0131z. Amac\u0131m\u0131z, her zaman ve her yerde estetik prati\u011finizi geli\u015ftirmek i\u00e7in size g\u00fcven ve teorik temel sa\u011flamakt\u0131r.    <\/p>\n","protected":false},"featured_media":5835,"comment_status":"open","ping_status":"closed","template":"","meta":{"pmpro_default_level":""},"product_brand":[],"product_cat":[249,247],"product_tag":[],"class_list":{"0":"post-7483","1":"product","2":"type-product","3":"status-publish","4":"has-post-thumbnail","6":"product_cat-dolgu","7":"product_cat-ustalik-sinifi","8":"pmpro-has-access","10":"first","11":"instock","12":"sold-individually","13":"shipping-taxable","14":"purchasable","15":"product-type-simple"},"exclude_global_add_ons":[],"addons":[],"_links":{"self":[{"href":"https:\/\/globalmasteraesthetics.com\/tr\/wp-json\/wp\/v2\/product\/7483","targetHints":{"allow":["GET"]}}],"collection":[{"href":"https:\/\/globalmasteraesthetics.com\/tr\/wp-json\/wp\/v2\/product"}],"about":[{"href":"https:\/\/globalmasteraesthetics.com\/tr\/wp-json\/wp\/v2\/types\/product"}],"replies":[{"embeddable":true,"href":"https:\/\/globalmasteraesthetics.com\/tr\/wp-json\/wp\/v2\/comments?post=7483"}],"version-history":[{"count":1,"href":"https:\/\/globalmasteraesthetics.com\/tr\/wp-json\/wp\/v2\/product\/7483\/revisions"}],"predecessor-version":[{"id":8177,"href":"https:\/\/globalmasteraesthetics.com\/tr\/wp-json\/wp\/v2\/product\/7483\/revisions\/8177"}],"wp:featuredmedia":[{"embeddable":true,"href":"https:\/\/globalmasteraesthetics.com\/tr\/wp-json\/wp\/v2\/media\/5835"}],"wp:attachment":[{"href":"https:\/\/globalmasteraesthetics.com\/tr\/wp-json\/wp\/v2\/media?parent=7483"}],"wp:term":[{"taxonomy":"product_brand","embeddable":true,"href":"https:\/\/globalmasteraesthetics.com\/tr\/wp-json\/wp\/v2\/product_brand?post=7483"},{"taxonomy":"product_cat","embeddable":true,"href":"https:\/\/globalmasteraesthetics.com\/tr\/wp-json\/wp\/v2\/product_cat?post=7483"},{"taxonomy":"product_tag","embeddable":true,"href":"https:\/\/globalmasteraesthetics.com\/tr\/wp-json\/wp\/v2\/product_tag?post=7483"}],"curies":[{"name":"wp","href":"https:\/\/api.w.org\/{rel}","templated":true}]}}