{"id":7476,"date":"2025-06-17T03:35:47","date_gmt":"2025-06-17T07:35:47","guid":{"rendered":"https:\/\/globalmasteraesthetics.com\/product\/microneedling-kurs-icerigi\/"},"modified":"2025-10-26T08:11:19","modified_gmt":"2025-10-26T12:11:19","slug":"microneedling-kurs-icerigi","status":"publish","type":"product","link":"https:\/\/globalmasteraesthetics.com\/tr\/urun\/microneedling-kurs-icerigi\/","title":{"rendered":"Microneedling Kurs \u0130\u00e7eri\u011fi"},"content":{"rendered":"","protected":false},"excerpt":{"rendered":"<p><strong>Mikroi\u011fneleme Prensipleri ve Temelleri<\/strong><\/p>\n<ul>\n<li>Mikroi\u011fnenin tan\u0131m\u0131 ve t\u0131bbi ve estetik uygulamalardaki yeri<\/li>\n<li>Mikroi\u011fnelemenin faydalar\u0131, s\u0131n\u0131rlamalar\u0131, riskleri ve klinik sonu\u00e7lar\u0131n\u0131n incelenmesi<\/li>\n<li>Mikroi\u011fneleme i\u00e7in gerekli ekipman, malzeme ve cihaz standartlar\u0131na giri\u015f<\/li>\n<li>Mikroi\u011fneleme prosed\u00fcrleri i\u00e7in endikasyonlar ve kontrendikasyonlar<\/li>\n<li>Kons\u00fcltasyon sa\u011flama ve uygun adaylar\u0131 se\u00e7me stratejileri (vaka se\u00e7imi)<\/li>\n<li>\u0130\u015flem \u00f6ncesi haz\u0131rl\u0131k ve i\u015flem sonras\u0131 bak\u0131m k\u0131lavuzlar\u0131<\/li>\n<\/ul>\n<p><strong>\u00c7e\u015fitli Endikasyonlar i\u00e7in Microneedling<\/strong><\/p>\n<ul>\n<li>Sa\u00e7 d\u00f6k\u00fclmesi tedavisinde mikroi\u011fneleme<\/li>\n<li>Y\u00fcz, boyun ve dekolte b\u00f6lgesinin gen\u00e7le\u015ftirilmesi i\u00e7in mikroi\u011fneleme<\/li>\n<li>Hiperpigmente ve hipopigmente lezyonlar\u0131n tedavisi i\u00e7in mikroi\u011fneleme<\/li>\n<li>Farkl\u0131 yara izlerini y\u00f6netmek i\u00e7in mikroi\u011fneleme<\/li>\n<li>G\u00f6z ve dudak \u00e7evresindeki ince k\u0131r\u0131\u015f\u0131kl\u0131klar i\u00e7in mikroi\u011fneleme<\/li>\n<li>Telenjiektazi ve kuperoz gibi durumlar i\u00e7in mikroi\u011fneleme<\/li>\n<\/ul>\n<p><strong>Mikroi\u011fnelemede Sonu\u00e7lar\u0131n ve Komplikasyonlar\u0131n Y\u00f6netilmesi<\/strong><\/p>\n<ul>\n<li>Mikroi\u011fneleme sonu\u00e7lar\u0131n\u0131 etkileyen temel fakt\u00f6rler<\/li>\n<li>Hasta ile ilgili fakt\u00f6rler, ekipman sorunlar\u0131 ve prosed\u00fcrel tekniklere g\u00f6re kategorize edilen mikroi\u011fneleme komplikasyonlar\u0131<\/li>\n<li>Yan etkileri y\u00f6netmek i\u00e7in etkili stratejiler<\/li>\n<\/ul>\n","protected":false},"featured_media":5856,"comment_status":"open","ping_status":"closed","template":"","meta":{"pmpro_default_level":""},"product_brand":[],"product_cat":[284,247],"product_tag":[],"class_list":{"0":"post-7476","1":"product","2":"type-product","3":"status-publish","4":"has-post-thumbnail","6":"product_cat-mikro-igneleme","7":"product_cat-ustalik-sinifi","8":"pmpro-has-access","10":"first","11":"instock","12":"sold-individually","13":"shipping-taxable","14":"purchasable","15":"product-type-simple"},"exclude_global_add_ons":[],"addons":[],"_links":{"self":[{"href":"https:\/\/globalmasteraesthetics.com\/tr\/wp-json\/wp\/v2\/product\/7476","targetHints":{"allow":["GET"]}}],"collection":[{"href":"https:\/\/globalmasteraesthetics.com\/tr\/wp-json\/wp\/v2\/product"}],"about":[{"href":"https:\/\/globalmasteraesthetics.com\/tr\/wp-json\/wp\/v2\/types\/product"}],"replies":[{"embeddable":true,"href":"https:\/\/globalmasteraesthetics.com\/tr\/wp-json\/wp\/v2\/comments?post=7476"}],"version-history":[{"count":1,"href":"https:\/\/globalmasteraesthetics.com\/tr\/wp-json\/wp\/v2\/product\/7476\/revisions"}],"predecessor-version":[{"id":7843,"href":"https:\/\/globalmasteraesthetics.com\/tr\/wp-json\/wp\/v2\/product\/7476\/revisions\/7843"}],"wp:featuredmedia":[{"embeddable":true,"href":"https:\/\/globalmasteraesthetics.com\/tr\/wp-json\/wp\/v2\/media\/5856"}],"wp:attachment":[{"href":"https:\/\/globalmasteraesthetics.com\/tr\/wp-json\/wp\/v2\/media?parent=7476"}],"wp:term":[{"taxonomy":"product_brand","embeddable":true,"href":"https:\/\/globalmasteraesthetics.com\/tr\/wp-json\/wp\/v2\/product_brand?post=7476"},{"taxonomy":"product_cat","embeddable":true,"href":"https:\/\/globalmasteraesthetics.com\/tr\/wp-json\/wp\/v2\/product_cat?post=7476"},{"taxonomy":"product_tag","embeddable":true,"href":"https:\/\/globalmasteraesthetics.com\/tr\/wp-json\/wp\/v2\/product_tag?post=7476"}],"curies":[{"name":"wp","href":"https:\/\/api.w.org\/{rel}","templated":true}]}}