{"id":7469,"date":"2025-06-13T11:02:07","date_gmt":"2025-06-13T15:02:07","guid":{"rendered":"https:\/\/globalmasteraesthetics.com\/product\/peeling-kurs-icerigi\/"},"modified":"2025-10-26T08:12:00","modified_gmt":"2025-10-26T12:12:00","slug":"peeling-kurs-icerigi","status":"publish","type":"product","link":"https:\/\/globalmasteraesthetics.com\/tr\/urun\/peeling-kurs-icerigi\/","title":{"rendered":"Peeling Kurs \u0130\u00e7eri\u011fi"},"content":{"rendered":"","protected":false},"excerpt":{"rendered":"<p><strong>\u00c7e\u015fitli Peelinglerin Prensipleri ve Temelleri ile Etki Mekanizmalar\u0131<\/strong><\/p>\n<ul>\n<li>Kimyasal peelingin tan\u0131m\u0131 ve t\u0131p ve estetikteki rol\u00fc<\/li>\n<li>Farkl\u0131 soyma t\u00fcrlerinin s\u0131n\u0131fland\u0131r\u0131lmas\u0131<\/li>\n<li>Kimyasal peelingler i\u00e7in standartlara a\u015final\u0131k<\/li>\n<li>Kimyasal peeling i\u00e7in uygun madde ve yard\u0131mc\u0131 ekipman se\u00e7imi<\/li>\n<li>\u00c7e\u015fitli peeling y\u00f6ntemlerinin faydalar\u0131, dezavantajlar\u0131 ve komplikasyonlar\u0131n\u0131n ara\u015ft\u0131r\u0131lmas\u0131<\/li>\n<li>Peeling prosed\u00fcrleri i\u00e7in genel endikasyonlar ve kontrendikasyonlar<\/li>\n<\/ul>\n<p><strong>M\u00fc\u015fteri \u0130\u00e7in Do\u011fru Peelingi Se\u00e7mek<\/strong><\/p>\n<ul>\n<li>Y\u00fcz, boyun ve dekolte b\u00f6lgesinin gen\u00e7le\u015ftirilmesi i\u00e7in kimyasal peeling<\/li>\n<li>Hiperpigmente ve hipopigmente lezyonlar i\u00e7in kimyasal peeling<\/li>\n<li>\u00c7e\u015fitli yara izleri i\u00e7in kimyasal peeling<\/li>\n<li>G\u00f6z ve dudak \u00e7evresindeki ince k\u0131r\u0131\u015f\u0131kl\u0131klar i\u00e7in kimyasal peeling<\/li>\n<li>Erkekler i\u00e7in kimyasal peeling<\/li>\n<\/ul>\n<p><strong>M\u00fc\u015fteriyi Peeling i\u00e7in Haz\u0131rlama  <\/strong><\/p>\n<ul>\n<li>Dan\u0131\u015fma ve m\u00fc\u015fteri vaka se\u00e7imi i\u00e7in stratejiler<\/li>\n<li>M\u00fc\u015fteri ihtiya\u00e7lar\u0131na g\u00f6re uygun malzeme ve ekipman se\u00e7imi<\/li>\n<li>M\u00fc\u015fteriyi ofis i\u00e7i peeling prosed\u00fcrleri i\u00e7in haz\u0131rlama<\/li>\n<li>Soyma sonras\u0131 genel bak\u0131m talimatlar\u0131<\/li>\n<\/ul>\n<p><strong>Kimyasal Peeling Sonu\u00e7lar\u0131n\u0131 ve Komplikasyonlar\u0131n\u0131 Etkileyen Fakt\u00f6rler<\/strong><\/p>\n<ul>\n<li>Hastaya ba\u011fl\u0131 fakt\u00f6rler, ekipman sorunlar\u0131 ve prosed\u00fcrel tekniklere g\u00f6re kategorize edilen kimyasal peeling komplikasyonlar\u0131<\/li>\n<li>Yan etkileri y\u00f6netmek i\u00e7in etkili stratejiler<\/li>\n<\/ul>\n","protected":false},"featured_media":5858,"comment_status":"open","ping_status":"closed","template":"","meta":{"pmpro_default_level":""},"product_brand":[],"product_cat":[277,247],"product_tag":[],"class_list":{"0":"post-7469","1":"product","2":"type-product","3":"status-publish","4":"has-post-thumbnail","6":"product_cat-soyulma","7":"product_cat-ustalik-sinifi","8":"pmpro-has-access","10":"first","11":"instock","12":"sold-individually","13":"shipping-taxable","14":"purchasable","15":"product-type-simple"},"exclude_global_add_ons":[],"addons":[],"_links":{"self":[{"href":"https:\/\/globalmasteraesthetics.com\/tr\/wp-json\/wp\/v2\/product\/7469","targetHints":{"allow":["GET"]}}],"collection":[{"href":"https:\/\/globalmasteraesthetics.com\/tr\/wp-json\/wp\/v2\/product"}],"about":[{"href":"https:\/\/globalmasteraesthetics.com\/tr\/wp-json\/wp\/v2\/types\/product"}],"replies":[{"embeddable":true,"href":"https:\/\/globalmasteraesthetics.com\/tr\/wp-json\/wp\/v2\/comments?post=7469"}],"version-history":[{"count":1,"href":"https:\/\/globalmasteraesthetics.com\/tr\/wp-json\/wp\/v2\/product\/7469\/revisions"}],"predecessor-version":[{"id":7947,"href":"https:\/\/globalmasteraesthetics.com\/tr\/wp-json\/wp\/v2\/product\/7469\/revisions\/7947"}],"wp:featuredmedia":[{"embeddable":true,"href":"https:\/\/globalmasteraesthetics.com\/tr\/wp-json\/wp\/v2\/media\/5858"}],"wp:attachment":[{"href":"https:\/\/globalmasteraesthetics.com\/tr\/wp-json\/wp\/v2\/media?parent=7469"}],"wp:term":[{"taxonomy":"product_brand","embeddable":true,"href":"https:\/\/globalmasteraesthetics.com\/tr\/wp-json\/wp\/v2\/product_brand?post=7469"},{"taxonomy":"product_cat","embeddable":true,"href":"https:\/\/globalmasteraesthetics.com\/tr\/wp-json\/wp\/v2\/product_cat?post=7469"},{"taxonomy":"product_tag","embeddable":true,"href":"https:\/\/globalmasteraesthetics.com\/tr\/wp-json\/wp\/v2\/product_tag?post=7469"}],"curies":[{"name":"wp","href":"https:\/\/api.w.org\/{rel}","templated":true}]}}