{"id":7463,"date":"2025-06-17T03:07:39","date_gmt":"2025-06-17T07:07:39","guid":{"rendered":"https:\/\/globalmasteraesthetics.com\/product\/mezoterapi-kurs-icerigi\/"},"modified":"2025-10-26T08:11:54","modified_gmt":"2025-10-26T12:11:54","slug":"mezoterapi-kurs-icerigi","status":"publish","type":"product","link":"https:\/\/globalmasteraesthetics.com\/tr\/urun\/mezoterapi-kurs-icerigi\/","title":{"rendered":"Mezoterapi Kurs \u0130\u00e7eri\u011fi"},"content":{"rendered":"","protected":false},"excerpt":{"rendered":"<p><strong>Mezoterapinin \u0130lkeleri ve Temelleri<\/strong><\/p>\n<ul>\n<li>Mezoterapinin tan\u0131m\u0131 ve t\u0131p ve estetikteki rol\u00fc<\/li>\n<li>Mezoterapinin faydalar\u0131, yan etkileri, komplikasyonlar\u0131 ve sonu\u00e7lar\u0131n\u0131n incelenmesi<\/li>\n<li>Mezoterapi i\u00e7in gerekli ekipman, malzeme ve ilgili cihazlara giri\u015f<\/li>\n<li>Mezoterapi endikasyonlar\u0131 ve kontrendikasyonlar\u0131<\/li>\n<li>Kons\u00fcltasyon sa\u011flama ve uygun adaylar\u0131 se\u00e7me stratejileri (vaka se\u00e7imi)<\/li>\n<li>\u0130\u015flem \u00f6ncesi haz\u0131rl\u0131k ve i\u015flem sonras\u0131 bak\u0131m k\u0131lavuzlar\u0131<\/li>\n<\/ul>\n<p><strong>Mezoterapide Enjeksiyon Teknikleri  <\/strong><\/p>\n<ul>\n<li>Deri anatomisinin anla\u015f\u0131lmas\u0131<\/li>\n<li>Estetik mezoterapide \u00e7e\u015fitli manuel enjeksiyon tekniklerine a\u015final\u0131k<\/li>\n<li>Mezoterapide farkl\u0131 enjeksiyon tekniklerinin uygulamalar\u0131n\u0131n ara\u015ft\u0131r\u0131lmas\u0131<\/li>\n<\/ul>\n<p><strong> <\/strong><\/p>\n<p><strong> <\/strong><\/p>\n<p><strong> <\/strong><\/p>\n<p><strong>Farkl\u0131 B\u00f6lgeler i\u00e7in Mezoterapi  <\/strong><\/p>\n<ul>\n<li>Sa\u00e7 d\u00f6k\u00fclmesi i\u00e7in mezoterapi<\/li>\n<li>Y\u00fcz, boyun ve dekolte b\u00f6lgesinin gen\u00e7le\u015ftirilmesi i\u00e7in mezoterapi<\/li>\n<li>Hiperpigmente lezyonlar i\u00e7in mezoterapi<\/li>\n<li>Periorbital kayg\u0131lar i\u00e7in mezoterapi<\/li>\n<li>Lokalize ya\u011f azaltma, sel\u00fclit ve g\u0131d\u0131 i\u00e7in mezoterapi<\/li>\n<li>Soyma sonras\u0131 genel bak\u0131m talimatlar\u0131<\/li>\n<\/ul>\n","protected":false},"featured_media":5857,"comment_status":"open","ping_status":"closed","template":"","meta":{"pmpro_default_level":""},"product_brand":[],"product_cat":[274,247],"product_tag":[],"class_list":{"0":"post-7463","1":"product","2":"type-product","3":"status-publish","4":"has-post-thumbnail","6":"product_cat-mezoterapi","7":"product_cat-ustalik-sinifi","8":"pmpro-has-access","10":"first","11":"instock","12":"sold-individually","13":"shipping-taxable","14":"purchasable","15":"product-type-simple"},"exclude_global_add_ons":[],"addons":[],"_links":{"self":[{"href":"https:\/\/globalmasteraesthetics.com\/tr\/wp-json\/wp\/v2\/product\/7463","targetHints":{"allow":["GET"]}}],"collection":[{"href":"https:\/\/globalmasteraesthetics.com\/tr\/wp-json\/wp\/v2\/product"}],"about":[{"href":"https:\/\/globalmasteraesthetics.com\/tr\/wp-json\/wp\/v2\/types\/product"}],"replies":[{"embeddable":true,"href":"https:\/\/globalmasteraesthetics.com\/tr\/wp-json\/wp\/v2\/comments?post=7463"}],"version-history":[{"count":1,"href":"https:\/\/globalmasteraesthetics.com\/tr\/wp-json\/wp\/v2\/product\/7463\/revisions"}],"predecessor-version":[{"id":7929,"href":"https:\/\/globalmasteraesthetics.com\/tr\/wp-json\/wp\/v2\/product\/7463\/revisions\/7929"}],"wp:featuredmedia":[{"embeddable":true,"href":"https:\/\/globalmasteraesthetics.com\/tr\/wp-json\/wp\/v2\/media\/5857"}],"wp:attachment":[{"href":"https:\/\/globalmasteraesthetics.com\/tr\/wp-json\/wp\/v2\/media?parent=7463"}],"wp:term":[{"taxonomy":"product_brand","embeddable":true,"href":"https:\/\/globalmasteraesthetics.com\/tr\/wp-json\/wp\/v2\/product_brand?post=7463"},{"taxonomy":"product_cat","embeddable":true,"href":"https:\/\/globalmasteraesthetics.com\/tr\/wp-json\/wp\/v2\/product_cat?post=7463"},{"taxonomy":"product_tag","embeddable":true,"href":"https:\/\/globalmasteraesthetics.com\/tr\/wp-json\/wp\/v2\/product_tag?post=7463"}],"curies":[{"name":"wp","href":"https:\/\/api.w.org\/{rel}","templated":true}]}}