{"id":7454,"date":"2025-06-17T03:35:44","date_gmt":"2025-06-17T07:35:44","guid":{"rendered":"https:\/\/globalmasteraesthetics.com\/product\/estetik-komplikasyonlar-egitimi\/"},"modified":"2025-10-26T08:11:29","modified_gmt":"2025-10-26T12:11:29","slug":"estetik-komplikasyonlar-egitimi","status":"publish","type":"product","link":"https:\/\/globalmasteraesthetics.com\/tr\/urun\/estetik-komplikasyonlar-egitimi\/","title":{"rendered":"ESTETI\u0307K KOMPLI\u0307KASYONLAR E\u011eI\u0307TI\u0307MI\u0307"},"content":{"rendered":"","protected":false},"excerpt":{"rendered":"<ul>\n<li data-start=\"38\" data-end=\"78\">\n<p data-start=\"40\" data-end=\"78\">Estetik Komplikasyonlar Sunumu<\/p>\n<\/li>\n<li data-start=\"79\" data-end=\"102\">\n<p data-start=\"81\" data-end=\"102\">Komplikasyonlar Video<\/p>\n<\/li>\n<li data-start=\"103\" data-end=\"137\">\n<p data-start=\"105\" data-end=\"137\">Hyaluronidaz\u0131n G\u00f6sterilmesi<\/p>\n<\/li>\n<li data-start=\"138\" data-end=\"162\">\n<p data-start=\"140\" data-end=\"162\">Hyaluronidaz Kullan\u0131m\u0131<\/p>\n<\/li>\n<li data-start=\"163\" data-end=\"184\">\n<p data-start=\"165\" data-end=\"184\">Enfeksiyon Kontrol\u00fc<\/p>\n<\/li>\n<li data-start=\"185\" data-end=\"260\">\n<p data-start=\"187\" data-end=\"260\">Erken ve Ge\u00e7 Ba\u015flang\u0131\u00e7l\u0131 Nod\u00fcl ve Gran\u00fclomlar\u0131n \u00d6nlenmesi ve Tedavisi<\/p>\n<\/li>\n<li data-start=\"261\" data-end=\"313\">\n<p data-start=\"263\" data-end=\"313\">Res\u00fcsitasyon Konseyi &#8211; Anafilaktik Tan\u0131ma<\/p>\n<\/li>\n<li data-start=\"314\" data-end=\"334\" data-is-last-node=\"\">\n<p data-start=\"316\" data-end=\"334\" data-is-last-node=\"\">Kurs Sonu S\u0131nav\u0131<\/p>\n<h2>B\u0130Z\u0130M V\u0130ZYONUMUZ<\/h2>\n<p>Online Estetik Temel Kursumuz, hevesli estetik pratisyenlerine estetik t\u0131bba g\u00fc\u00e7l\u00fc, kan\u0131ta dayal\u0131 bir giri\u015f sa\u011flamak i\u00e7in tasarlanm\u0131\u015ft\u0131r. Bu kurs, y\u00fcz anatomisi, tedavi planlamas\u0131, y\u00fcz ya\u015flanmas\u0131 ve komplikasyon y\u00f6netimini kapsayan derinlemesine mod\u00fcller ile botulinum toksini ve dermal dolgu maddelerinin g\u00fcvenli ve etkili kullan\u0131m\u0131na odaklanmaktad\u0131r. <\/p>\n<p>Bilgilerinizi peki\u015ftirmenize yard\u0131mc\u0131 olmak i\u00e7in kapsaml\u0131 teorik \u00f6\u011frenimi y\u00fcksek kaliteli video g\u00f6sterimleri, indirilebilir kaynaklar ve s\u0131navlarla birle\u015ftiriyoruz. \u0130ster yolculu\u011funuza yeni ba\u015fl\u0131yor olun, ister temel bilgilerinizi tazeliyor olun, bu kurs g\u00fcvenli, etik ve kendinden emin klinik uygulamalar\u0131n temelini atar; hepsine kendi h\u0131z\u0131n\u0131zda \u00e7evrimi\u00e7i olarak eri\u015febilirsiniz. <\/li>\n<\/ul>\n","protected":false},"featured_media":5852,"comment_status":"open","ping_status":"closed","template":"","meta":{"pmpro_default_level":""},"product_brand":[],"product_cat":[225,247],"product_tag":[],"class_list":{"0":"post-7454","1":"product","2":"type-product","3":"status-publish","4":"has-post-thumbnail","6":"product_cat-uncategorized-tr","7":"product_cat-ustalik-sinifi","8":"pmpro-has-access","10":"first","11":"instock","12":"sold-individually","13":"shipping-taxable","14":"purchasable","15":"product-type-simple"},"exclude_global_add_ons":[],"addons":[],"_links":{"self":[{"href":"https:\/\/globalmasteraesthetics.com\/tr\/wp-json\/wp\/v2\/product\/7454","targetHints":{"allow":["GET"]}}],"collection":[{"href":"https:\/\/globalmasteraesthetics.com\/tr\/wp-json\/wp\/v2\/product"}],"about":[{"href":"https:\/\/globalmasteraesthetics.com\/tr\/wp-json\/wp\/v2\/types\/product"}],"replies":[{"embeddable":true,"href":"https:\/\/globalmasteraesthetics.com\/tr\/wp-json\/wp\/v2\/comments?post=7454"}],"version-history":[{"count":1,"href":"https:\/\/globalmasteraesthetics.com\/tr\/wp-json\/wp\/v2\/product\/7454\/revisions"}],"predecessor-version":[{"id":7864,"href":"https:\/\/globalmasteraesthetics.com\/tr\/wp-json\/wp\/v2\/product\/7454\/revisions\/7864"}],"wp:featuredmedia":[{"embeddable":true,"href":"https:\/\/globalmasteraesthetics.com\/tr\/wp-json\/wp\/v2\/media\/5852"}],"wp:attachment":[{"href":"https:\/\/globalmasteraesthetics.com\/tr\/wp-json\/wp\/v2\/media?parent=7454"}],"wp:term":[{"taxonomy":"product_brand","embeddable":true,"href":"https:\/\/globalmasteraesthetics.com\/tr\/wp-json\/wp\/v2\/product_brand?post=7454"},{"taxonomy":"product_cat","embeddable":true,"href":"https:\/\/globalmasteraesthetics.com\/tr\/wp-json\/wp\/v2\/product_cat?post=7454"},{"taxonomy":"product_tag","embeddable":true,"href":"https:\/\/globalmasteraesthetics.com\/tr\/wp-json\/wp\/v2\/product_tag?post=7454"}],"curies":[{"name":"wp","href":"https:\/\/api.w.org\/{rel}","templated":true}]}}