{"id":7411,"date":"2025-06-17T04:08:15","date_gmt":"2025-06-17T08:08:15","guid":{"rendered":"https:\/\/globalmasteraesthetics.com\/product\/dermal-dolgu-egitimine-giris-2\/"},"modified":"2025-10-26T08:12:55","modified_gmt":"2025-10-26T12:12:55","slug":"dermal-dolgu-egitimine-giris-2","status":"publish","type":"product","link":"https:\/\/globalmasteraesthetics.com\/tr\/urun\/dermal-dolgu-egitimine-giris-2\/","title":{"rendered":"DERMAL DOLGU E\u011eI\u0307TI\u0307MI\u0307NE GI\u0307RI\u0307\u015e"},"content":{"rendered":"","protected":false},"excerpt":{"rendered":"<p>&#8211; Kurs Tan\u0131t\u0131m\u0131<\/p>\n<p>&#8211; Dermal Dolgular Nas\u0131l \u00c7al\u0131\u015f\u0131r?<\/p>\n<p>&#8211; Do\u011fru Dermal Dolgu Maddesini Se\u00e7mek<\/p>\n<p>&#8211; Dolgu Se\u00e7imi<\/p>\n<p>&#8211; Dermal Dolgular\u0131n Kontrendikasyonlar\u0131<\/p>\n<p>&#8211; Dermal Dolgu Bilgileri<\/p>\n<p>&#8211; Hyaluronidaz Kullan\u0131m\u0131<\/p>\n<p>&#8211; Bak\u0131m Sonras\u0131 Bro\u015f\u00fcr\u00fc<\/p>\n<p>&#8211; \u00d6zet PDF<\/p>\n<p>-Dermal Dolgu Maddelerine Giri\u015f S\u0131nav\u0131 \u00a375<\/p>\n<h2>B\u0130Z\u0130M V\u0130ZYONUMUZ<\/h2>\n<p>Online Estetik Temel Kursumuz, hevesli estetik pratisyenlerine estetik t\u0131bba g\u00fc\u00e7l\u00fc, kan\u0131ta dayal\u0131 bir giri\u015f sa\u011flamak i\u00e7in tasarlanm\u0131\u015ft\u0131r. Bu kurs, y\u00fcz anatomisi, tedavi planlamas\u0131, y\u00fcz ya\u015flanmas\u0131 ve komplikasyon y\u00f6netimini kapsayan derinlemesine mod\u00fcller ile botulinum toksini ve dermal dolgu maddelerinin g\u00fcvenli ve etkili kullan\u0131m\u0131na odaklanmaktad\u0131r. <\/p>\n<p>Bilgilerinizi peki\u015ftirmenize yard\u0131mc\u0131 olmak i\u00e7in kapsaml\u0131 teorik \u00f6\u011frenimi y\u00fcksek kaliteli video g\u00f6sterimleri, indirilebilir kaynaklar ve s\u0131navlarla birle\u015ftiriyoruz. \u0130ster yolculu\u011funuza yeni ba\u015fl\u0131yor olun, ister temel bilgilerinizi tazeliyor olun, bu kurs g\u00fcvenli, etik ve kendinden emin klinik uygulamalar\u0131n temelini atar; hepsine kendi h\u0131z\u0131n\u0131zda \u00e7evrimi\u00e7i olarak eri\u015febilirsiniz. <\/p>\n","protected":false},"featured_media":5851,"comment_status":"open","ping_status":"closed","template":"","meta":{"pmpro_default_level":""},"product_brand":[],"product_cat":[247],"product_tag":[],"class_list":{"0":"post-7411","1":"product","2":"type-product","3":"status-publish","4":"has-post-thumbnail","6":"product_cat-ustalik-sinifi","7":"pmpro-has-access","9":"first","10":"instock","11":"sold-individually","12":"shipping-taxable","13":"purchasable","14":"product-type-simple"},"exclude_global_add_ons":[],"addons":[],"_links":{"self":[{"href":"https:\/\/globalmasteraesthetics.com\/tr\/wp-json\/wp\/v2\/product\/7411","targetHints":{"allow":["GET"]}}],"collection":[{"href":"https:\/\/globalmasteraesthetics.com\/tr\/wp-json\/wp\/v2\/product"}],"about":[{"href":"https:\/\/globalmasteraesthetics.com\/tr\/wp-json\/wp\/v2\/types\/product"}],"replies":[{"embeddable":true,"href":"https:\/\/globalmasteraesthetics.com\/tr\/wp-json\/wp\/v2\/comments?post=7411"}],"version-history":[{"count":1,"href":"https:\/\/globalmasteraesthetics.com\/tr\/wp-json\/wp\/v2\/product\/7411\/revisions"}],"predecessor-version":[{"id":8009,"href":"https:\/\/globalmasteraesthetics.com\/tr\/wp-json\/wp\/v2\/product\/7411\/revisions\/8009"}],"wp:featuredmedia":[{"embeddable":true,"href":"https:\/\/globalmasteraesthetics.com\/tr\/wp-json\/wp\/v2\/media\/5851"}],"wp:attachment":[{"href":"https:\/\/globalmasteraesthetics.com\/tr\/wp-json\/wp\/v2\/media?parent=7411"}],"wp:term":[{"taxonomy":"product_brand","embeddable":true,"href":"https:\/\/globalmasteraesthetics.com\/tr\/wp-json\/wp\/v2\/product_brand?post=7411"},{"taxonomy":"product_cat","embeddable":true,"href":"https:\/\/globalmasteraesthetics.com\/tr\/wp-json\/wp\/v2\/product_cat?post=7411"},{"taxonomy":"product_tag","embeddable":true,"href":"https:\/\/globalmasteraesthetics.com\/tr\/wp-json\/wp\/v2\/product_tag?post=7411"}],"curies":[{"name":"wp","href":"https:\/\/api.w.org\/{rel}","templated":true}]}}