{"id":7393,"date":"2025-06-17T04:41:55","date_gmt":"2025-06-17T08:41:55","guid":{"rendered":"https:\/\/globalmasteraesthetics.com\/product\/toksin-enjeksiyonu-ile-tum-yuz-ve-boyun-tedavisi\/"},"modified":"2025-10-26T08:13:58","modified_gmt":"2025-10-26T12:13:58","slug":"toksin-enjeksiyonu-ile-tum-yuz-ve-boyun-tedavisi","status":"publish","type":"product","link":"https:\/\/globalmasteraesthetics.com\/tr\/urun\/toksin-enjeksiyonu-ile-tum-yuz-ve-boyun-tedavisi\/","title":{"rendered":"Toksin enjeksiyonu ile t\u00fcm y\u00fcz ve boyun tedavisi"},"content":{"rendered":"","protected":false},"excerpt":{"rendered":"<ul>\n<li>Geli\u015fmi\u015f Botulinum Toksini<\/li>\n<li>\u00dcst, Orta, Alt Y\u00fcz ve Boyuna Botulinum Toksin Tedavisi<\/li>\n<li>Hasta de\u011ferlendirmesi ve Kontrendikasyonlar<\/li>\n<li>\u00dcst Y\u00fcz, Nazal, Perioral, Mentalis, Masseter, Platizma De\u011ferlendirme ve Tedavisi<\/li>\n<li>kaslar<\/li>\n<li>Enjeksiyon noktalar\u0131n\u0131n y\u00fczey i\u015faretlemesi<\/li>\n<li>\u00dcst Y\u00fcz, Nazal, Perioral, Mentalis, Masseter, Platizma De\u011ferlendirme ve Tedavisi<\/li>\n<li>kaslar<\/li>\n<li>G\u00f6steri videosu<\/li>\n<li>BOTOX Onam Formu<\/li>\n<li>Botulinum Toksin Tedavisi Sonras\u0131 Bak\u0131m<\/li>\n<li>\u0130leri D\u00fczey Botulinum Toksini S\u0131nav\u0131<br \/>\n<h2>B\u0130Z\u0130M V\u0130ZYONUMUZ<\/h2>\n<p>Uzman Estetik Kurslar\u0131, cerrahi olmayan estetik alan\u0131ndaki bilgilerini geni\u015fletmek isteyen t\u0131p uzmanlar\u0131 i\u00e7in y\u00fcksek kaliteli, eri\u015filebilir \u00e7evrimi\u00e7i e\u011fitim sa\u011flamay\u0131 taahh\u00fct eder. Kapsaml\u0131 kurslar\u0131m\u0131z, y\u00fcz anatomisi, tedavi planlamas\u0131, g\u00fcvenlik ve komplikasyon y\u00f6netimini kapsayan derinlemesine mod\u00fcller ile botulinum toksini ve dermal dolgu maddelerinin kullan\u0131ld\u0131\u011f\u0131 ileri tekniklere odaklanmaktad\u0131r. Her kurs, \u00f6\u011frenmeyi peki\u015ftirmek i\u00e7in net video g\u00f6sterimleri, indirilebilir kaynaklar ve s\u0131navlar i\u00e7erir. Kursu ba\u015far\u0131yla tamamlad\u0131\u011f\u0131n\u0131zda, ba\u015far\u0131n\u0131z\u0131 g\u00f6steren bir sertifika alacaks\u0131n\u0131z. Amac\u0131m\u0131z, her zaman ve her yerde estetik prati\u011finizi geli\u015ftirmek i\u00e7in size g\u00fcven ve teorik temel sa\u011flamakt\u0131r.    <\/li>\n<\/ul>\n","protected":false},"featured_media":5834,"comment_status":"open","ping_status":"closed","template":"","meta":{"pmpro_default_level":""},"product_brand":[],"product_cat":[271,247],"product_tag":[],"class_list":{"0":"post-7393","1":"product","2":"type-product","3":"status-publish","4":"has-post-thumbnail","6":"product_cat-botulinum-toksini","7":"product_cat-ustalik-sinifi","8":"pmpro-has-access","10":"first","11":"instock","12":"sold-individually","13":"shipping-taxable","14":"purchasable","15":"product-type-simple"},"exclude_global_add_ons":[],"addons":[],"_links":{"self":[{"href":"https:\/\/globalmasteraesthetics.com\/tr\/wp-json\/wp\/v2\/product\/7393","targetHints":{"allow":["GET"]}}],"collection":[{"href":"https:\/\/globalmasteraesthetics.com\/tr\/wp-json\/wp\/v2\/product"}],"about":[{"href":"https:\/\/globalmasteraesthetics.com\/tr\/wp-json\/wp\/v2\/types\/product"}],"replies":[{"embeddable":true,"href":"https:\/\/globalmasteraesthetics.com\/tr\/wp-json\/wp\/v2\/comments?post=7393"}],"version-history":[{"count":1,"href":"https:\/\/globalmasteraesthetics.com\/tr\/wp-json\/wp\/v2\/product\/7393\/revisions"}],"predecessor-version":[{"id":8169,"href":"https:\/\/globalmasteraesthetics.com\/tr\/wp-json\/wp\/v2\/product\/7393\/revisions\/8169"}],"wp:featuredmedia":[{"embeddable":true,"href":"https:\/\/globalmasteraesthetics.com\/tr\/wp-json\/wp\/v2\/media\/5834"}],"wp:attachment":[{"href":"https:\/\/globalmasteraesthetics.com\/tr\/wp-json\/wp\/v2\/media?parent=7393"}],"wp:term":[{"taxonomy":"product_brand","embeddable":true,"href":"https:\/\/globalmasteraesthetics.com\/tr\/wp-json\/wp\/v2\/product_brand?post=7393"},{"taxonomy":"product_cat","embeddable":true,"href":"https:\/\/globalmasteraesthetics.com\/tr\/wp-json\/wp\/v2\/product_cat?post=7393"},{"taxonomy":"product_tag","embeddable":true,"href":"https:\/\/globalmasteraesthetics.com\/tr\/wp-json\/wp\/v2\/product_tag?post=7393"}],"curies":[{"name":"wp","href":"https:\/\/api.w.org\/{rel}","templated":true}]}}