{"id":7377,"date":"2025-06-17T04:08:13","date_gmt":"2025-06-17T08:08:13","guid":{"rendered":"https:\/\/globalmasteraesthetics.com\/product\/botulinum-toksini-seviye-1-botulinum-toksinlerine-kapsamli-giris-ve-genel-bakis\/"},"modified":"2025-06-17T04:08:13","modified_gmt":"2025-06-17T08:08:13","slug":"botulinum-toksini-seviye-1-botulinum-toksinlerine-kapsamli-giris-ve-genel-bakis","status":"publish","type":"product","link":"https:\/\/globalmasteraesthetics.com\/tr\/urun\/botulinum-toksini-seviye-1-botulinum-toksinlerine-kapsamli-giris-ve-genel-bakis\/","title":{"rendered":"Botulinum Toksini Seviye 1: Botulinum Toksinlerine Kapsaml\u0131 Giri\u015f ve Genel Bak\u0131\u015f"},"content":{"rendered":"","protected":false},"excerpt":{"rendered":"<p>&#8211; Y\u00fcz\u00fcn ve ba\u015f\u0131n anatomisini, kaslar\u0131n\u0131 ve asla anatomisini kapsaml\u0131 bir \u015fekilde anlama<\/p>\n<p>&#8211; Botulinum Toksini ve mevcut \u00fcr\u00fcnler hakk\u0131nda derinlemesine genel bak\u0131\u015f<\/p>\n<p>&#8211; Botulinum Toksini g\u00fcvenlik endi\u015feleri ve bunlar\u0131n nas\u0131l ele al\u0131naca\u011f\u0131<\/p>\n<p>&#8211; Botulinum Toksinleri i\u00e7in Pazar Fiyatland\u0131rmas\u0131<\/p>\n<p>&#8211; Botulinum Toksin hizmetleri i\u00e7in bak\u0131m \u00f6ncesi ve sonras\u0131<\/p>\n<p>&#8211; Botulinum Toksinleri i\u00e7in bir hasta \u00fczerinde ilk kons\u00fcltasyon ve de\u011ferlendirmenin yap\u0131lmas\u0131<\/p>\n<h2>B\u0130Z\u0130M V\u0130ZYONUMUZ<\/h2>\n<p>Botulinum Toksin Kurslar\u0131m\u0131z, temel bilgilerden ileri enjeksiyon tekniklerine kadar estetik toksin tedavilerinin a\u00e7\u0131k, yap\u0131land\u0131r\u0131lm\u0131\u015f ve derinlemesine anla\u015f\u0131lmas\u0131n\u0131 sa\u011flamak \u00fczere tasarlanm\u0131\u015ft\u0131r. Tamamen \u00e7evrimi\u00e7i olarak sunulan bu kurslar, hasta de\u011ferlendirmesi, y\u00fcz anatomisi ve g\u00fcnl\u00fck estetik uygulamada Botulinum Toksininin g\u00fcvenli bir \u015fekilde uygulanmas\u0131 konusunda g\u00fcven kazanmak isteyen t\u0131p uzmanlar\u0131 i\u00e7in idealdir. <\/p>\n<p>Hem teori hem de ger\u00e7ek d\u00fcnya uygulamalar\u0131na odaklanan e\u011fitimimiz, \u00fcr\u00fcn se\u00e7imi ve y\u00fcz haritalamadan tam y\u00fcz tedavi planlar\u0131 ve risk y\u00f6netimine kadar her \u015feyi kapsamaktad\u0131r. Uzmanlar taraf\u0131ndan y\u00f6netilen i\u00e7erik, video g\u00f6sterimleri ve indirilebilir kaynaklar arac\u0131l\u0131\u011f\u0131yla, sizi geli\u015fen estetik t\u0131p alan\u0131nda g\u00fcvenli, etkili ve etik uygulamalara haz\u0131rlamay\u0131 ama\u00e7l\u0131yoruz. <\/p>\n","protected":false},"featured_media":5860,"comment_status":"open","ping_status":"closed","template":"","meta":{"pmpro_default_level":""},"product_brand":[],"product_cat":[271,247],"product_tag":[],"class_list":{"0":"post-7377","1":"product","2":"type-product","3":"status-publish","4":"has-post-thumbnail","6":"product_cat-botulinum-toksini","7":"product_cat-ustalik-sinifi","8":"pmpro-has-access","10":"first","11":"instock","12":"sold-individually","13":"shipping-taxable","14":"purchasable","15":"product-type-simple"},"exclude_global_add_ons":[],"addons":[],"_links":{"self":[{"href":"https:\/\/globalmasteraesthetics.com\/tr\/wp-json\/wp\/v2\/product\/7377","targetHints":{"allow":["GET"]}}],"collection":[{"href":"https:\/\/globalmasteraesthetics.com\/tr\/wp-json\/wp\/v2\/product"}],"about":[{"href":"https:\/\/globalmasteraesthetics.com\/tr\/wp-json\/wp\/v2\/types\/product"}],"replies":[{"embeddable":true,"href":"https:\/\/globalmasteraesthetics.com\/tr\/wp-json\/wp\/v2\/comments?post=7377"}],"version-history":[{"count":0,"href":"https:\/\/globalmasteraesthetics.com\/tr\/wp-json\/wp\/v2\/product\/7377\/revisions"}],"wp:featuredmedia":[{"embeddable":true,"href":"https:\/\/globalmasteraesthetics.com\/tr\/wp-json\/wp\/v2\/media\/5860"}],"wp:attachment":[{"href":"https:\/\/globalmasteraesthetics.com\/tr\/wp-json\/wp\/v2\/media?parent=7377"}],"wp:term":[{"taxonomy":"product_brand","embeddable":true,"href":"https:\/\/globalmasteraesthetics.com\/tr\/wp-json\/wp\/v2\/product_brand?post=7377"},{"taxonomy":"product_cat","embeddable":true,"href":"https:\/\/globalmasteraesthetics.com\/tr\/wp-json\/wp\/v2\/product_cat?post=7377"},{"taxonomy":"product_tag","embeddable":true,"href":"https:\/\/globalmasteraesthetics.com\/tr\/wp-json\/wp\/v2\/product_tag?post=7377"}],"curies":[{"name":"wp","href":"https:\/\/api.w.org\/{rel}","templated":true}]}}