{"id":7376,"date":"2025-06-17T04:08:14","date_gmt":"2025-06-17T08:08:14","guid":{"rendered":"https:\/\/globalmasteraesthetics.com\/product\/botulinum-toksini-seviye-2-gunluk-uygulamada-botulinum-toksinleri-icin-optimal-enjeksiyon-teknikleri\/"},"modified":"2025-10-26T08:13:02","modified_gmt":"2025-10-26T12:13:02","slug":"botulinum-toksini-seviye-2-gunluk-uygulamada-botulinum-toksinleri-icin-optimal-enjeksiyon-teknikleri","status":"publish","type":"product","link":"https:\/\/globalmasteraesthetics.com\/tr\/urun\/botulinum-toksini-seviye-2-gunluk-uygulamada-botulinum-toksinleri-icin-optimal-enjeksiyon-teknikleri\/","title":{"rendered":"Botulinum Toksini Seviye 2: G\u00fcnl\u00fck Uygulamada Botulinum Toksinleri i\u00e7in Optimal Enjeksiyon Teknikleri"},"content":{"rendered":"","protected":false},"excerpt":{"rendered":"<p>&#8211; Botulinum Toksininin nas\u0131l d\u00fczg\u00fcn \u015fekilde suland\u0131r\u0131laca\u011f\u0131n\u0131 \u00f6\u011frenin<\/p>\n<p>&#8211; Enjeksiyon sonu\u00e7lar\u0131n\u0131z\u0131<br \/>\noptimize etmek i\u00e7in farkl\u0131 Botulinum Toksin enjeksiyon tekniklerinden yararlan\u0131n<\/p>\n<p>&#8211; Al\u0131n \u00e7izgileri, kaz ayaklar\u0131, sigara i\u00e7enlerin \u00e7izgileri, gummy smile<br \/>\n\u00e7izgileri, a\u015fa\u011f\u0131 d\u00f6n\u00fck a\u011f\u0131z ve \u00e7ak\u0131l \u00e7enesi dahil ancak bunlarla s\u0131n\u0131rl\u0131 olmamak \u00fczere<br \/>\nt\u00fcm y\u00fcz enjeksiyon tekniklerini etkili bir \u015fekilde uygulay\u0131n<\/p>\n<p>&#8211; Botulinum Toksinini herhangi bir riskten ka\u00e7\u0131narak veya<br \/>\nolumsuz sonu\u00e7lardan ka\u00e7\u0131narak g\u00fcvenle uygulay\u0131n<\/p>\n<p>&#8211; Enjeksiyon tekniklerine genel bak\u0131\u015f<\/p>\n<h2>B\u0130Z\u0130M V\u0130ZYONUMUZ<\/h2>\n<p>Botulinum Toksin Kurslar\u0131m\u0131z, temel bilgilerden ileri enjeksiyon tekniklerine kadar estetik toksin tedavilerinin a\u00e7\u0131k, yap\u0131land\u0131r\u0131lm\u0131\u015f ve derinlemesine anla\u015f\u0131lmas\u0131n\u0131 sa\u011flamak \u00fczere tasarlanm\u0131\u015ft\u0131r. Tamamen \u00e7evrimi\u00e7i olarak sunulan bu kurslar, hasta de\u011ferlendirmesi, y\u00fcz anatomisi ve g\u00fcnl\u00fck estetik uygulamada Botulinum Toksininin g\u00fcvenli bir \u015fekilde uygulanmas\u0131 konusunda g\u00fcven kazanmak isteyen t\u0131p uzmanlar\u0131 i\u00e7in idealdir. <\/p>\n<p>Hem teori hem de ger\u00e7ek d\u00fcnya uygulamalar\u0131na odaklanan e\u011fitimimiz, \u00fcr\u00fcn se\u00e7imi ve y\u00fcz haritalamadan tam y\u00fcz tedavi planlar\u0131 ve risk y\u00f6netimine kadar her \u015feyi kapsamaktad\u0131r. Uzmanlar taraf\u0131ndan y\u00f6netilen i\u00e7erik, video g\u00f6sterimleri ve indirilebilir kaynaklar arac\u0131l\u0131\u011f\u0131yla, sizi geli\u015fen estetik t\u0131p alan\u0131nda g\u00fcvenli, etkili ve etik uygulamalara haz\u0131rlamay\u0131 ama\u00e7l\u0131yoruz. <\/p>\n","protected":false},"featured_media":5846,"comment_status":"open","ping_status":"closed","template":"","meta":{"pmpro_default_level":""},"product_brand":[],"product_cat":[271,247],"product_tag":[],"class_list":{"0":"post-7376","1":"product","2":"type-product","3":"status-publish","4":"has-post-thumbnail","6":"product_cat-botulinum-toksini","7":"product_cat-ustalik-sinifi","8":"pmpro-has-access","10":"first","11":"instock","12":"sold-individually","13":"shipping-taxable","14":"purchasable","15":"product-type-simple"},"exclude_global_add_ons":[],"addons":[],"_links":{"self":[{"href":"https:\/\/globalmasteraesthetics.com\/tr\/wp-json\/wp\/v2\/product\/7376","targetHints":{"allow":["GET"]}}],"collection":[{"href":"https:\/\/globalmasteraesthetics.com\/tr\/wp-json\/wp\/v2\/product"}],"about":[{"href":"https:\/\/globalmasteraesthetics.com\/tr\/wp-json\/wp\/v2\/types\/product"}],"replies":[{"embeddable":true,"href":"https:\/\/globalmasteraesthetics.com\/tr\/wp-json\/wp\/v2\/comments?post=7376"}],"version-history":[{"count":1,"href":"https:\/\/globalmasteraesthetics.com\/tr\/wp-json\/wp\/v2\/product\/7376\/revisions"}],"predecessor-version":[{"id":8025,"href":"https:\/\/globalmasteraesthetics.com\/tr\/wp-json\/wp\/v2\/product\/7376\/revisions\/8025"}],"wp:featuredmedia":[{"embeddable":true,"href":"https:\/\/globalmasteraesthetics.com\/tr\/wp-json\/wp\/v2\/media\/5846"}],"wp:attachment":[{"href":"https:\/\/globalmasteraesthetics.com\/tr\/wp-json\/wp\/v2\/media?parent=7376"}],"wp:term":[{"taxonomy":"product_brand","embeddable":true,"href":"https:\/\/globalmasteraesthetics.com\/tr\/wp-json\/wp\/v2\/product_brand?post=7376"},{"taxonomy":"product_cat","embeddable":true,"href":"https:\/\/globalmasteraesthetics.com\/tr\/wp-json\/wp\/v2\/product_cat?post=7376"},{"taxonomy":"product_tag","embeddable":true,"href":"https:\/\/globalmasteraesthetics.com\/tr\/wp-json\/wp\/v2\/product_tag?post=7376"}],"curies":[{"name":"wp","href":"https:\/\/api.w.org\/{rel}","templated":true}]}}