{"id":7362,"date":"2025-06-17T04:08:13","date_gmt":"2025-06-17T08:08:13","guid":{"rendered":"https:\/\/globalmasteraesthetics.com\/product\/botulinum-toksinine-giris-egitimi-online\/"},"modified":"2025-10-26T08:13:03","modified_gmt":"2025-10-26T12:13:03","slug":"botulinum-toksinine-giris-egitimi-online","status":"publish","type":"product","link":"https:\/\/globalmasteraesthetics.com\/tr\/urun\/botulinum-toksinine-giris-egitimi-online\/","title":{"rendered":"BOTULINUM TOKSI\u0307NI\u0307NE GI\u0307RI\u0307\u015e E\u011eI\u0307TI\u0307MI\u0307 ONLINE"},"content":{"rendered":"","protected":false},"excerpt":{"rendered":"<p>&#8211; Botulinum Toksini Tip A Nas\u0131l \u00c7al\u0131\u015f\u0131r?<\/p>\n<p>&#8211; Botulinum Toksini Tip A&#8217;n\u0131n Yeniden Yap\u0131land\u0131r\u0131lmas\u0131<\/p>\n<p>&#8211; \u00dcst Y\u00fcz Botoksu i\u00e7in Anatomi<\/p>\n<p>&#8211; Botulinum Toksini Tip A \u00c7e\u015fitleri<\/p>\n<p>&#8211; Botulinum Toksin Tip A kullan\u0131m\u0131n\u0131n kontrendikasyonlar\u0131<\/p>\n<p>&#8211; Botoks Hasta Bilgilendirme Formu PDF<\/p>\n<p>&#8211; Botulinum Toksini Tip A Bak\u0131m Sonras\u0131 Bro\u015f\u00fcr\u00fc PDF<\/p>\n<p>&#8211; \u00d6zet PDF<\/p>\n<p>&#8211; Botulinum Toksinine Giri\u015f S\u0131nav\u0131<\/p>\n<h2>B\u0130Z\u0130M V\u0130ZYONUMUZ<\/h2>\n<p>Online Estetik Temel Kursumuz, hevesli estetik pratisyenlerine estetik t\u0131bba g\u00fc\u00e7l\u00fc, kan\u0131ta dayal\u0131 bir giri\u015f sa\u011flamak i\u00e7in tasarlanm\u0131\u015ft\u0131r. Bu kurs, y\u00fcz anatomisi, tedavi planlamas\u0131, y\u00fcz ya\u015flanmas\u0131 ve komplikasyon y\u00f6netimini kapsayan derinlemesine mod\u00fcller ile botulinum toksini ve dermal dolgu maddelerinin g\u00fcvenli ve etkili kullan\u0131m\u0131na odaklanmaktad\u0131r. <\/p>\n<p>Bilgilerinizi peki\u015ftirmenize yard\u0131mc\u0131 olmak i\u00e7in kapsaml\u0131 teorik \u00f6\u011frenimi y\u00fcksek kaliteli video g\u00f6sterimleri, indirilebilir kaynaklar ve s\u0131navlarla birle\u015ftiriyoruz. \u0130ster yolculu\u011funuza yeni ba\u015fl\u0131yor olun, ister temel bilgilerinizi tazeliyor olun, bu kurs g\u00fcvenli, etik ve kendinden emin klinik uygulamalar\u0131n temelini atar; hepsine kendi h\u0131z\u0131n\u0131zda \u00e7evrimi\u00e7i olarak eri\u015febilirsiniz. <\/p>\n","protected":false},"featured_media":5850,"comment_status":"open","ping_status":"closed","template":"","meta":{"pmpro_default_level":""},"product_brand":[],"product_cat":[271,247],"product_tag":[],"class_list":{"0":"post-7362","1":"product","2":"type-product","3":"status-publish","4":"has-post-thumbnail","6":"product_cat-botulinum-toksini","7":"product_cat-ustalik-sinifi","8":"pmpro-has-access","10":"first","11":"instock","12":"sold-individually","13":"shipping-taxable","14":"purchasable","15":"product-type-simple"},"exclude_global_add_ons":[],"addons":[],"_links":{"self":[{"href":"https:\/\/globalmasteraesthetics.com\/tr\/wp-json\/wp\/v2\/product\/7362","targetHints":{"allow":["GET"]}}],"collection":[{"href":"https:\/\/globalmasteraesthetics.com\/tr\/wp-json\/wp\/v2\/product"}],"about":[{"href":"https:\/\/globalmasteraesthetics.com\/tr\/wp-json\/wp\/v2\/types\/product"}],"replies":[{"embeddable":true,"href":"https:\/\/globalmasteraesthetics.com\/tr\/wp-json\/wp\/v2\/comments?post=7362"}],"version-history":[{"count":1,"href":"https:\/\/globalmasteraesthetics.com\/tr\/wp-json\/wp\/v2\/product\/7362\/revisions"}],"predecessor-version":[{"id":8032,"href":"https:\/\/globalmasteraesthetics.com\/tr\/wp-json\/wp\/v2\/product\/7362\/revisions\/8032"}],"wp:featuredmedia":[{"embeddable":true,"href":"https:\/\/globalmasteraesthetics.com\/tr\/wp-json\/wp\/v2\/media\/5850"}],"wp:attachment":[{"href":"https:\/\/globalmasteraesthetics.com\/tr\/wp-json\/wp\/v2\/media?parent=7362"}],"wp:term":[{"taxonomy":"product_brand","embeddable":true,"href":"https:\/\/globalmasteraesthetics.com\/tr\/wp-json\/wp\/v2\/product_brand?post=7362"},{"taxonomy":"product_cat","embeddable":true,"href":"https:\/\/globalmasteraesthetics.com\/tr\/wp-json\/wp\/v2\/product_cat?post=7362"},{"taxonomy":"product_tag","embeddable":true,"href":"https:\/\/globalmasteraesthetics.com\/tr\/wp-json\/wp\/v2\/product_tag?post=7362"}],"curies":[{"name":"wp","href":"https:\/\/api.w.org\/{rel}","templated":true}]}}