{"id":7322,"date":"2025-06-17T04:08:09","date_gmt":"2025-06-17T08:08:09","guid":{"rendered":"https:\/\/globalmasteraesthetics.com\/product\/8-nokta-yuz-germe-egitimi\/"},"modified":"2025-10-26T08:13:47","modified_gmt":"2025-10-26T12:13:47","slug":"8-nokta-yuz-germe-egitimi","status":"publish","type":"product","link":"https:\/\/globalmasteraesthetics.com\/tr\/urun\/8-nokta-yuz-germe-egitimi\/","title":{"rendered":"8 NOKTA Y\u00dcZ GERME E\u011eITIMI"},"content":{"rendered":"","protected":false},"excerpt":{"rendered":"<p>&#8211; Y\u00fcz Ya\u015flanmas\u0131<br \/>\n&#8211; Kan\u00fcl Teknikleri<br \/>\n&#8211; Komplikasyonlar<br \/>\n&#8211; \u00dcr\u00fcn ve Hasta Se\u00e7imi<br \/>\n&#8211; 8 Nokta Y\u00fcz Germe tan\u0131t\u0131m videosu<br \/>\n&#8211; \u0130ndirilebilir PDF&#8217;ler<br \/>\n&#8211; Bilginizi test etmek i\u00e7in s\u0131nav<br \/>\n&#8211; Ba\u015far\u0131l\u0131 tamamlama sertifikas\u0131<\/p>\n<h2><strong>B\u0130Z\u0130M V\u0130ZYONUMUZ<\/strong><\/h2>\n<p>Advanced Aesthetic Courses olarak, y\u00fcksek kaliteli \u00e7evrimi\u00e7i e\u011fitim yoluyla estetik uygulay\u0131c\u0131lar\u0131n\u0131 kapsaml\u0131 ve g\u00fcncel bilgilerle donatmaya kendimizi adad\u0131k. Kurslar\u0131m\u0131z dudaklar, yanaklar, \u00e7ene hatt\u0131, \u015fakaklar ve daha fazlas\u0131 i\u00e7in toksin ve dermal dolgu tedavileri dahil olmak \u00fczere geli\u015fmi\u015f enjekte edilebilir tekniklere odaklanmaktad\u0131r. Kendinden emin, g\u00fcvenli ve bilin\u00e7li klinik uygulamay\u0131 desteklemek i\u00e7in derinlemesine teori, hasta de\u011ferlendirme stratejileri ve video g\u00f6sterimlerini bir araya getiriyoruz. Her kurs indirilebilir materyaller, tedavi protokolleri ve ba\u015far\u0131yla tamamland\u0131\u011f\u0131nda bir sertifika i\u00e7erir. \u0130ster becerilerinizi geli\u015ftiriyor ister tedavi portf\u00f6y\u00fcn\u00fcz\u00fc geni\u015fletiyor olun, b\u00fcy\u00fcmenizi desteklemek i\u00e7in buraday\u0131z &#8211; program\u0131n\u0131za g\u00f6re, istedi\u011finiz yerden    <\/p>\n","protected":false},"featured_media":5842,"comment_status":"open","ping_status":"closed","template":"","meta":{"pmpro_default_level":""},"product_brand":[],"product_cat":[247,260],"product_tag":[],"class_list":{"0":"post-7322","1":"product","2":"type-product","3":"status-publish","4":"has-post-thumbnail","6":"product_cat-ustalik-sinifi","7":"product_cat-yuz-germe","8":"pmpro-has-access","10":"first","11":"instock","12":"sold-individually","13":"shipping-taxable","14":"purchasable","15":"product-type-simple"},"exclude_global_add_ons":[],"addons":[],"_links":{"self":[{"href":"https:\/\/globalmasteraesthetics.com\/tr\/wp-json\/wp\/v2\/product\/7322","targetHints":{"allow":["GET"]}}],"collection":[{"href":"https:\/\/globalmasteraesthetics.com\/tr\/wp-json\/wp\/v2\/product"}],"about":[{"href":"https:\/\/globalmasteraesthetics.com\/tr\/wp-json\/wp\/v2\/types\/product"}],"replies":[{"embeddable":true,"href":"https:\/\/globalmasteraesthetics.com\/tr\/wp-json\/wp\/v2\/comments?post=7322"}],"version-history":[{"count":1,"href":"https:\/\/globalmasteraesthetics.com\/tr\/wp-json\/wp\/v2\/product\/7322\/revisions"}],"predecessor-version":[{"id":8143,"href":"https:\/\/globalmasteraesthetics.com\/tr\/wp-json\/wp\/v2\/product\/7322\/revisions\/8143"}],"wp:featuredmedia":[{"embeddable":true,"href":"https:\/\/globalmasteraesthetics.com\/tr\/wp-json\/wp\/v2\/media\/5842"}],"wp:attachment":[{"href":"https:\/\/globalmasteraesthetics.com\/tr\/wp-json\/wp\/v2\/media?parent=7322"}],"wp:term":[{"taxonomy":"product_brand","embeddable":true,"href":"https:\/\/globalmasteraesthetics.com\/tr\/wp-json\/wp\/v2\/product_brand?post=7322"},{"taxonomy":"product_cat","embeddable":true,"href":"https:\/\/globalmasteraesthetics.com\/tr\/wp-json\/wp\/v2\/product_cat?post=7322"},{"taxonomy":"product_tag","embeddable":true,"href":"https:\/\/globalmasteraesthetics.com\/tr\/wp-json\/wp\/v2\/product_tag?post=7322"}],"curies":[{"name":"wp","href":"https:\/\/api.w.org\/{rel}","templated":true}]}}