{"id":7300,"date":"2025-06-17T04:08:07","date_gmt":"2025-06-17T08:08:07","guid":{"rendered":"https:\/\/globalmasteraesthetics.com\/product\/online-temel-egitim\/"},"modified":"2025-10-26T08:10:23","modified_gmt":"2025-10-26T12:10:23","slug":"online-temel-egitim","status":"publish","type":"product","link":"https:\/\/globalmasteraesthetics.com\/tr\/urun\/online-temel-egitim\/","title":{"rendered":"ONLINE TEMEL E\u011eI\u0307TI\u0307M"},"content":{"rendered":"","protected":false},"excerpt":{"rendered":"<ul>\n<li><strong>Kurs \u00d6ncesi Materyal<\/strong><\/li>\n<\/ul>\n<ol>\n<li>\u00c7evrimi\u00e7i Temel E\u011fitimimize ilk ad\u0131m\u0131n\u0131z, size neler olaca\u011f\u0131na dair<br \/>\ngenel bir bak\u0131\u015f sa\u011flamak i\u00e7in kurs \u00f6ncesi materyalimizdir.<\/li>\n<li>Kurs \u00d6ncesi Materyallere Genel Bak\u0131\u015f<\/li>\n<li>Botoks Yeniden Yap\u0131land\u0131rma Videosu<\/li>\n<li>\u00dcst Y\u00fcz Botoksu i\u00e7in Anatomi<\/li>\n<li>Botulinum Toksin Tedavisi Sonras\u0131 Bak\u0131m<\/li>\n<li>Temel Botoks E\u011fitimi: S\u0131nav<\/li>\n<li>Dermal Dolgu Tedavisi i\u00e7in Anatomi<\/li>\n<li>Dermal Dolgu Tedavisi Sonras\u0131 Bak\u0131m<\/li>\n<li>Temel Dermal Dolgu E\u011fitimi: S\u0131nav<\/li>\n<\/ol>\n<ul>\n<li><strong>Temel Botoks E\u011fitimi<\/strong><\/li>\n<\/ul>\n<ol>\n<li>Online Foundation kursumuzun bu b\u00f6l\u00fcm\u00fc, yeniden yap\u0131land\u0131rma,<br \/>\nanatomi ve bak\u0131m sonras\u0131 dahil olmak \u00fczere temel Botoks&#8217;a odaklanmaktad\u0131r.<\/li>\n<li>Foundation Botox Sunumuna Genel Bak\u0131\u015f<\/li>\n<li>Temel Botoks Sunumu B\u00f6l\u00fcm 1<\/li>\n<li>Temel Botoks Sunumu B\u00f6l\u00fcm 2<\/li>\n<\/ol>\n<ul>\n<li>Y\u00fcz Ya\u015flanmas\u0131 ve De\u011ferlendirilmesi<\/li>\n<\/ul>\n<ol>\n<li>Y\u00fcz Ya\u015flanmas\u0131n\u0131n Statik ve Dinamik Fizyolojisi<\/li>\n<li>Y\u00fcz Ya\u015flanmas\u0131 Sunumuna Genel Bak\u0131\u015f<\/li>\n<li>Temel Y\u00fcz Ya\u015flanmas\u0131 ve De\u011ferlendirme Sunumu<\/li>\n<\/ol>\n<ul>\n<li>Temel Dermal Dolgu e\u011fitimi<\/li>\n<\/ul>\n<ol>\n<li>Online Foundation e\u011fitimimizin bu b\u00f6l\u00fcm\u00fc, a\u011f\u0131z \u00e7evresindeki tedaviye odaklanarak<br \/>\nestetikte dermal dolgunun temel kullan\u0131m\u0131n\u0131 ele almaktad\u0131r.<\/li>\n<li>Foundation Dermal Filler Sunumuna Genel Bak\u0131\u015f<\/li>\n<li>Foundation Dermal Filler Sunumu<\/li>\n<li>Kan\u00fcl ile a\u011f\u0131z \u00e7evresi dolgu demosu<br \/>\n<h2>B\u0130Z\u0130M V\u0130ZYONUMUZ<\/h2>\n<p>Online Estetik Temel Kursumuz, hevesli estetik pratisyenlerine estetik t\u0131bba g\u00fc\u00e7l\u00fc, kan\u0131ta dayal\u0131 bir giri\u015f sa\u011flamak i\u00e7in tasarlanm\u0131\u015ft\u0131r. Bu kurs, y\u00fcz anatomisi, tedavi planlamas\u0131, y\u00fcz ya\u015flanmas\u0131 ve komplikasyon y\u00f6netimini kapsayan derinlemesine mod\u00fcller ile botulinum toksini ve dermal dolgu maddelerinin g\u00fcvenli ve etkili kullan\u0131m\u0131na odaklanmaktad\u0131r. <\/p>\n<p>Bilgilerinizi peki\u015ftirmenize yard\u0131mc\u0131 olmak i\u00e7in kapsaml\u0131 teorik \u00f6\u011frenimi y\u00fcksek kaliteli video g\u00f6sterimleri, indirilebilir kaynaklar ve s\u0131navlarla birle\u015ftiriyoruz. \u0130ster yolculu\u011funuza yeni ba\u015fl\u0131yor olun, ister temel bilgilerinizi tazeliyor olun, bu kurs g\u00fcvenli, etik ve kendinden emin klinik uygulamalar\u0131n temelini atar; hepsine kendi h\u0131z\u0131n\u0131zda \u00e7evrimi\u00e7i olarak eri\u015febilirsiniz. <\/li>\n<\/ol>\n","protected":false},"featured_media":5849,"comment_status":"open","ping_status":"closed","template":"","meta":{"pmpro_default_level":""},"product_brand":[],"product_cat":[225,247],"product_tag":[],"class_list":{"0":"post-7300","1":"product","2":"type-product","3":"status-publish","4":"has-post-thumbnail","6":"product_cat-uncategorized-tr","7":"product_cat-ustalik-sinifi","8":"pmpro-has-access","10":"first","11":"instock","12":"sold-individually","13":"shipping-taxable","14":"purchasable","15":"product-type-simple"},"exclude_global_add_ons":[],"addons":[],"_links":{"self":[{"href":"https:\/\/globalmasteraesthetics.com\/tr\/wp-json\/wp\/v2\/product\/7300","targetHints":{"allow":["GET"]}}],"collection":[{"href":"https:\/\/globalmasteraesthetics.com\/tr\/wp-json\/wp\/v2\/product"}],"about":[{"href":"https:\/\/globalmasteraesthetics.com\/tr\/wp-json\/wp\/v2\/types\/product"}],"replies":[{"embeddable":true,"href":"https:\/\/globalmasteraesthetics.com\/tr\/wp-json\/wp\/v2\/comments?post=7300"}],"version-history":[{"count":1,"href":"https:\/\/globalmasteraesthetics.com\/tr\/wp-json\/wp\/v2\/product\/7300\/revisions"}],"predecessor-version":[{"id":7688,"href":"https:\/\/globalmasteraesthetics.com\/tr\/wp-json\/wp\/v2\/product\/7300\/revisions\/7688"}],"wp:featuredmedia":[{"embeddable":true,"href":"https:\/\/globalmasteraesthetics.com\/tr\/wp-json\/wp\/v2\/media\/5849"}],"wp:attachment":[{"href":"https:\/\/globalmasteraesthetics.com\/tr\/wp-json\/wp\/v2\/media?parent=7300"}],"wp:term":[{"taxonomy":"product_brand","embeddable":true,"href":"https:\/\/globalmasteraesthetics.com\/tr\/wp-json\/wp\/v2\/product_brand?post=7300"},{"taxonomy":"product_cat","embeddable":true,"href":"https:\/\/globalmasteraesthetics.com\/tr\/wp-json\/wp\/v2\/product_cat?post=7300"},{"taxonomy":"product_tag","embeddable":true,"href":"https:\/\/globalmasteraesthetics.com\/tr\/wp-json\/wp\/v2\/product_tag?post=7300"}],"curies":[{"name":"wp","href":"https:\/\/api.w.org\/{rel}","templated":true}]}}