{"id":8662,"date":"2025-04-23T14:04:31","date_gmt":"2025-04-23T18:04:31","guid":{"rendered":"https:\/\/globalmasteraesthetics.com\/kullanici-hesabi\/"},"modified":"2025-10-26T09:49:57","modified_gmt":"2025-10-26T13:49:57","slug":"kullanici-hesabi","status":"publish","type":"page","link":"https:\/\/globalmasteraesthetics.com\/tr\/kullanici-hesabi\/","title":{"rendered":"Kullan\u0131c\u0131 Hesab\u0131"},"content":{"rendered":"","protected":false},"excerpt":{"rendered":"","protected":false},"author":1,"featured_media":0,"parent":0,"menu_order":0,"comment_status":"closed","ping_status":"closed","template":"","meta":{"pmpro_default_level":"","footnotes":""},"class_list":["post-8662","page","type-page","status-publish","hentry","pmpro-has-access"],"_links":{"self":[{"href":"https:\/\/globalmasteraesthetics.com\/tr\/wp-json\/wp\/v2\/pages\/8662","targetHints":{"allow":["GET"]}}],"collection":[{"href":"https:\/\/globalmasteraesthetics.com\/tr\/wp-json\/wp\/v2\/pages"}],"about":[{"href":"https:\/\/globalmasteraesthetics.com\/tr\/wp-json\/wp\/v2\/types\/page"}],"author":[{"embeddable":true,"href":"https:\/\/globalmasteraesthetics.com\/tr\/wp-json\/wp\/v2\/users\/1"}],"replies":[{"embeddable":true,"href":"https:\/\/globalmasteraesthetics.com\/tr\/wp-json\/wp\/v2\/comments?post=8662"}],"version-history":[{"count":1,"href":"https:\/\/globalmasteraesthetics.com\/tr\/wp-json\/wp\/v2\/pages\/8662\/revisions"}],"predecessor-version":[{"id":8663,"href":"https:\/\/globalmasteraesthetics.com\/tr\/wp-json\/wp\/v2\/pages\/8662\/revisions\/8663"}],"wp:attachment":[{"href":"https:\/\/globalmasteraesthetics.com\/tr\/wp-json\/wp\/v2\/media?parent=8662"}],"curies":[{"name":"wp","href":"https:\/\/api.w.org\/{rel}","templated":true}]}}