{"id":7465,"date":"2025-06-17T03:07:39","date_gmt":"2025-06-17T07:07:39","guid":{"rendered":"https:\/\/globalmasteraesthetics.com\/product\/contenu-du-cours-de-mesotherapie\/"},"modified":"2025-10-26T08:12:00","modified_gmt":"2025-10-26T12:12:00","slug":"contenu-du-cours-de-mesotherapie","status":"publish","type":"product","link":"https:\/\/globalmasteraesthetics.com\/fr\/produit\/contenu-du-cours-de-mesotherapie\/","title":{"rendered":"Contenu du cours de m\u00e9soth\u00e9rapie"},"content":{"rendered":"","protected":false},"excerpt":{"rendered":"<p><strong>Principes et bases de la m\u00e9soth\u00e9rapie<\/strong><\/p>\n<ul>\n<li>D\u00e9finition de la m\u00e9soth\u00e9rapie et de son r\u00f4le en m\u00e9decine et en esth\u00e9tique<\/li>\n<li>Examen des avantages, des effets secondaires, des complications et des r\u00e9sultats de la m\u00e9soth\u00e9rapie<\/li>\n<li>Introduction \u00e0 l&rsquo;\u00e9quipement, au mat\u00e9riel et aux dispositifs associ\u00e9s n\u00e9cessaires \u00e0 la m\u00e9soth\u00e9rapie<\/li>\n<li>Indications et contre-indications de la m\u00e9soth\u00e9rapie<\/li>\n<li>Strat\u00e9gies de consultation et de s\u00e9lection des candidats appropri\u00e9s (s\u00e9lection de cas)<\/li>\n<li>Directives concernant la pr\u00e9paration avant l&rsquo;intervention et les soins apr\u00e8s l&rsquo;intervention<\/li>\n<\/ul>\n<p><strong>Techniques d&rsquo;injection en m\u00e9soth\u00e9rapie  <\/strong><\/p>\n<ul>\n<li>Comprendre l&rsquo;anatomie de la peau<\/li>\n<li>Familiarit\u00e9 avec les diff\u00e9rentes techniques d&rsquo;injection manuelle en m\u00e9soth\u00e9rapie esth\u00e9tique<\/li>\n<li>Exploration des applications des diff\u00e9rentes techniques d&rsquo;injection en m\u00e9soth\u00e9rapie<\/li>\n<\/ul>\n<p><strong> <\/strong><\/p>\n<p><strong> <\/strong><\/p>\n<p><strong> <\/strong><\/p>\n<p><strong>M\u00e9soth\u00e9rapie pour diff\u00e9rentes zones  <\/strong><\/p>\n<ul>\n<li>M\u00e9soth\u00e9rapie pour la perte de cheveux<\/li>\n<li>M\u00e9soth\u00e9rapie pour le rajeunissement du visage, du cou et du d\u00e9collet\u00e9<\/li>\n<li>M\u00e9soth\u00e9rapie pour les l\u00e9sions hyperpigment\u00e9es<\/li>\n<li>M\u00e9soth\u00e9rapie pour les probl\u00e8mes p\u00e9riorbitaires<\/li>\n<li>M\u00e9soth\u00e9rapie pour la r\u00e9duction localis\u00e9e de la graisse, de la cellulite et du double menton<\/li>\n<li>Instructions g\u00e9n\u00e9rales d&rsquo;entretien apr\u00e8s pelage<\/li>\n<\/ul>\n","protected":false},"featured_media":5857,"comment_status":"open","ping_status":"closed","template":"","meta":{"pmpro_default_level":""},"product_brand":[],"product_cat":[226,275],"product_tag":[],"class_list":{"0":"post-7465","1":"product","2":"type-product","3":"status-publish","4":"has-post-thumbnail","6":"product_cat-cours-de-maitre","7":"product_cat-mesotherapie-fr","8":"pmpro-has-access","10":"first","11":"instock","12":"sold-individually","13":"shipping-taxable","14":"purchasable","15":"product-type-simple"},"exclude_global_add_ons":[],"addons":[],"_links":{"self":[{"href":"https:\/\/globalmasteraesthetics.com\/fr\/wp-json\/wp\/v2\/product\/7465","targetHints":{"allow":["GET"]}}],"collection":[{"href":"https:\/\/globalmasteraesthetics.com\/fr\/wp-json\/wp\/v2\/product"}],"about":[{"href":"https:\/\/globalmasteraesthetics.com\/fr\/wp-json\/wp\/v2\/types\/product"}],"replies":[{"embeddable":true,"href":"https:\/\/globalmasteraesthetics.com\/fr\/wp-json\/wp\/v2\/comments?post=7465"}],"version-history":[{"count":1,"href":"https:\/\/globalmasteraesthetics.com\/fr\/wp-json\/wp\/v2\/product\/7465\/revisions"}],"predecessor-version":[{"id":7948,"href":"https:\/\/globalmasteraesthetics.com\/fr\/wp-json\/wp\/v2\/product\/7465\/revisions\/7948"}],"wp:featuredmedia":[{"embeddable":true,"href":"https:\/\/globalmasteraesthetics.com\/fr\/wp-json\/wp\/v2\/media\/5857"}],"wp:attachment":[{"href":"https:\/\/globalmasteraesthetics.com\/fr\/wp-json\/wp\/v2\/media?parent=7465"}],"wp:term":[{"taxonomy":"product_brand","embeddable":true,"href":"https:\/\/globalmasteraesthetics.com\/fr\/wp-json\/wp\/v2\/product_brand?post=7465"},{"taxonomy":"product_cat","embeddable":true,"href":"https:\/\/globalmasteraesthetics.com\/fr\/wp-json\/wp\/v2\/product_cat?post=7465"},{"taxonomy":"product_tag","embeddable":true,"href":"https:\/\/globalmasteraesthetics.com\/fr\/wp-json\/wp\/v2\/product_tag?post=7465"}],"curies":[{"name":"wp","href":"https:\/\/api.w.org\/{rel}","templated":true}]}}