{"id":7457,"date":"2025-06-17T03:35:44","date_gmt":"2025-06-17T07:35:44","guid":{"rendered":"https:\/\/globalmasteraesthetics.com\/product\/formation-aux-complications-esthetiques\/"},"modified":"2025-10-26T08:11:35","modified_gmt":"2025-10-26T12:11:35","slug":"formation-aux-complications-esthetiques","status":"publish","type":"product","link":"https:\/\/globalmasteraesthetics.com\/fr\/produit\/formation-aux-complications-esthetiques\/","title":{"rendered":"FORMATION AUX COMPLICATIONS ESTH\u00c9TIQUES"},"content":{"rendered":"","protected":false},"excerpt":{"rendered":"<ul>\n<li data-start=\"38\" data-end=\"78\">\n<p data-start=\"40\" data-end=\"78\">Pr\u00e9sentation des complications esth\u00e9tiques<\/p>\n<\/li>\n<li data-start=\"79\" data-end=\"102\">\n<p data-start=\"81\" data-end=\"102\">Vid\u00e9o sur les complications<\/p>\n<\/li>\n<li data-start=\"103\" data-end=\"137\">\n<p data-start=\"105\" data-end=\"137\">Mise en \u00e9vidence de l&rsquo;hyaluronidase<\/p>\n<\/li>\n<li data-start=\"138\" data-end=\"162\">\n<p data-start=\"140\" data-end=\"162\">Utilisation de l&rsquo;hyaluronidase<\/p>\n<\/li>\n<li data-start=\"163\" data-end=\"184\">\n<p data-start=\"165\" data-end=\"184\">Contr\u00f4le des infections<\/p>\n<\/li>\n<li data-start=\"185\" data-end=\"260\">\n<p data-start=\"187\" data-end=\"260\">Pr\u00e9vention et traitement des nodules et granulomes pr\u00e9coces et tardifs<\/p>\n<\/li>\n<li data-start=\"261\" data-end=\"313\">\n<p data-start=\"263\" data-end=\"313\">Conseil de r\u00e9animation &#8211; Reconnaissance des anaphylaxies<\/p>\n<\/li>\n<li data-start=\"314\" data-end=\"334\" data-is-last-node=\"\">\n<p data-start=\"316\" data-end=\"334\" data-is-last-node=\"\">Quiz de fin de cours<\/p>\n<h2>NOTRE VISION<\/h2>\n<p>Notre cours de base en ligne sur l&rsquo;esth\u00e9tique est con\u00e7u pour fournir aux futurs praticiens de l&rsquo;esth\u00e9tique une introduction solide et fond\u00e9e sur des preuves \u00e0 la m\u00e9decine esth\u00e9tique. Ce cours se concentre sur l&rsquo;utilisation s\u00fbre et efficace de la toxine botulique et des produits de comblement dermique, avec des modules approfondis couvrant l&rsquo;anatomie du visage, la planification du traitement, le vieillissement du visage et la gestion des complications. <\/p>\n<p>Nous combinons un apprentissage th\u00e9orique complet avec des d\u00e9monstrations vid\u00e9o de haute qualit\u00e9, des ressources t\u00e9l\u00e9chargeables et des quiz pour vous aider \u00e0 renforcer vos connaissances. Que vous commenciez votre parcours ou que vous rafra\u00eechissiez vos bases, ce cours pose les jalons d&rsquo;une pratique clinique s\u00fbre, \u00e9thique et confiante &#8211; le tout accessible en ligne, \u00e0 votre propre rythme. <\/li>\n<\/ul>\n","protected":false},"featured_media":5852,"comment_status":"open","ping_status":"closed","template":"","meta":{"pmpro_default_level":""},"product_brand":[],"product_cat":[226,220],"product_tag":[],"class_list":{"0":"post-7457","1":"product","2":"type-product","3":"status-publish","4":"has-post-thumbnail","6":"product_cat-cours-de-maitre","7":"product_cat-non-categorise","8":"pmpro-has-access","10":"first","11":"instock","12":"sold-individually","13":"shipping-taxable","14":"purchasable","15":"product-type-simple"},"exclude_global_add_ons":[],"addons":[],"_links":{"self":[{"href":"https:\/\/globalmasteraesthetics.com\/fr\/wp-json\/wp\/v2\/product\/7457","targetHints":{"allow":["GET"]}}],"collection":[{"href":"https:\/\/globalmasteraesthetics.com\/fr\/wp-json\/wp\/v2\/product"}],"about":[{"href":"https:\/\/globalmasteraesthetics.com\/fr\/wp-json\/wp\/v2\/types\/product"}],"replies":[{"embeddable":true,"href":"https:\/\/globalmasteraesthetics.com\/fr\/wp-json\/wp\/v2\/comments?post=7457"}],"version-history":[{"count":1,"href":"https:\/\/globalmasteraesthetics.com\/fr\/wp-json\/wp\/v2\/product\/7457\/revisions"}],"predecessor-version":[{"id":7884,"href":"https:\/\/globalmasteraesthetics.com\/fr\/wp-json\/wp\/v2\/product\/7457\/revisions\/7884"}],"wp:featuredmedia":[{"embeddable":true,"href":"https:\/\/globalmasteraesthetics.com\/fr\/wp-json\/wp\/v2\/media\/5852"}],"wp:attachment":[{"href":"https:\/\/globalmasteraesthetics.com\/fr\/wp-json\/wp\/v2\/media?parent=7457"}],"wp:term":[{"taxonomy":"product_brand","embeddable":true,"href":"https:\/\/globalmasteraesthetics.com\/fr\/wp-json\/wp\/v2\/product_brand?post=7457"},{"taxonomy":"product_cat","embeddable":true,"href":"https:\/\/globalmasteraesthetics.com\/fr\/wp-json\/wp\/v2\/product_cat?post=7457"},{"taxonomy":"product_tag","embeddable":true,"href":"https:\/\/globalmasteraesthetics.com\/fr\/wp-json\/wp\/v2\/product_tag?post=7457"}],"curies":[{"name":"wp","href":"https:\/\/api.w.org\/{rel}","templated":true}]}}