{"id":7438,"date":"2025-06-17T04:08:07","date_gmt":"2025-06-17T08:08:07","guid":{"rendered":"https:\/\/globalmasteraesthetics.com\/product\/formation-en-ligne-sur-les-fondations\/"},"modified":"2025-10-26T08:10:30","modified_gmt":"2025-10-26T12:10:30","slug":"formation-en-ligne-sur-les-fondations","status":"publish","type":"product","link":"https:\/\/globalmasteraesthetics.com\/fr\/produit\/formation-en-ligne-sur-les-fondations\/","title":{"rendered":"FORMATION EN LIGNE SUR LES FONDATIONS"},"content":{"rendered":"","protected":false},"excerpt":{"rendered":"<ul>\n<li><strong>Mat\u00e9riel de pr\u00e9paration au cours<\/strong><\/li>\n<\/ul>\n<ol>\n<li>La premi\u00e8re \u00e9tape de notre formation en ligne sur les fondations est notre mat\u00e9riel de pr\u00e9-cours qui vous donne une vue d&rsquo;ensemble de ce qui vous attend \u00e0 l&rsquo;adresse<br \/>\n.<\/li>\n<li>Vue d&rsquo;ensemble du mat\u00e9riel de pr\u00e9-cours<\/li>\n<li>Vid\u00e9o sur la reconstitution du Botox<\/li>\n<li>Anatomie du Botox pour la partie sup\u00e9rieure du visage<\/li>\n<li>Soins apr\u00e8s un traitement \u00e0 la toxine botulique<\/li>\n<li>Formation de base au Botox : Quiz<\/li>\n<li>Anatomie du traitement de comblement dermique<\/li>\n<li>Soins apr\u00e8s un traitement de comblement dermique<\/li>\n<li>Formation sur le comblement dermique de base : Quiz<\/li>\n<\/ol>\n<ul>\n<li><strong>Fondation Formation Botox<\/strong><\/li>\n<\/ul>\n<ol>\n<li>Cette section de notre cours de base en ligne se concentre sur les bases du Botox, y compris la reconstitution,<br \/>\nl&rsquo;anatomie et les soins ult\u00e9rieurs.<\/li>\n<li>Pr\u00e9sentation de la Fondation Botox<\/li>\n<li>Pr\u00e9sentation de la Fondation Botox Partie 1<\/li>\n<li>Pr\u00e9sentation de la Fondation Botox Partie 2<\/li>\n<\/ol>\n<ul>\n<li>Vieillissement du visage et \u00e9valuation<\/li>\n<\/ul>\n<ol>\n<li>Physiologie statique et dynamique du vieillissement facial<\/li>\n<li>Pr\u00e9sentation sur le vieillissement du visage<\/li>\n<li>Pr\u00e9sentation sur le vieillissement et l&rsquo;\u00e9valuation du visage de la Fondation<\/li>\n<\/ol>\n<ul>\n<li>Formation Foundation Dermal Filler<\/li>\n<\/ul>\n<ol>\n<li>Cette partie de notre formation en ligne Foundation vous pr\u00e9sente l&rsquo;utilisation de base des produits de comblement dermique dans le cadre de l&rsquo;esth\u00e9tique<br \/>\n, en mettant l&rsquo;accent sur le traitement du contour de la bouche.<\/li>\n<li>Pr\u00e9sentation du produit de comblement dermique Foundation<\/li>\n<li>Pr\u00e9sentation de la Fondation Dermal Filler<\/li>\n<li>Filler autour de la bouche d\u00e9mo avec canule<br \/>\n<h2>NOTRE VISION<\/h2>\n<p>Notre cours de base en ligne sur l&rsquo;esth\u00e9tique est con\u00e7u pour fournir aux futurs praticiens de l&rsquo;esth\u00e9tique une introduction solide et fond\u00e9e sur des preuves \u00e0 la m\u00e9decine esth\u00e9tique. Ce cours se concentre sur l&rsquo;utilisation s\u00fbre et efficace de la toxine botulique et des produits de comblement dermique, avec des modules approfondis couvrant l&rsquo;anatomie du visage, la planification du traitement, le vieillissement du visage et la gestion des complications. <\/p>\n<p>Nous combinons un apprentissage th\u00e9orique complet avec des d\u00e9monstrations vid\u00e9o de haute qualit\u00e9, des ressources t\u00e9l\u00e9chargeables et des quiz pour vous aider \u00e0 renforcer vos connaissances. Que vous commenciez votre parcours ou que vous rafra\u00eechissiez vos bases, ce cours pose les jalons d&rsquo;une pratique clinique s\u00fbre, \u00e9thique et confiante &#8211; le tout accessible en ligne, \u00e0 votre propre rythme. <\/li>\n<\/ol>\n","protected":false},"featured_media":5849,"comment_status":"open","ping_status":"closed","template":"","meta":{"pmpro_default_level":""},"product_brand":[],"product_cat":[226,220],"product_tag":[],"class_list":{"0":"post-7438","1":"product","2":"type-product","3":"status-publish","4":"has-post-thumbnail","6":"product_cat-cours-de-maitre","7":"product_cat-non-categorise","8":"pmpro-has-access","10":"first","11":"instock","12":"sold-individually","13":"shipping-taxable","14":"purchasable","15":"product-type-simple"},"exclude_global_add_ons":[],"addons":[],"_links":{"self":[{"href":"https:\/\/globalmasteraesthetics.com\/fr\/wp-json\/wp\/v2\/product\/7438","targetHints":{"allow":["GET"]}}],"collection":[{"href":"https:\/\/globalmasteraesthetics.com\/fr\/wp-json\/wp\/v2\/product"}],"about":[{"href":"https:\/\/globalmasteraesthetics.com\/fr\/wp-json\/wp\/v2\/types\/product"}],"replies":[{"embeddable":true,"href":"https:\/\/globalmasteraesthetics.com\/fr\/wp-json\/wp\/v2\/comments?post=7438"}],"version-history":[{"count":1,"href":"https:\/\/globalmasteraesthetics.com\/fr\/wp-json\/wp\/v2\/product\/7438\/revisions"}],"predecessor-version":[{"id":7708,"href":"https:\/\/globalmasteraesthetics.com\/fr\/wp-json\/wp\/v2\/product\/7438\/revisions\/7708"}],"wp:featuredmedia":[{"embeddable":true,"href":"https:\/\/globalmasteraesthetics.com\/fr\/wp-json\/wp\/v2\/media\/5849"}],"wp:attachment":[{"href":"https:\/\/globalmasteraesthetics.com\/fr\/wp-json\/wp\/v2\/media?parent=7438"}],"wp:term":[{"taxonomy":"product_brand","embeddable":true,"href":"https:\/\/globalmasteraesthetics.com\/fr\/wp-json\/wp\/v2\/product_brand?post=7438"},{"taxonomy":"product_cat","embeddable":true,"href":"https:\/\/globalmasteraesthetics.com\/fr\/wp-json\/wp\/v2\/product_cat?post=7438"},{"taxonomy":"product_tag","embeddable":true,"href":"https:\/\/globalmasteraesthetics.com\/fr\/wp-json\/wp\/v2\/product_tag?post=7438"}],"curies":[{"name":"wp","href":"https:\/\/api.w.org\/{rel}","templated":true}]}}