{"id":7407,"date":"2025-06-17T04:08:15","date_gmt":"2025-06-17T08:08:15","guid":{"rendered":"https:\/\/globalmasteraesthetics.com\/product\/une-introduction-a-la-formation-sur-les-produits-de-comblement-dermique-2\/"},"modified":"2025-10-26T08:12:55","modified_gmt":"2025-10-26T12:12:55","slug":"une-introduction-a-la-formation-sur-les-produits-de-comblement-dermique-2","status":"publish","type":"product","link":"https:\/\/globalmasteraesthetics.com\/fr\/produit\/une-introduction-a-la-formation-sur-les-produits-de-comblement-dermique-2\/","title":{"rendered":"UNE INTRODUCTION \u00c0 LA FORMATION SUR LES PRODUITS DE COMBLEMENT DERMIQUE"},"content":{"rendered":"","protected":false},"excerpt":{"rendered":"<p>&#8211; Introduction au cours<\/p>\n<p>&#8211; Comment fonctionnent les produits de comblement dermique ?<\/p>\n<p>&#8211; Choisir le bon produit de comblement dermique<\/p>\n<p>&#8211; Choix du produit de remplissage<\/p>\n<p>&#8211; Contre-indications aux produits de comblement dermique<\/p>\n<p>&#8211; Informations sur les produits de comblement dermique<\/p>\n<p>&#8211; L&rsquo;utilisation de l&rsquo;hyaluronidase<\/p>\n<p>&#8211; Brochure de suivi<\/p>\n<p>&#8211; R\u00e9sum\u00e9 PDF<\/p>\n<p>-Quiz d&rsquo;introduction aux produits de comblement pour le derme \u00a375<\/p>\n<h2>NOTRE VISION<\/h2>\n<p>Notre cours de base en ligne sur l&rsquo;esth\u00e9tique est con\u00e7u pour fournir aux futurs praticiens de l&rsquo;esth\u00e9tique une introduction solide et fond\u00e9e sur des preuves \u00e0 la m\u00e9decine esth\u00e9tique. Ce cours se concentre sur l&rsquo;utilisation s\u00fbre et efficace de la toxine botulique et des produits de comblement dermique, avec des modules approfondis couvrant l&rsquo;anatomie du visage, la planification du traitement, le vieillissement du visage et la gestion des complications. <\/p>\n<p>Nous combinons un apprentissage th\u00e9orique complet avec des d\u00e9monstrations vid\u00e9o de haute qualit\u00e9, des ressources t\u00e9l\u00e9chargeables et des quiz pour vous aider \u00e0 renforcer vos connaissances. Que vous commenciez votre parcours ou que vous rafra\u00eechissiez vos bases, ce cours pose les jalons d&rsquo;une pratique clinique s\u00fbre, \u00e9thique et confiante &#8211; le tout accessible en ligne, \u00e0 votre propre rythme. <\/p>\n","protected":false},"featured_media":5851,"comment_status":"open","ping_status":"closed","template":"","meta":{"pmpro_default_level":""},"product_brand":[],"product_cat":[226],"product_tag":[],"class_list":{"0":"post-7407","1":"product","2":"type-product","3":"status-publish","4":"has-post-thumbnail","6":"product_cat-cours-de-maitre","7":"pmpro-has-access","9":"first","10":"instock","11":"sold-individually","12":"shipping-taxable","13":"purchasable","14":"product-type-simple"},"exclude_global_add_ons":[],"addons":[],"_links":{"self":[{"href":"https:\/\/globalmasteraesthetics.com\/fr\/wp-json\/wp\/v2\/product\/7407","targetHints":{"allow":["GET"]}}],"collection":[{"href":"https:\/\/globalmasteraesthetics.com\/fr\/wp-json\/wp\/v2\/product"}],"about":[{"href":"https:\/\/globalmasteraesthetics.com\/fr\/wp-json\/wp\/v2\/types\/product"}],"replies":[{"embeddable":true,"href":"https:\/\/globalmasteraesthetics.com\/fr\/wp-json\/wp\/v2\/comments?post=7407"}],"version-history":[{"count":1,"href":"https:\/\/globalmasteraesthetics.com\/fr\/wp-json\/wp\/v2\/product\/7407\/revisions"}],"predecessor-version":[{"id":8010,"href":"https:\/\/globalmasteraesthetics.com\/fr\/wp-json\/wp\/v2\/product\/7407\/revisions\/8010"}],"wp:featuredmedia":[{"embeddable":true,"href":"https:\/\/globalmasteraesthetics.com\/fr\/wp-json\/wp\/v2\/media\/5851"}],"wp:attachment":[{"href":"https:\/\/globalmasteraesthetics.com\/fr\/wp-json\/wp\/v2\/media?parent=7407"}],"wp:term":[{"taxonomy":"product_brand","embeddable":true,"href":"https:\/\/globalmasteraesthetics.com\/fr\/wp-json\/wp\/v2\/product_brand?post=7407"},{"taxonomy":"product_cat","embeddable":true,"href":"https:\/\/globalmasteraesthetics.com\/fr\/wp-json\/wp\/v2\/product_cat?post=7407"},{"taxonomy":"product_tag","embeddable":true,"href":"https:\/\/globalmasteraesthetics.com\/fr\/wp-json\/wp\/v2\/product_tag?post=7407"}],"curies":[{"name":"wp","href":"https:\/\/api.w.org\/{rel}","templated":true}]}}