{"id":7354,"date":"2025-06-17T04:08:13","date_gmt":"2025-06-17T08:08:13","guid":{"rendered":"https:\/\/globalmasteraesthetics.com\/product\/introduction-a-la-toxine-botulique-formation-en-ligne-2\/"},"modified":"2025-10-26T08:13:09","modified_gmt":"2025-10-26T12:13:09","slug":"introduction-a-la-toxine-botulique-formation-en-ligne-2","status":"publish","type":"product","link":"https:\/\/globalmasteraesthetics.com\/fr\/produit\/introduction-a-la-toxine-botulique-formation-en-ligne-2\/","title":{"rendered":"INTRODUCTION \u00c0 LA TOXINE BOTULIQUE FORMATION EN LIGNE"},"content":{"rendered":"","protected":false},"excerpt":{"rendered":"<p>&#8211; Comment fonctionne la toxine botulique de type A ?<\/p>\n<p>&#8211; Reconstitution de la toxine botulique de type A<\/p>\n<p>&#8211; Anatomie du Botox pour la partie sup\u00e9rieure du visage<\/p>\n<p>&#8211; Les types de toxine botulique de type A<\/p>\n<p>&#8211; Contre-indications \u00e0 l&rsquo;utilisation de la toxine botulique de type A<\/p>\n<p>&#8211; Fiche d&rsquo;information sur le Botox \u00e0 l&rsquo;intention des patients PDF<\/p>\n<p>&#8211; Toxine botulique de type A Notice de suivi PDF<\/p>\n<p>&#8211; R\u00e9sum\u00e9 PDF<\/p>\n<p>&#8211; Quiz sur l&rsquo;introduction \u00e0 la toxine botulique<\/p>\n<h2>NOTRE VISION<\/h2>\n<p>Notre cours de base en ligne sur l&rsquo;esth\u00e9tique est con\u00e7u pour fournir aux futurs praticiens de l&rsquo;esth\u00e9tique une introduction solide et fond\u00e9e sur des preuves \u00e0 la m\u00e9decine esth\u00e9tique. Ce cours se concentre sur l&rsquo;utilisation s\u00fbre et efficace de la toxine botulique et des produits de comblement dermique, avec des modules approfondis couvrant l&rsquo;anatomie du visage, la planification du traitement, le vieillissement du visage et la gestion des complications. <\/p>\n<p>Nous combinons un apprentissage th\u00e9orique complet avec des d\u00e9monstrations vid\u00e9o de haute qualit\u00e9, des ressources t\u00e9l\u00e9chargeables et des quiz pour vous aider \u00e0 renforcer vos connaissances. Que vous commenciez votre parcours ou que vous rafra\u00eechissiez vos bases, ce cours pose les jalons d&rsquo;une pratique clinique s\u00fbre, \u00e9thique et confiante &#8211; le tout accessible en ligne, \u00e0 votre propre rythme. <\/p>\n","protected":false},"featured_media":5850,"comment_status":"open","ping_status":"closed","template":"","meta":{"pmpro_default_level":""},"product_brand":[],"product_cat":[226,266],"product_tag":[],"class_list":{"0":"post-7354","1":"product","2":"type-product","3":"status-publish","4":"has-post-thumbnail","6":"product_cat-cours-de-maitre","7":"product_cat-toxine-botulique","8":"pmpro-has-access","10":"first","11":"instock","12":"sold-individually","13":"shipping-taxable","14":"purchasable","15":"product-type-simple"},"exclude_global_add_ons":[],"addons":[],"_links":{"self":[{"href":"https:\/\/globalmasteraesthetics.com\/fr\/wp-json\/wp\/v2\/product\/7354","targetHints":{"allow":["GET"]}}],"collection":[{"href":"https:\/\/globalmasteraesthetics.com\/fr\/wp-json\/wp\/v2\/product"}],"about":[{"href":"https:\/\/globalmasteraesthetics.com\/fr\/wp-json\/wp\/v2\/types\/product"}],"replies":[{"embeddable":true,"href":"https:\/\/globalmasteraesthetics.com\/fr\/wp-json\/wp\/v2\/comments?post=7354"}],"version-history":[{"count":1,"href":"https:\/\/globalmasteraesthetics.com\/fr\/wp-json\/wp\/v2\/product\/7354\/revisions"}],"predecessor-version":[{"id":8043,"href":"https:\/\/globalmasteraesthetics.com\/fr\/wp-json\/wp\/v2\/product\/7354\/revisions\/8043"}],"wp:featuredmedia":[{"embeddable":true,"href":"https:\/\/globalmasteraesthetics.com\/fr\/wp-json\/wp\/v2\/media\/5850"}],"wp:attachment":[{"href":"https:\/\/globalmasteraesthetics.com\/fr\/wp-json\/wp\/v2\/media?parent=7354"}],"wp:term":[{"taxonomy":"product_brand","embeddable":true,"href":"https:\/\/globalmasteraesthetics.com\/fr\/wp-json\/wp\/v2\/product_brand?post=7354"},{"taxonomy":"product_cat","embeddable":true,"href":"https:\/\/globalmasteraesthetics.com\/fr\/wp-json\/wp\/v2\/product_cat?post=7354"},{"taxonomy":"product_tag","embeddable":true,"href":"https:\/\/globalmasteraesthetics.com\/fr\/wp-json\/wp\/v2\/product_tag?post=7354"}],"curies":[{"name":"wp","href":"https:\/\/api.w.org\/{rel}","templated":true}]}}