{"id":7340,"date":"2025-06-17T04:08:12","date_gmt":"2025-06-17T08:08:12","guid":{"rendered":"https:\/\/globalmasteraesthetics.com\/product\/formation-avancee-a-la-toxine-botulique\/"},"modified":"2025-10-26T08:13:20","modified_gmt":"2025-10-26T12:13:20","slug":"formation-avancee-a-la-toxine-botulique","status":"publish","type":"product","link":"https:\/\/globalmasteraesthetics.com\/fr\/produit\/formation-avancee-a-la-toxine-botulique\/","title":{"rendered":"FORMATION AVANC\u00c9E \u00c0 LA TOXINE BOTULIQUE"},"content":{"rendered":"","protected":false},"excerpt":{"rendered":"<ul>\n<li>Toxine botulique avanc\u00e9e<\/li>\n<li>Traitement \u00e0 la toxine botulique de la DAO p\u00e9riorale et du Mentalis<\/li>\n<li>Formulaire de consentement pour le BOTOX<\/li>\n<li>Soins apr\u00e8s un traitement \u00e0 la toxine botulique<\/li>\n<li>Quiz avanc\u00e9 sur la toxine botulique<br \/>\n<h2><strong>NOTRE VISION<\/strong><\/h2>\n<p>Chez Advanced Aesthetic Courses, nous nous engageons \u00e0 fournir aux praticiens de l&rsquo;esth\u00e9tique des connaissances compl\u00e8tes et actualis\u00e9es par le biais d&rsquo;une formation en ligne de haute qualit\u00e9. Nos cours se concentrent sur les techniques injectables avanc\u00e9es, y compris les traitements par toxines et produits de comblement dermique pour les l\u00e8vres, les joues, la m\u00e2choire, les tempes et bien plus encore. Nous combinons une th\u00e9orie approfondie, des strat\u00e9gies d&rsquo;\u00e9valuation des patients et des d\u00e9monstrations vid\u00e9o pour soutenir une pratique clinique s\u00fbre, confiante et inform\u00e9e. Chaque cours comprend des documents t\u00e9l\u00e9chargeables, des protocoles de traitement et un certificat de r\u00e9ussite. Que vous souhaitiez am\u00e9liorer vos comp\u00e9tences ou \u00e9largir votre portefeuille de traitements, nous sommes l\u00e0 pour vous aider \u00e0 progresser, \u00e0 votre rythme et de n&rsquo;importe o\u00f9.    <\/li>\n<\/ul>\n","protected":false},"featured_media":5826,"comment_status":"open","ping_status":"closed","template":"","meta":{"pmpro_default_level":""},"product_brand":[],"product_cat":[226,266],"product_tag":[],"class_list":{"0":"post-7340","1":"product","2":"type-product","3":"status-publish","4":"has-post-thumbnail","6":"product_cat-cours-de-maitre","7":"product_cat-toxine-botulique","8":"pmpro-has-access","10":"first","11":"instock","12":"sold-individually","13":"shipping-taxable","14":"purchasable","15":"product-type-simple"},"exclude_global_add_ons":[],"addons":[],"_links":{"self":[{"href":"https:\/\/globalmasteraesthetics.com\/fr\/wp-json\/wp\/v2\/product\/7340","targetHints":{"allow":["GET"]}}],"collection":[{"href":"https:\/\/globalmasteraesthetics.com\/fr\/wp-json\/wp\/v2\/product"}],"about":[{"href":"https:\/\/globalmasteraesthetics.com\/fr\/wp-json\/wp\/v2\/types\/product"}],"replies":[{"embeddable":true,"href":"https:\/\/globalmasteraesthetics.com\/fr\/wp-json\/wp\/v2\/comments?post=7340"}],"version-history":[{"count":1,"href":"https:\/\/globalmasteraesthetics.com\/fr\/wp-json\/wp\/v2\/product\/7340\/revisions"}],"predecessor-version":[{"id":8063,"href":"https:\/\/globalmasteraesthetics.com\/fr\/wp-json\/wp\/v2\/product\/7340\/revisions\/8063"}],"wp:featuredmedia":[{"embeddable":true,"href":"https:\/\/globalmasteraesthetics.com\/fr\/wp-json\/wp\/v2\/media\/5826"}],"wp:attachment":[{"href":"https:\/\/globalmasteraesthetics.com\/fr\/wp-json\/wp\/v2\/media?parent=7340"}],"wp:term":[{"taxonomy":"product_brand","embeddable":true,"href":"https:\/\/globalmasteraesthetics.com\/fr\/wp-json\/wp\/v2\/product_brand?post=7340"},{"taxonomy":"product_cat","embeddable":true,"href":"https:\/\/globalmasteraesthetics.com\/fr\/wp-json\/wp\/v2\/product_cat?post=7340"},{"taxonomy":"product_tag","embeddable":true,"href":"https:\/\/globalmasteraesthetics.com\/fr\/wp-json\/wp\/v2\/product_tag?post=7340"}],"curies":[{"name":"wp","href":"https:\/\/api.w.org\/{rel}","templated":true}]}}