{"id":8653,"date":"2018-07-26T07:17:24","date_gmt":"2018-07-26T11:17:24","guid":{"rendered":"https:\/\/globalmasteraesthetics.com\/a-propos-de-nous\/"},"modified":"2026-02-09T13:20:11","modified_gmt":"2026-02-09T18:20:11","slug":"a-propos-de-nous","status":"publish","type":"page","link":"https:\/\/globalmasteraesthetics.com\/fr\/a-propos-de-nous\/","title":{"rendered":"A propos de nous"},"content":{"rendered":"\t\t<div data-elementor-type=\"wp-page\" data-elementor-id=\"8653\" class=\"elementor elementor-8653 elementor-392\" data-elementor-post-type=\"page\">\n\t\t\t\t\t\t<section class=\"elementor-section elementor-top-section elementor-element elementor-element-cd5fe89 elementor-section-stretched elementor-section-boxed elementor-section-height-default elementor-section-height-default\" data-id=\"cd5fe89\" data-element_type=\"section\" data-e-type=\"section\" data-settings=\"{&quot;background_background&quot;:&quot;classic&quot;,&quot;stretch_section&quot;:&quot;section-stretched&quot;}\">\n\t\t\t\t\t\t<div class=\"elementor-container elementor-column-gap-default\">\n\t\t\t\t\t<div class=\"elementor-column elementor-col-50 elementor-top-column elementor-element elementor-element-cd60377\" data-id=\"cd60377\" data-element_type=\"column\" data-e-type=\"column\">\n\t\t\t<div class=\"elementor-widget-wrap elementor-element-populated\">\n\t\t\t\t\t\t<div class=\"elementor-element elementor-element-cd60731 elementor-widget elementor-widget-vc_custom_heading\" data-id=\"cd60731\" data-element_type=\"widget\" data-e-type=\"widget\" data-widget_type=\"vc_custom_heading.default\">\n\t\t\t\t<div class=\"elementor-widget-container\">\n\t\t\t\t\t<div class=\" vc_custom_heading  masterstudy_heading_font  text_align_left\" ><h2 style=\"text-align: left;font-weight:700\" class=\"masterstudy-custom-title\">Welcome to GMA!                             \n<\/h2><\/div>\t\t\t\t<\/div>\n\t\t\t\t<\/div>\n\t\t\t\t<div class=\"elementor-element elementor-element-cd609cb elementor-widget elementor-widget-text-editor\" data-id=\"cd609cb\" data-element_type=\"widget\" data-e-type=\"widget\" data-widget_type=\"text-editor.default\">\n\t\t\t\t<div class=\"elementor-widget-container\">\n\t\t\t\t\t\t\t\t\t<p style=\"text-align: left;\"><em><strong>Qui sommes-nous ?<\/strong><\/em><\/p>\n<p>Nous sommes une \u00e9quipe de professionnels exp\u00e9riment\u00e9s de l&rsquo;esth\u00e9tique m\u00e9dicale qui se sont engag\u00e9s \u00e0 \u00e9lever le niveau de formation en m\u00e9decine esth\u00e9tique. Forts de notre expertise clinique et de notre enseignement, nous avons mis au point une s\u00e9rie de cours en ligne qui allient connaissances scientifiques et applications concr\u00e8tes. Notre objectif est de rendre la formation esth\u00e9tique avanc\u00e9e plus accessible, plus flexible et plus efficace, o\u00f9 que vous soyez dans votre carri\u00e8re ou dans le monde.  <\/p>\n<h2><strong>Notre vision<\/strong><\/h2>\n<p>Notre vision est de donner aux professionnels de la sant\u00e9 les moyens d&rsquo;agir dans le monde entier en proposant en ligne une formation esth\u00e9tique de qualit\u00e9 et digne de confiance. Nous pensons que la confiance dans la pratique commence par la confiance dans la connaissance. Gr\u00e2ce \u00e0 un apprentissage structur\u00e9, \u00e0 un contenu fond\u00e9 sur des donn\u00e9es probantes et \u00e0 des d\u00e9monstrations dirig\u00e9es par des experts, nous visons \u00e0 former une nouvelle g\u00e9n\u00e9ration de praticiens esth\u00e9tiques s\u00fbrs, comp\u00e9tents et respectueux de l&rsquo;\u00e9thique. L&rsquo;excellence en m\u00e9decine esth\u00e9tique commence ici.<br \/>Les \u00e9tudes en ligne sont con\u00e7ues pour les \u00e9tudiants dont l&#8217;emploi du temps rendrait difficile l&rsquo;inscription \u00e0 un programme d&rsquo;enseignement sup\u00e9rieur \u00e0 temps plein. Propos\u00e9es pour des cours individuels, des dipl\u00f4mes, des dipl\u00f4mes d&rsquo;associ\u00e9 et des programmes de certificat, les \u00e9tudes en ligne sont une option int\u00e9ressante. La qualification qu&rsquo;un dipl\u00f4m\u00e9 re\u00e7oit apr\u00e8s avoir termin\u00e9 avec succ\u00e8s.     <\/p>\n\t\t\t\t\t\t\t\t<\/div>\n\t\t\t\t<\/div>\n\t\t\t\t<div class=\"elementor-element elementor-element-cd60c81 elementor-widget elementor-widget-vc_custom_heading\" data-id=\"cd60c81\" data-element_type=\"widget\" data-e-type=\"widget\" data-widget_type=\"vc_custom_heading.default\">\n\t\t\t\t<div class=\"elementor-widget-container\">\n\t\t\t\t\t<div class=\" vc_custom_heading  masterstudy_heading_font  text_align_left\" ><h4 style=\"text-align: left;font-weight:400\" class=\"masterstudy-custom-title\">Unordered &amp; Ordered Lists\n<\/h4><\/div>\t\t\t\t<\/div>\n\t\t\t\t<\/div>\n\t\t\t\t<div class=\"elementor-element elementor-element-cd60f8e elementor-widget elementor-widget-stm_icon_box\" data-id=\"cd60f8e\" data-element_type=\"widget\" data-e-type=\"widget\" data-widget_type=\"stm_icon_box.default\">\n\t\t\t\t<div class=\"elementor-widget-container\">\n\t\t\t\t\t<style type=\"text\/css\">\n            body:not(.home) .icon_box.module__782fec8c5e115bfaf1bc8355d66bf505 {\n                padding: 0;\n            }\n        .module__782fec8c5e115bfaf1bc8355d66bf505 {\n    background: !important; color:#555555;\n}\n\n.module__782fec8c5e115bfaf1bc8355d66bf505 .icon {\n    width:13px;\n}\n.module__782fec8c5e115bfaf1bc8355d66bf505 .icon svg {\n\twidth: 15px;\n\theight: 15px;\n}\n.module__782fec8c5e115bfaf1bc8355d66bf505 .icon svg,\n.module__782fec8c5e115bfaf1bc8355d66bf505 .icon i {\n    font-size: 15px;\n    color: #eab830 !important;\n}\n.icon_alignment_top_left .module__782fec8c5e115bfaf1bc8355d66bf505 {\n    text-align: left;\n}\n.icon_alignment_top_center .module__782fec8c5e115bfaf1bc8355d66bf505 {\n    text-align: center;\n    margin-right: auto;\n    margin-left: auto;\n}\n.icon_alignment_top_right .module__782fec8c5e115bfaf1bc8355d66bf505 {\n    text-align: right;\n    margin-right: 0;\n    margin-left: auto;\n}\n<\/style>\n\t<a\t\n\t\thref=\"#\" \n\t\ttitle=\"\"\n\t\t\t>\n\n\t<div class=\"icon_box masterstudy_elementor_icon_box  stm_icon_box_hover_none standart module__782fec8c5e115bfaf1bc8355d66bf505 box_align_left clearfix\">\n\t\t<div class=\"icon_alignment_left\">\n\t\t\t\t\t\t\t<div class=\"icon module__782fec8c5e115bfaf1bc8355d66bf505\">\n\t\t\t\t\t\t\t\t\t\t\t<i class=\" far fa-fa fa-thumbs-up\"><\/i>\n\t\t\t\t\t\t\t\t\t<\/div>\n\t\t\t\n\t\t\t<div class=\"icon_text\">\n\t\t\t\t\t\t\t\t<p>Online Courses with full discount systems.<\/p>\t\t\t<\/div>\n\t\t<\/div> <!-- align icons -->\n\t<\/div>\n\n\t<\/a>\n\t\t\t\t<\/div>\n\t\t\t\t<\/div>\n\t\t\t\t<div class=\"elementor-element elementor-element-cd6116d elementor-widget elementor-widget-stm_icon_box\" data-id=\"cd6116d\" data-element_type=\"widget\" data-e-type=\"widget\" data-widget_type=\"stm_icon_box.default\">\n\t\t\t\t<div class=\"elementor-widget-container\">\n\t\t\t\t\t<style type=\"text\/css\">\n            body:not(.home) .icon_box.module__fee52785e2905ef8d840a55d6a080791 {\n                padding: 0;\n            }\n        .module__fee52785e2905ef8d840a55d6a080791 {\n    background: !important; color:#555555;\n}\n\n.module__fee52785e2905ef8d840a55d6a080791 .icon {\n    width:13px;\n}\n.module__fee52785e2905ef8d840a55d6a080791 .icon svg {\n\twidth: 15px;\n\theight: 15px;\n}\n.module__fee52785e2905ef8d840a55d6a080791 .icon svg,\n.module__fee52785e2905ef8d840a55d6a080791 .icon i {\n    font-size: 15px;\n    color: #eab830 !important;\n}\n.icon_alignment_top_left .module__fee52785e2905ef8d840a55d6a080791 {\n    text-align: left;\n}\n.icon_alignment_top_center .module__fee52785e2905ef8d840a55d6a080791 {\n    text-align: center;\n    margin-right: auto;\n    margin-left: auto;\n}\n.icon_alignment_top_right .module__fee52785e2905ef8d840a55d6a080791 {\n    text-align: right;\n    margin-right: 0;\n    margin-left: auto;\n}\n<\/style>\n\t<a\t\n\t\thref=\"#\" \n\t\ttitle=\"\"\n\t\t\t>\n\n\t<div class=\"icon_box masterstudy_elementor_icon_box  stm_icon_box_hover_none standart module__fee52785e2905ef8d840a55d6a080791 box_align_left clearfix\">\n\t\t<div class=\"icon_alignment_left\">\n\t\t\t\t\t\t\t<div class=\"icon module__fee52785e2905ef8d840a55d6a080791\">\n\t\t\t\t\t\t\t\t\t\t\t<i class=\" far fa-fa fa-thumbs-up\"><\/i>\n\t\t\t\t\t\t\t\t\t<\/div>\n\t\t\t\n\t\t\t<div class=\"icon_text\">\n\t\t\t\t\t\t\t\t<p>Online Certificates which can be used worldwide.<\/p>\t\t\t<\/div>\n\t\t<\/div> <!-- align icons -->\n\t<\/div>\n\n\t<\/a>\n\t\t\t\t<\/div>\n\t\t\t\t<\/div>\n\t\t\t\t<div class=\"elementor-element elementor-element-cd61316 elementor-widget elementor-widget-stm_icon_box\" data-id=\"cd61316\" data-element_type=\"widget\" data-e-type=\"widget\" data-widget_type=\"stm_icon_box.default\">\n\t\t\t\t<div class=\"elementor-widget-container\">\n\t\t\t\t\t<style type=\"text\/css\">\n            body:not(.home) .icon_box.module__f7f6e23273aeac5282e42e43312bdecb {\n                padding: 0;\n            }\n        .module__f7f6e23273aeac5282e42e43312bdecb {\n    background: !important; color:#555555;\n}\n\n.module__f7f6e23273aeac5282e42e43312bdecb .icon {\n    width:13px;\n}\n.module__f7f6e23273aeac5282e42e43312bdecb .icon svg {\n\twidth: 15px;\n\theight: 15px;\n}\n.module__f7f6e23273aeac5282e42e43312bdecb .icon svg,\n.module__f7f6e23273aeac5282e42e43312bdecb .icon i {\n    font-size: 15px;\n    color: #eab830 !important;\n}\n.icon_alignment_top_left .module__f7f6e23273aeac5282e42e43312bdecb {\n    text-align: left;\n}\n.icon_alignment_top_center .module__f7f6e23273aeac5282e42e43312bdecb {\n    text-align: center;\n    margin-right: auto;\n    margin-left: auto;\n}\n.icon_alignment_top_right .module__f7f6e23273aeac5282e42e43312bdecb {\n    text-align: right;\n    margin-right: 0;\n    margin-left: auto;\n}\n<\/style>\n\t<a\t\n\t\thref=\"#\" \n\t\ttitle=\"\"\n\t\t\t>\n\n\t<div class=\"icon_box masterstudy_elementor_icon_box  stm_icon_box_hover_none standart module__f7f6e23273aeac5282e42e43312bdecb box_align_left clearfix\">\n\t\t<div class=\"icon_alignment_left\">\n\t\t\t\t\t\t\t<div class=\"icon module__f7f6e23273aeac5282e42e43312bdecb\">\n\t\t\t\t\t\t\t\t\t\t\t<i class=\" far fa-fa fa-thumbs-up\"><\/i>\n\t\t\t\t\t\t\t\t\t<\/div>\n\t\t\t\n\t\t\t<div class=\"icon_text\">\n\t\t\t\t\t\t\t\t<p>An online leadership development program at Masterstudy LMS.<\/p>\t\t\t<\/div>\n\t\t<\/div> <!-- align icons -->\n\t<\/div>\n\n\t<\/a>\n\t\t\t\t<\/div>\n\t\t\t\t<\/div>\n\t\t\t\t<div class=\"elementor-element elementor-element-cd61506 elementor-widget elementor-widget-image\" data-id=\"cd61506\" data-element_type=\"widget\" data-e-type=\"widget\" data-widget_type=\"image.default\">\n\t\t\t\t<div class=\"elementor-widget-container\">\n\t\t\t\t\t\t\t\t\t\t\t\t\t\t\t<img fetchpriority=\"high\" decoding=\"async\" width=\"1024\" height=\"588\" src=\"https:\/\/globalmasteraesthetics.com\/wp-content\/uploads\/2025\/06\/regester-1024x588.jpg\" class=\"attachment-large size-large wp-image-6499\" alt=\"\" srcset=\"https:\/\/globalmasteraesthetics.com\/wp-content\/uploads\/2025\/06\/regester-1024x588.jpg 1024w, https:\/\/globalmasteraesthetics.com\/wp-content\/uploads\/2025\/06\/regester-600x344.jpg 600w, https:\/\/globalmasteraesthetics.com\/wp-content\/uploads\/2025\/06\/regester-300x172.jpg 300w, https:\/\/globalmasteraesthetics.com\/wp-content\/uploads\/2025\/06\/regester-768x441.jpg 768w, https:\/\/globalmasteraesthetics.com\/wp-content\/uploads\/2025\/06\/regester-1536x881.jpg 1536w, https:\/\/globalmasteraesthetics.com\/wp-content\/uploads\/2025\/06\/regester.jpg 1919w\" sizes=\"(max-width: 1024px) 100vw, 1024px\" \/>\t\t\t\t\t\t\t\t\t\t\t\t\t\t\t<\/div>\n\t\t\t\t<\/div>\n\t\t\t\t\t<\/div>\n\t\t<\/div>\n\t\t\t\t<div class=\"elementor-column elementor-col-50 elementor-top-column elementor-element elementor-element-cd622dd\" data-id=\"cd622dd\" data-element_type=\"column\" data-e-type=\"column\">\n\t\t\t<div class=\"elementor-widget-wrap elementor-element-populated\">\n\t\t\t\t\t\t<div class=\"elementor-element elementor-element-cd626cc elementor-widget elementor-widget-image\" data-id=\"cd626cc\" data-element_type=\"widget\" data-e-type=\"widget\" data-widget_type=\"image.default\">\n\t\t\t\t<div class=\"elementor-widget-container\">\n\t\t\t\t\t\t\t\t\t\t\t\t\t\t\t<img decoding=\"async\" width=\"1120\" height=\"771\" src=\"https:\/\/globalmasteraesthetics.com\/wp-content\/uploads\/2025\/06\/best-Master-1-1120x771.jpg\" class=\"attachment-img-1120-800 size-img-1120-800 wp-image-6526\" alt=\"\" \/>\t\t\t\t\t\t\t\t\t\t\t\t\t\t\t<\/div>\n\t\t\t\t<\/div>\n\t\t\t\t<div class=\"elementor-element elementor-element-cd6301b elementor-tabs-view-horizontal elementor-widget elementor-widget-tabs\" data-id=\"cd6301b\" data-element_type=\"widget\" data-e-type=\"widget\" data-widget_type=\"tabs.default\">\n\t\t\t\t<div class=\"elementor-widget-container\">\n\t\t\t\t\t\t\t<div class=\"elementor-tabs\">\n\t\t\t<div class=\"elementor-tabs-wrapper\" role=\"tablist\" >\n\t\t\t\t\t\t\t\t\t<div id=\"elementor-tab-title-2151\" class=\"elementor-tab-title elementor-tab-desktop-title\" aria-selected=\"true\" data-tab=\"1\" role=\"tab\" tabindex=\"0\" aria-controls=\"elementor-tab-content-2151\" aria-expanded=\"false\">Comp\u00e9tences<\/div>\n\t\t\t\t\t\t\t\t\t<div id=\"elementor-tab-title-2152\" class=\"elementor-tab-title elementor-tab-desktop-title\" aria-selected=\"false\" data-tab=\"2\" role=\"tab\" tabindex=\"-1\" aria-controls=\"elementor-tab-content-2152\" aria-expanded=\"false\">Contactez nous<\/div>\n\t\t\t\t\t\t\t<\/div>\n\t\t\t<div class=\"elementor-tabs-content-wrapper\" role=\"tablist\" aria-orientation=\"vertical\">\n\t\t\t\t\t\t\t\t\t<div class=\"elementor-tab-title elementor-tab-mobile-title\" aria-selected=\"true\" data-tab=\"1\" role=\"tab\" tabindex=\"0\" aria-controls=\"elementor-tab-content-2151\" aria-expanded=\"false\">Comp\u00e9tences<\/div>\n\t\t\t\t\t<div id=\"elementor-tab-content-2151\" class=\"elementor-tab-content elementor-clearfix\" data-tab=\"1\" role=\"tabpanel\" aria-labelledby=\"elementor-tab-title-2151\" tabindex=\"0\" hidden=\"false\"><h3>Cours de certificat professionnel (en ligne)<\/h3>\n<ul>\n<li>Des certificats en ligne peuvent \u00eatre obtenus dans toute une s\u00e9rie de domaines sp\u00e9cialis\u00e9s.<\/li>\n<li>Les dipl\u00f4mes en ligne sont d\u00e9livr\u00e9s pour une \u00e0 deux ann\u00e9es d&rsquo;\u00e9tudes avec LMS.<\/li>\n<li>Les dipl\u00f4mes d&rsquo;associ\u00e9 en ligne durent g\u00e9n\u00e9ralement environ deux ans.<\/li>\n<li>Les programmes d&rsquo;ann\u00e9e pr\u00e9paratoire en ligne sont une opportunit\u00e9 pour les \u00e9tudiants.<\/li>\n<li>Les cours d&rsquo;\u00e9t\u00e9 en ligne sont un excellent moyen d&rsquo;acqu\u00e9rir des qualifications.<\/li>\n<\/ul>\n<\/div>\n\t\t\t\t\t\t\t\t\t<div class=\"elementor-tab-title elementor-tab-mobile-title\" aria-selected=\"false\" data-tab=\"2\" role=\"tab\" tabindex=\"-1\" aria-controls=\"elementor-tab-content-2152\" aria-expanded=\"false\">Contactez nous<\/div>\n\t\t\t\t\t<div id=\"elementor-tab-content-2152\" class=\"elementor-tab-content elementor-clearfix\" data-tab=\"2\" role=\"tabpanel\" aria-labelledby=\"elementor-tab-title-2152\" tabindex=\"0\" hidden=\"hidden\">\n<div class=\"wpcf7 no-js\" id=\"wpcf7-f403-p8653-o1\" lang=\"en-US\" dir=\"ltr\" data-wpcf7-id=\"403\">\n<div class=\"screen-reader-response\"><p role=\"status\" aria-live=\"polite\" aria-atomic=\"true\"><\/p> <ul><\/ul><\/div>\n<form action=\"\/fr\/a-propos-de-nous\/#wpcf7-f403-p8653-o1\" method=\"post\" class=\"wpcf7-form init\" aria-label=\"Contact form\" novalidate=\"novalidate\" data-status=\"init\">\n<fieldset class=\"hidden-fields-container\"><input type=\"hidden\" name=\"_wpcf7\" value=\"403\" \/><input type=\"hidden\" name=\"_wpcf7_version\" value=\"6.1.2\" \/><input type=\"hidden\" name=\"_wpcf7_locale\" value=\"en_US\" \/><input type=\"hidden\" name=\"_wpcf7_unit_tag\" value=\"wpcf7-f403-p8653-o1\" \/><input type=\"hidden\" name=\"_wpcf7_container_post\" value=\"8653\" \/><input type=\"hidden\" name=\"_wpcf7_posted_data_hash\" value=\"\" \/>\n<\/fieldset>\n<div class=\"row\">\n\t<div class=\"col-xs-12 col-sm-6 col-md-6 col-lg-6\">\n\t\t<div class=\"form-group\">\n\t\t\t<p><span class=\"wpcf7-form-control-wrap\" data-name=\"name\"><input size=\"40\" maxlength=\"400\" class=\"wpcf7-form-control wpcf7-text wpcf7-validates-as-required form-control\" aria-required=\"true\" aria-invalid=\"false\" placeholder=\"Your Name\" value=\"\" type=\"text\" name=\"name\" \/><\/span>\n\t\t\t<\/p>\n\t\t<\/div>\n\t<\/div>\n\t<div class=\"col-xs-12 col-sm-6 col-md-6 col-lg-6\">\n\t\t<div class=\"form-group\">\n\t\t\t<p><span class=\"wpcf7-form-control-wrap\" data-name=\"email\"><input size=\"40\" maxlength=\"400\" class=\"wpcf7-form-control wpcf7-email wpcf7-validates-as-required wpcf7-text wpcf7-validates-as-email form-control\" aria-required=\"true\" aria-invalid=\"false\" placeholder=\"Your Email\" value=\"\" type=\"email\" name=\"email\" \/><\/span>\n\t\t\t<\/p>\n\t\t<\/div>\n\t<\/div>\n<\/div>\n<div class=\"row\">\n\t<div class=\"col-xs-12 col-sm-12 col-md-12 col-lg-12\">\n\t\t<div class=\"form-group\">\n\t\t\t<p><span class=\"wpcf7-form-control-wrap\" data-name=\"message\"><textarea cols=\"40\" rows=\"9\" maxlength=\"2000\" class=\"wpcf7-form-control wpcf7-textarea wpcf7-validates-as-required form-control\" aria-required=\"true\" aria-invalid=\"false\" name=\"message\"><\/textarea><\/span>\n\t\t\t<\/p>\n\t\t<\/div>\n\t<\/div>\n<\/div>\n<div class=\"row\">\n\t<div class=\"col-xs-12 col-sm-12 col-md-12 col-lg-12\">\n\t\t<p><input class=\"wpcf7-form-control wpcf7-submit has-spinner btn btn-default\" type=\"submit\" value=\"Submit\" \/>\n\t\t<\/p>\n\t<\/div>\n<\/div><div class=\"wpcf7-response-output\" aria-hidden=\"true\"><\/div>\n<\/form>\n<\/div>\n\n<\/div>\n\t\t\t\t\t\t\t<\/div>\n\t\t<\/div>\n\t\t\t\t\t\t<\/div>\n\t\t\t\t<\/div>\n\t\t\t\t\t<\/div>\n\t\t<\/div>\n\t\t\t\t\t<\/div>\n\t\t<\/section>\n\t\t\t\t<\/div>\n\t\t","protected":false},"excerpt":{"rendered":"<p>Welcome to GMA! Qui sommes-nous ? Nous sommes une \u00e9quipe de professionnels exp\u00e9riment\u00e9s de l&rsquo;esth\u00e9tique m\u00e9dicale qui se sont engag\u00e9s \u00e0 \u00e9lever le niveau de formation en m\u00e9decine esth\u00e9tique. Forts de notre expertise clinique et de notre enseignement, nous avons mis au point une s\u00e9rie de cours en ligne qui allient connaissances scientifiques et applications [&hellip;]<\/p>\n","protected":false},"author":1,"featured_media":0,"parent":0,"menu_order":0,"comment_status":"closed","ping_status":"closed","template":"","meta":{"pmpro_default_level":"","footnotes":""},"class_list":["post-8653","page","type-page","status-publish","hentry","pmpro-has-access"],"_links":{"self":[{"href":"https:\/\/globalmasteraesthetics.com\/fr\/wp-json\/wp\/v2\/pages\/8653","targetHints":{"allow":["GET"]}}],"collection":[{"href":"https:\/\/globalmasteraesthetics.com\/fr\/wp-json\/wp\/v2\/pages"}],"about":[{"href":"https:\/\/globalmasteraesthetics.com\/fr\/wp-json\/wp\/v2\/types\/page"}],"author":[{"embeddable":true,"href":"https:\/\/globalmasteraesthetics.com\/fr\/wp-json\/wp\/v2\/users\/1"}],"replies":[{"embeddable":true,"href":"https:\/\/globalmasteraesthetics.com\/fr\/wp-json\/wp\/v2\/comments?post=8653"}],"version-history":[{"count":2,"href":"https:\/\/globalmasteraesthetics.com\/fr\/wp-json\/wp\/v2\/pages\/8653\/revisions"}],"predecessor-version":[{"id":9392,"href":"https:\/\/globalmasteraesthetics.com\/fr\/wp-json\/wp\/v2\/pages\/8653\/revisions\/9392"}],"wp:attachment":[{"href":"https:\/\/globalmasteraesthetics.com\/fr\/wp-json\/wp\/v2\/media?parent=8653"}],"curies":[{"name":"wp","href":"https:\/\/api.w.org\/{rel}","templated":true}]}}