{"id":7508,"date":"2025-06-17T04:40:32","date_gmt":"2025-06-17T08:40:32","guid":{"rendered":"https:\/\/globalmasteraesthetics.com\/product\/lifting-facial-inferior-con-canula\/"},"modified":"2025-10-26T09:49:26","modified_gmt":"2025-10-26T13:49:26","slug":"lifting-facial-inferior-con-canula","status":"publish","type":"product","link":"https:\/\/globalmasteraesthetics.com\/es\/producto\/lifting-facial-inferior-con-canula\/","title":{"rendered":"LIFTING FACIAL INFERIOR CON C\u00c1NULA"},"content":{"rendered":"","protected":false},"excerpt":{"rendered":"<ul>\n<li>Lifting facial inferior<\/li>\n<li>Demostraci\u00f3n de Relleno de Mand\u00edbula, Mejillas y Barbilla con C\u00e1nula<\/li>\n<\/ul>\n<h2>NUESTRA VISI\u00d3N<\/h2>\n<p>Expert Aesthetic Courses se compromete a proporcionar una formaci\u00f3n en l\u00ednea accesible y de alta calidad a los profesionales m\u00e9dicos que deseen ampliar sus conocimientos en est\u00e9tica no quir\u00fargica. Nuestros completos cursos se centran en t\u00e9cnicas avanzadas con toxina botul\u00ednica y rellenos d\u00e9rmicos, con m\u00f3dulos exhaustivos que abarcan la anatom\u00eda facial, la planificaci\u00f3n del tratamiento, la seguridad y la gesti\u00f3n de las complicaciones. Cada curso incluye claras demostraciones en v\u00eddeo, recursos descargables y cuestionarios para reforzar el aprendizaje. Al finalizarlo con \u00e9xito, recibir\u00e1s un certificado que acredite tus logros. Nuestro objetivo es darte la confianza y la base te\u00f3rica necesarias para mejorar tu pr\u00e1ctica est\u00e9tica, en cualquier momento y lugar.    <\/p>\n","protected":false},"featured_media":5837,"comment_status":"open","ping_status":"closed","template":"","meta":{"pmpro_default_level":""},"product_brand":[],"product_cat":[232,257],"product_tag":[],"class_list":{"0":"post-7508","1":"product","2":"type-product","3":"status-publish","4":"has-post-thumbnail","6":"product_cat-clase-magistral","7":"product_cat-lifting-facial","8":"pmpro-has-access","10":"first","11":"instock","12":"sold-individually","13":"shipping-taxable","14":"purchasable","15":"product-type-simple"},"exclude_global_add_ons":[],"addons":[],"_links":{"self":[{"href":"https:\/\/globalmasteraesthetics.com\/es\/wp-json\/wp\/v2\/product\/7508","targetHints":{"allow":["GET"]}}],"collection":[{"href":"https:\/\/globalmasteraesthetics.com\/es\/wp-json\/wp\/v2\/product"}],"about":[{"href":"https:\/\/globalmasteraesthetics.com\/es\/wp-json\/wp\/v2\/types\/product"}],"replies":[{"embeddable":true,"href":"https:\/\/globalmasteraesthetics.com\/es\/wp-json\/wp\/v2\/comments?post=7508"}],"version-history":[{"count":1,"href":"https:\/\/globalmasteraesthetics.com\/es\/wp-json\/wp\/v2\/product\/7508\/revisions"}],"predecessor-version":[{"id":8545,"href":"https:\/\/globalmasteraesthetics.com\/es\/wp-json\/wp\/v2\/product\/7508\/revisions\/8545"}],"wp:featuredmedia":[{"embeddable":true,"href":"https:\/\/globalmasteraesthetics.com\/es\/wp-json\/wp\/v2\/media\/5837"}],"wp:attachment":[{"href":"https:\/\/globalmasteraesthetics.com\/es\/wp-json\/wp\/v2\/media?parent=7508"}],"wp:term":[{"taxonomy":"product_brand","embeddable":true,"href":"https:\/\/globalmasteraesthetics.com\/es\/wp-json\/wp\/v2\/product_brand?post=7508"},{"taxonomy":"product_cat","embeddable":true,"href":"https:\/\/globalmasteraesthetics.com\/es\/wp-json\/wp\/v2\/product_cat?post=7508"},{"taxonomy":"product_tag","embeddable":true,"href":"https:\/\/globalmasteraesthetics.com\/es\/wp-json\/wp\/v2\/product_tag?post=7508"}],"curies":[{"name":"wp","href":"https:\/\/api.w.org\/{rel}","templated":true}]}}