{"id":7499,"date":"2025-06-17T04:40:33","date_gmt":"2025-06-17T08:40:33","guid":{"rendered":"https:\/\/globalmasteraesthetics.com\/product\/formacion-en-rinoplastia-no-quirurgica\/"},"modified":"2025-10-26T09:49:31","modified_gmt":"2025-10-26T13:49:31","slug":"formacion-en-rinoplastia-no-quirurgica","status":"publish","type":"product","link":"https:\/\/globalmasteraesthetics.com\/es\/producto\/formacion-en-rinoplastia-no-quirurgica\/","title":{"rendered":"FORMACI\u00d3N EN RINOPLASTIA NO QUIR\u00daRGICA"},"content":{"rendered":"","protected":false},"excerpt":{"rendered":"<p>&#8211; Anatom\u00eda de la nariz<br \/>\n&#8211; Quir\u00fargica frente a no quir\u00fargica<br \/>\n&#8211; Contraindicaciones<br \/>\n&#8211; Complicaciones<br \/>\n&#8211; V\u00eddeo demostrativo de la rinoplastia no quir\u00fargica<br \/>\n&#8211; PDF descargables<br \/>\n&#8211; Cuestionario para poner a prueba tus conocimientos<br \/>\n&#8211; Certificado de superaci\u00f3n del curso<\/p>\n<h2>NUESTRA VISI\u00d3N<\/h2>\n<p>Expert Aesthetic Courses se compromete a proporcionar una formaci\u00f3n en l\u00ednea accesible y de alta calidad a los profesionales m\u00e9dicos que deseen ampliar sus conocimientos en est\u00e9tica no quir\u00fargica. Nuestros completos cursos se centran en t\u00e9cnicas avanzadas con toxina botul\u00ednica y rellenos d\u00e9rmicos, con m\u00f3dulos exhaustivos que abarcan la anatom\u00eda facial, la planificaci\u00f3n del tratamiento, la seguridad y la gesti\u00f3n de las complicaciones. Cada curso incluye claras demostraciones en v\u00eddeo, recursos descargables y cuestionarios para reforzar el aprendizaje. Al finalizarlo con \u00e9xito, recibir\u00e1s un certificado que acredite tus logros. Nuestro objetivo es darte la confianza y la base te\u00f3rica necesarias para mejorar tu pr\u00e1ctica est\u00e9tica, en cualquier momento y lugar.    <\/p>\n","protected":false},"featured_media":5859,"comment_status":"open","ping_status":"closed","template":"","meta":{"pmpro_default_level":""},"product_brand":[],"product_cat":[232],"product_tag":[],"class_list":{"0":"post-7499","1":"product","2":"type-product","3":"status-publish","4":"has-post-thumbnail","6":"product_cat-clase-magistral","7":"pmpro-has-access","9":"first","10":"instock","11":"sold-individually","12":"shipping-taxable","13":"purchasable","14":"product-type-simple"},"exclude_global_add_ons":[],"addons":[],"_links":{"self":[{"href":"https:\/\/globalmasteraesthetics.com\/es\/wp-json\/wp\/v2\/product\/7499","targetHints":{"allow":["GET"]}}],"collection":[{"href":"https:\/\/globalmasteraesthetics.com\/es\/wp-json\/wp\/v2\/product"}],"about":[{"href":"https:\/\/globalmasteraesthetics.com\/es\/wp-json\/wp\/v2\/types\/product"}],"replies":[{"embeddable":true,"href":"https:\/\/globalmasteraesthetics.com\/es\/wp-json\/wp\/v2\/comments?post=7499"}],"version-history":[{"count":1,"href":"https:\/\/globalmasteraesthetics.com\/es\/wp-json\/wp\/v2\/product\/7499\/revisions"}],"predecessor-version":[{"id":8553,"href":"https:\/\/globalmasteraesthetics.com\/es\/wp-json\/wp\/v2\/product\/7499\/revisions\/8553"}],"wp:featuredmedia":[{"embeddable":true,"href":"https:\/\/globalmasteraesthetics.com\/es\/wp-json\/wp\/v2\/media\/5859"}],"wp:attachment":[{"href":"https:\/\/globalmasteraesthetics.com\/es\/wp-json\/wp\/v2\/media?parent=7499"}],"wp:term":[{"taxonomy":"product_brand","embeddable":true,"href":"https:\/\/globalmasteraesthetics.com\/es\/wp-json\/wp\/v2\/product_brand?post=7499"},{"taxonomy":"product_cat","embeddable":true,"href":"https:\/\/globalmasteraesthetics.com\/es\/wp-json\/wp\/v2\/product_cat?post=7499"},{"taxonomy":"product_tag","embeddable":true,"href":"https:\/\/globalmasteraesthetics.com\/es\/wp-json\/wp\/v2\/product_tag?post=7499"}],"curies":[{"name":"wp","href":"https:\/\/api.w.org\/{rel}","templated":true}]}}