{"id":7492,"date":"2025-06-17T04:41:54","date_gmt":"2025-06-17T08:41:54","guid":{"rendered":"https:\/\/globalmasteraesthetics.com\/product\/formacion-en-rejuvenecimiento-peri-orbitario-con-toxinas-y-rellenos\/"},"modified":"2025-10-26T08:14:04","modified_gmt":"2025-10-26T12:14:04","slug":"formacion-en-rejuvenecimiento-peri-orbitario-con-toxinas-y-rellenos","status":"publish","type":"product","link":"https:\/\/globalmasteraesthetics.com\/es\/producto\/formacion-en-rejuvenecimiento-peri-orbitario-con-toxinas-y-rellenos\/","title":{"rendered":"FORMACI\u00d3N EN REJUVENECIMIENTO PERI ORBITARIO CON TOXINAS Y RELLENOS"},"content":{"rendered":"","protected":false},"excerpt":{"rendered":"<p>&#8211; Envejecimiento facial<br \/>\n&#8211; Selecci\u00f3n de pacientes<br \/>\n&#8211; Selecci\u00f3n de tratamientos, incluido el rejuvenecimiento de las fosas lagrimales<br \/>\n&#8211; Indicaciones y complicaciones<br \/>\n&#8211; V\u00eddeo de demostraci\u00f3n de las fosas lagrimales<br \/>\n&#8211; PDF descargables<br \/>\n&#8211; Cuestionario para poner a prueba tus conocimientos<br \/>\n&#8211; Certificado al finalizar el curso con \u00e9xito<\/p>\n<h2>NUESTRA VISI\u00d3N<\/h2>\n<p>Expert Aesthetic Courses se compromete a proporcionar una formaci\u00f3n en l\u00ednea accesible y de alta calidad a los profesionales m\u00e9dicos que deseen ampliar sus conocimientos en est\u00e9tica no quir\u00fargica. Nuestros completos cursos se centran en t\u00e9cnicas avanzadas con toxina botul\u00ednica y rellenos d\u00e9rmicos, con m\u00f3dulos exhaustivos que abarcan la anatom\u00eda facial, la planificaci\u00f3n del tratamiento, la seguridad y la gesti\u00f3n de las complicaciones. Cada curso incluye claras demostraciones en v\u00eddeo, recursos descargables y cuestionarios para reforzar el aprendizaje. Al finalizarlo con \u00e9xito, recibir\u00e1s un certificado que acredite tus logros. Nuestro objetivo es darte la confianza y la base te\u00f3rica necesarias para mejorar tu pr\u00e1ctica est\u00e9tica, en cualquier momento y lugar.    <\/p>\n","protected":false},"featured_media":5835,"comment_status":"open","ping_status":"closed","template":"","meta":{"pmpro_default_level":""},"product_brand":[],"product_cat":[232,248],"product_tag":[],"class_list":{"0":"post-7492","1":"product","2":"type-product","3":"status-publish","4":"has-post-thumbnail","6":"product_cat-clase-magistral","7":"product_cat-relleno","8":"pmpro-has-access","10":"first","11":"instock","12":"sold-individually","13":"shipping-taxable","14":"purchasable","15":"product-type-simple"},"exclude_global_add_ons":[],"addons":[],"_links":{"self":[{"href":"https:\/\/globalmasteraesthetics.com\/es\/wp-json\/wp\/v2\/product\/7492","targetHints":{"allow":["GET"]}}],"collection":[{"href":"https:\/\/globalmasteraesthetics.com\/es\/wp-json\/wp\/v2\/product"}],"about":[{"href":"https:\/\/globalmasteraesthetics.com\/es\/wp-json\/wp\/v2\/types\/product"}],"replies":[{"embeddable":true,"href":"https:\/\/globalmasteraesthetics.com\/es\/wp-json\/wp\/v2\/comments?post=7492"}],"version-history":[{"count":1,"href":"https:\/\/globalmasteraesthetics.com\/es\/wp-json\/wp\/v2\/product\/7492\/revisions"}],"predecessor-version":[{"id":8179,"href":"https:\/\/globalmasteraesthetics.com\/es\/wp-json\/wp\/v2\/product\/7492\/revisions\/8179"}],"wp:featuredmedia":[{"embeddable":true,"href":"https:\/\/globalmasteraesthetics.com\/es\/wp-json\/wp\/v2\/media\/5835"}],"wp:attachment":[{"href":"https:\/\/globalmasteraesthetics.com\/es\/wp-json\/wp\/v2\/media?parent=7492"}],"wp:term":[{"taxonomy":"product_brand","embeddable":true,"href":"https:\/\/globalmasteraesthetics.com\/es\/wp-json\/wp\/v2\/product_brand?post=7492"},{"taxonomy":"product_cat","embeddable":true,"href":"https:\/\/globalmasteraesthetics.com\/es\/wp-json\/wp\/v2\/product_cat?post=7492"},{"taxonomy":"product_tag","embeddable":true,"href":"https:\/\/globalmasteraesthetics.com\/es\/wp-json\/wp\/v2\/product_tag?post=7492"}],"curies":[{"name":"wp","href":"https:\/\/api.w.org\/{rel}","templated":true}]}}