{"id":7488,"date":"2025-06-17T04:41:55","date_gmt":"2025-06-17T08:41:55","guid":{"rendered":"https:\/\/globalmasteraesthetics.com\/product\/tratamiento-completo-de-cara-y-cuello-mediante-inyeccion-de-toxinas\/"},"modified":"2025-10-26T08:14:02","modified_gmt":"2025-10-26T12:14:02","slug":"tratamiento-completo-de-cara-y-cuello-mediante-inyeccion-de-toxinas","status":"publish","type":"product","link":"https:\/\/globalmasteraesthetics.com\/es\/producto\/tratamiento-completo-de-cara-y-cuello-mediante-inyeccion-de-toxinas\/","title":{"rendered":"Tratamiento completo de cara y cuello mediante inyecci\u00f3n de toxinas"},"content":{"rendered":"","protected":false},"excerpt":{"rendered":"<ul>\n<li>Toxina botul\u00ednica avanzada<\/li>\n<li>Tratamiento con Toxina Botul\u00ednica en Cara Superior, Media, Inferior y Cuello<\/li>\n<li>Evaluaci\u00f3n del paciente y contraindicaciones<\/li>\n<li>Evaluaci\u00f3n y Tratamiento de la Cara Superior, Nasal, Perioral, Mental, Masetero, Platisma<\/li>\n<li>m\u00fasculos<\/li>\n<li>Se\u00f1alizaci\u00f3n superficial de los puntos de inyecci\u00f3n<\/li>\n<li>Evaluaci\u00f3n y Tratamiento de la Cara Superior, Nasal, Perioral, Mental, Masetero, Platisma<\/li>\n<li>m\u00fasculos<\/li>\n<li>V\u00eddeo de demostraci\u00f3n<\/li>\n<li>Formulario de consentimiento BOTOX<\/li>\n<li>Cuidados postoperatorios del tratamiento con toxina botul\u00ednica<\/li>\n<li>Cuestionario avanzado sobre toxina botul\u00ednica<br \/>\n<h2>NUESTRA VISI\u00d3N<\/h2>\n<p>Expert Aesthetic Courses se compromete a proporcionar una formaci\u00f3n en l\u00ednea accesible y de alta calidad a los profesionales m\u00e9dicos que deseen ampliar sus conocimientos en est\u00e9tica no quir\u00fargica. Nuestros completos cursos se centran en t\u00e9cnicas avanzadas con toxina botul\u00ednica y rellenos d\u00e9rmicos, con m\u00f3dulos exhaustivos que abarcan la anatom\u00eda facial, la planificaci\u00f3n del tratamiento, la seguridad y la gesti\u00f3n de las complicaciones. Cada curso incluye claras demostraciones en v\u00eddeo, recursos descargables y cuestionarios para reforzar el aprendizaje. Al finalizarlo con \u00e9xito, recibir\u00e1s un certificado que acredite tus logros. Nuestro objetivo es darte la confianza y la base te\u00f3rica necesarias para mejorar tu pr\u00e1ctica est\u00e9tica, en cualquier momento y lugar.    <\/li>\n<\/ul>\n","protected":false},"featured_media":5834,"comment_status":"open","ping_status":"closed","template":"","meta":{"pmpro_default_level":""},"product_brand":[],"product_cat":[232,264],"product_tag":[],"class_list":{"0":"post-7488","1":"product","2":"type-product","3":"status-publish","4":"has-post-thumbnail","6":"product_cat-clase-magistral","7":"product_cat-toxina-botulinica","8":"pmpro-has-access","10":"first","11":"instock","12":"sold-individually","13":"shipping-taxable","14":"purchasable","15":"product-type-simple"},"exclude_global_add_ons":[],"addons":[],"_links":{"self":[{"href":"https:\/\/globalmasteraesthetics.com\/es\/wp-json\/wp\/v2\/product\/7488","targetHints":{"allow":["GET"]}}],"collection":[{"href":"https:\/\/globalmasteraesthetics.com\/es\/wp-json\/wp\/v2\/product"}],"about":[{"href":"https:\/\/globalmasteraesthetics.com\/es\/wp-json\/wp\/v2\/types\/product"}],"replies":[{"embeddable":true,"href":"https:\/\/globalmasteraesthetics.com\/es\/wp-json\/wp\/v2\/comments?post=7488"}],"version-history":[{"count":1,"href":"https:\/\/globalmasteraesthetics.com\/es\/wp-json\/wp\/v2\/product\/7488\/revisions"}],"predecessor-version":[{"id":8170,"href":"https:\/\/globalmasteraesthetics.com\/es\/wp-json\/wp\/v2\/product\/7488\/revisions\/8170"}],"wp:featuredmedia":[{"embeddable":true,"href":"https:\/\/globalmasteraesthetics.com\/es\/wp-json\/wp\/v2\/media\/5834"}],"wp:attachment":[{"href":"https:\/\/globalmasteraesthetics.com\/es\/wp-json\/wp\/v2\/media?parent=7488"}],"wp:term":[{"taxonomy":"product_brand","embeddable":true,"href":"https:\/\/globalmasteraesthetics.com\/es\/wp-json\/wp\/v2\/product_brand?post=7488"},{"taxonomy":"product_cat","embeddable":true,"href":"https:\/\/globalmasteraesthetics.com\/es\/wp-json\/wp\/v2\/product_cat?post=7488"},{"taxonomy":"product_tag","embeddable":true,"href":"https:\/\/globalmasteraesthetics.com\/es\/wp-json\/wp\/v2\/product_tag?post=7488"}],"curies":[{"name":"wp","href":"https:\/\/api.w.org\/{rel}","templated":true}]}}