{"id":7473,"date":"2025-06-17T03:35:47","date_gmt":"2025-06-17T07:35:47","guid":{"rendered":"https:\/\/globalmasteraesthetics.com\/product\/contenido-del-curso-de-microneedling\/"},"modified":"2025-10-26T08:11:18","modified_gmt":"2025-10-26T12:11:18","slug":"contenido-del-curso-de-microneedling","status":"publish","type":"product","link":"https:\/\/globalmasteraesthetics.com\/es\/producto\/contenido-del-curso-de-microneedling\/","title":{"rendered":"Contenido del curso de Microneedling"},"content":{"rendered":"","protected":false},"excerpt":{"rendered":"<p><strong>Principios y Fundamentos de la Microneedling<\/strong><\/p>\n<ul>\n<li>La definici\u00f3n de microneedling y su posici\u00f3n en las pr\u00e1cticas m\u00e9dicas y est\u00e9ticas<\/li>\n<li>Examen de los beneficios, limitaciones, riesgos y resultados cl\u00ednicos de la micropuntura<\/li>\n<li>Introducci\u00f3n al equipo, los materiales y las normas de los dispositivos necesarios para la micropunci\u00f3n<\/li>\n<li>Indicaciones y contraindicaciones de los procedimientos de micropunci\u00f3n<\/li>\n<li>Estrategias para realizar consultas y seleccionar a los candidatos adecuados (selecci\u00f3n de casos)<\/li>\n<li>Pautas de preparaci\u00f3n antes y despu\u00e9s del procedimiento<\/li>\n<\/ul>\n<p><strong>Microneedling para diversas indicaciones<\/strong><\/p>\n<ul>\n<li>Microneedling en el tratamiento de la ca\u00edda del cabello<\/li>\n<li>Microneedling para el rejuvenecimiento del rostro, cuello y escote<\/li>\n<li>Microneedling para tratar lesiones hiperpigmentadas e hipopigmentadas<\/li>\n<li>Microneedling para tratar distintos tipos de cicatrices<\/li>\n<li>Microneedling para las arrugas finas del contorno de ojos y labios<\/li>\n<li>Microneedling para afecciones como la telangiectasia y la cuperosis<\/li>\n<\/ul>\n<p><strong>Control de los resultados y las complicaciones de la microneedling<\/strong><\/p>\n<ul>\n<li>Factores clave que afectan a los resultados de la micropunci\u00f3n<\/li>\n<li>Complicaciones del microneedling clasificadas por factores relacionados con el paciente, problemas con el equipo y t\u00e9cnicas de procedimiento<\/li>\n<li>Estrategias eficaces para controlar los efectos secundarios<\/li>\n<\/ul>\n","protected":false},"featured_media":5856,"comment_status":"open","ping_status":"closed","template":"","meta":{"pmpro_default_level":""},"product_brand":[],"product_cat":[232,281],"product_tag":[],"class_list":{"0":"post-7473","1":"product","2":"type-product","3":"status-publish","4":"has-post-thumbnail","6":"product_cat-clase-magistral","7":"product_cat-microagujas","8":"pmpro-has-access","10":"first","11":"instock","12":"sold-individually","13":"shipping-taxable","14":"purchasable","15":"product-type-simple"},"exclude_global_add_ons":[],"addons":[],"_links":{"self":[{"href":"https:\/\/globalmasteraesthetics.com\/es\/wp-json\/wp\/v2\/product\/7473","targetHints":{"allow":["GET"]}}],"collection":[{"href":"https:\/\/globalmasteraesthetics.com\/es\/wp-json\/wp\/v2\/product"}],"about":[{"href":"https:\/\/globalmasteraesthetics.com\/es\/wp-json\/wp\/v2\/types\/product"}],"replies":[{"embeddable":true,"href":"https:\/\/globalmasteraesthetics.com\/es\/wp-json\/wp\/v2\/comments?post=7473"}],"version-history":[{"count":1,"href":"https:\/\/globalmasteraesthetics.com\/es\/wp-json\/wp\/v2\/product\/7473\/revisions"}],"predecessor-version":[{"id":7838,"href":"https:\/\/globalmasteraesthetics.com\/es\/wp-json\/wp\/v2\/product\/7473\/revisions\/7838"}],"wp:featuredmedia":[{"embeddable":true,"href":"https:\/\/globalmasteraesthetics.com\/es\/wp-json\/wp\/v2\/media\/5856"}],"wp:attachment":[{"href":"https:\/\/globalmasteraesthetics.com\/es\/wp-json\/wp\/v2\/media?parent=7473"}],"wp:term":[{"taxonomy":"product_brand","embeddable":true,"href":"https:\/\/globalmasteraesthetics.com\/es\/wp-json\/wp\/v2\/product_brand?post=7473"},{"taxonomy":"product_cat","embeddable":true,"href":"https:\/\/globalmasteraesthetics.com\/es\/wp-json\/wp\/v2\/product_cat?post=7473"},{"taxonomy":"product_tag","embeddable":true,"href":"https:\/\/globalmasteraesthetics.com\/es\/wp-json\/wp\/v2\/product_tag?post=7473"}],"curies":[{"name":"wp","href":"https:\/\/api.w.org\/{rel}","templated":true}]}}