{"id":7458,"date":"2025-06-17T03:35:44","date_gmt":"2025-06-17T07:35:44","guid":{"rendered":"https:\/\/globalmasteraesthetics.com\/product\/formacion-en-complicaciones-esteticas\/"},"modified":"2025-10-26T08:11:35","modified_gmt":"2025-10-26T12:11:35","slug":"formacion-en-complicaciones-esteticas","status":"publish","type":"product","link":"https:\/\/globalmasteraesthetics.com\/es\/producto\/formacion-en-complicaciones-esteticas\/","title":{"rendered":"FORMACI\u00d3N EN COMPLICACIONES EST\u00c9TICAS"},"content":{"rendered":"","protected":false},"excerpt":{"rendered":"<ul>\n<li data-start=\"38\" data-end=\"78\">\n<p data-start=\"40\" data-end=\"78\">Presentaci\u00f3n de las Complicaciones Est\u00e9ticas<\/p>\n<\/li>\n<li data-start=\"79\" data-end=\"102\">\n<p data-start=\"81\" data-end=\"102\">V\u00eddeo de complicaciones<\/p>\n<\/li>\n<li data-start=\"103\" data-end=\"137\">\n<p data-start=\"105\" data-end=\"137\">Demostraci\u00f3n de la hialuronidasa<\/p>\n<\/li>\n<li data-start=\"138\" data-end=\"162\">\n<p data-start=\"140\" data-end=\"162\">Uso de la hialuronidasa<\/p>\n<\/li>\n<li data-start=\"163\" data-end=\"184\">\n<p data-start=\"165\" data-end=\"184\">Control de infecciones<\/p>\n<\/li>\n<li data-start=\"185\" data-end=\"260\">\n<p data-start=\"187\" data-end=\"260\">Prevenci\u00f3n y tratamiento de los n\u00f3dulos y granulomas de aparici\u00f3n precoz y tard\u00eda<\/p>\n<\/li>\n<li data-start=\"261\" data-end=\"313\">\n<p data-start=\"263\" data-end=\"313\">Consejo de Reanimaci\u00f3n &#8211; Reconocimiento anafil\u00e1ctico<\/p>\n<\/li>\n<li data-start=\"314\" data-end=\"334\" data-is-last-node=\"\">\n<p data-start=\"316\" data-end=\"334\" data-is-last-node=\"\">Cuestionario de fin de curso<\/p>\n<h2>NUESTRA VISI\u00d3N<\/h2>\n<p>Nuestro Curso B\u00e1sico de Est\u00e9tica Online est\u00e1 dise\u00f1ado para proporcionar a los aspirantes a profesionales de la est\u00e9tica una introducci\u00f3n s\u00f3lida y basada en pruebas a la medicina est\u00e9tica. Este curso se centra en el uso seguro y eficaz de la toxina botul\u00ednica y los rellenos d\u00e9rmicos, con m\u00f3dulos exhaustivos que abarcan la anatom\u00eda facial, la planificaci\u00f3n del tratamiento, el envejecimiento facial y la gesti\u00f3n de las complicaciones. <\/p>\n<p>Combinamos un aprendizaje te\u00f3rico exhaustivo con demostraciones en v\u00eddeo de alta calidad, recursos descargables y cuestionarios para ayudarte a reforzar tus conocimientos. Tanto si acabas de empezar como si est\u00e1s refrescando tus conocimientos b\u00e1sicos, este curso sienta las bases para una pr\u00e1ctica cl\u00ednica segura, \u00e9tica y confiada, todo ello accesible en l\u00ednea, a tu propio ritmo. <\/li>\n<\/ul>\n","protected":false},"featured_media":5852,"comment_status":"open","ping_status":"closed","template":"","meta":{"pmpro_default_level":""},"product_brand":[],"product_cat":[232,224],"product_tag":[],"class_list":{"0":"post-7458","1":"product","2":"type-product","3":"status-publish","4":"has-post-thumbnail","6":"product_cat-clase-magistral","7":"product_cat-sin-categoria","8":"pmpro-has-access","10":"first","11":"instock","12":"sold-individually","13":"shipping-taxable","14":"purchasable","15":"product-type-simple"},"exclude_global_add_ons":[],"addons":[],"_links":{"self":[{"href":"https:\/\/globalmasteraesthetics.com\/es\/wp-json\/wp\/v2\/product\/7458","targetHints":{"allow":["GET"]}}],"collection":[{"href":"https:\/\/globalmasteraesthetics.com\/es\/wp-json\/wp\/v2\/product"}],"about":[{"href":"https:\/\/globalmasteraesthetics.com\/es\/wp-json\/wp\/v2\/types\/product"}],"replies":[{"embeddable":true,"href":"https:\/\/globalmasteraesthetics.com\/es\/wp-json\/wp\/v2\/comments?post=7458"}],"version-history":[{"count":1,"href":"https:\/\/globalmasteraesthetics.com\/es\/wp-json\/wp\/v2\/product\/7458\/revisions"}],"predecessor-version":[{"id":7882,"href":"https:\/\/globalmasteraesthetics.com\/es\/wp-json\/wp\/v2\/product\/7458\/revisions\/7882"}],"wp:featuredmedia":[{"embeddable":true,"href":"https:\/\/globalmasteraesthetics.com\/es\/wp-json\/wp\/v2\/media\/5852"}],"wp:attachment":[{"href":"https:\/\/globalmasteraesthetics.com\/es\/wp-json\/wp\/v2\/media?parent=7458"}],"wp:term":[{"taxonomy":"product_brand","embeddable":true,"href":"https:\/\/globalmasteraesthetics.com\/es\/wp-json\/wp\/v2\/product_brand?post=7458"},{"taxonomy":"product_cat","embeddable":true,"href":"https:\/\/globalmasteraesthetics.com\/es\/wp-json\/wp\/v2\/product_cat?post=7458"},{"taxonomy":"product_tag","embeddable":true,"href":"https:\/\/globalmasteraesthetics.com\/es\/wp-json\/wp\/v2\/product_tag?post=7458"}],"curies":[{"name":"wp","href":"https:\/\/api.w.org\/{rel}","templated":true}]}}