{"id":7429,"date":"2025-06-17T04:08:07","date_gmt":"2025-06-17T08:08:07","guid":{"rendered":"https:\/\/globalmasteraesthetics.com\/product\/formacion-basica-online\/"},"modified":"2025-10-26T08:10:24","modified_gmt":"2025-10-26T12:10:24","slug":"formacion-basica-online","status":"publish","type":"product","link":"https:\/\/globalmasteraesthetics.com\/es\/producto\/formacion-basica-online\/","title":{"rendered":"FORMACI\u00d3N B\u00c1SICA ONLINE"},"content":{"rendered":"","protected":false},"excerpt":{"rendered":"<ul>\n<li><strong>Material previo al curso<\/strong><\/li>\n<\/ul>\n<ol>\n<li>Tu primer paso en nuestra Formaci\u00f3n de Fundamentos Online es nuestro material previo al curso, que te dar\u00e1 una visi\u00f3n general de lo que te espera en<br \/>\n.<\/li>\n<li>Resumen del material previo al curso<\/li>\n<li>V\u00eddeo de reconstituci\u00f3n de Botox<\/li>\n<li>Anatom\u00eda del botox en la parte superior de la cara<\/li>\n<li>Cuidados postoperatorios del tratamiento con toxina botul\u00ednica<\/li>\n<li>Formaci\u00f3n b\u00e1sica en Botox: Cuestionario<\/li>\n<li>Anatom\u00eda para el tratamiento con relleno d\u00e9rmico<\/li>\n<li>Cuidados postoperatorios del tratamiento de relleno d\u00e9rmico<\/li>\n<li>Formaci\u00f3n B\u00e1sica en Relleno D\u00e9rmico: Cuestionario<\/li>\n<\/ol>\n<ul>\n<li><strong>Formaci\u00f3n b\u00e1sica en Botox<\/strong><\/li>\n<\/ul>\n<ol>\n<li>Esta secci\u00f3n de nuestro curso online de Fundamentos se centra en el Botox b\u00e1sico, incluida la reconstituci\u00f3n, la anatom\u00eda de<br \/>\ny los cuidados posteriores.<\/li>\n<li>Presentaci\u00f3n de la Fundaci\u00f3n Botox<\/li>\n<li>Presentaci\u00f3n de la Fundaci\u00f3n Botox Parte 1<\/li>\n<li>Presentaci\u00f3n de la Fundaci\u00f3n Botox Parte 2<\/li>\n<\/ol>\n<ul>\n<li>Envejecimiento facial y evaluaci\u00f3n<\/li>\n<\/ul>\n<ol>\n<li>Fisiolog\u00eda est\u00e1tica y din\u00e1mica del envejecimiento facial<\/li>\n<li>Presentaci\u00f3n del Envejecimiento Facial<\/li>\n<li>Presentaci\u00f3n de la Fundaci\u00f3n Envejecimiento Facial y Evaluaci\u00f3n<\/li>\n<\/ol>\n<ul>\n<li>Formaci\u00f3n b\u00e1sica en Relleno d\u00e9rmico<\/li>\n<\/ul>\n<ol>\n<li>Esta parte de nuestra formaci\u00f3n b\u00e1sica en l\u00ednea te lleva a trav\u00e9s del uso b\u00e1sico del relleno d\u00e9rmico en la est\u00e9tica<br \/>\n, centr\u00e1ndose en el tratamiento alrededor de la boca.<\/li>\n<li>Presentaci\u00f3n de la Fundaci\u00f3n Relleno D\u00e9rmico<\/li>\n<li>Presentaci\u00f3n de la Fundaci\u00f3n Relleno D\u00e9rmico<\/li>\n<li>Relleno alrededor de la boca demo con c\u00e1nula<br \/>\n<h2>NUESTRA VISI\u00d3N<\/h2>\n<p>Nuestro Curso B\u00e1sico de Est\u00e9tica Online est\u00e1 dise\u00f1ado para proporcionar a los aspirantes a profesionales de la est\u00e9tica una introducci\u00f3n s\u00f3lida y basada en pruebas a la medicina est\u00e9tica. Este curso se centra en el uso seguro y eficaz de la toxina botul\u00ednica y los rellenos d\u00e9rmicos, con m\u00f3dulos exhaustivos que abarcan la anatom\u00eda facial, la planificaci\u00f3n del tratamiento, el envejecimiento facial y la gesti\u00f3n de las complicaciones. <\/p>\n<p>Combinamos un aprendizaje te\u00f3rico exhaustivo con demostraciones en v\u00eddeo de alta calidad, recursos descargables y cuestionarios para ayudarte a reforzar tus conocimientos. Tanto si acabas de empezar como si est\u00e1s refrescando tus conocimientos b\u00e1sicos, este curso sienta las bases para una pr\u00e1ctica cl\u00ednica segura, \u00e9tica y confiada, todo ello accesible en l\u00ednea, a tu propio ritmo. <\/li>\n<\/ol>\n","protected":false},"featured_media":5849,"comment_status":"open","ping_status":"closed","template":"","meta":{"pmpro_default_level":""},"product_brand":[],"product_cat":[232,224],"product_tag":[],"class_list":{"0":"post-7429","1":"product","2":"type-product","3":"status-publish","4":"has-post-thumbnail","6":"product_cat-clase-magistral","7":"product_cat-sin-categoria","8":"pmpro-has-access","10":"first","11":"instock","12":"sold-individually","13":"shipping-taxable","14":"purchasable","15":"product-type-simple"},"exclude_global_add_ons":[],"addons":[],"_links":{"self":[{"href":"https:\/\/globalmasteraesthetics.com\/es\/wp-json\/wp\/v2\/product\/7429","targetHints":{"allow":["GET"]}}],"collection":[{"href":"https:\/\/globalmasteraesthetics.com\/es\/wp-json\/wp\/v2\/product"}],"about":[{"href":"https:\/\/globalmasteraesthetics.com\/es\/wp-json\/wp\/v2\/types\/product"}],"replies":[{"embeddable":true,"href":"https:\/\/globalmasteraesthetics.com\/es\/wp-json\/wp\/v2\/comments?post=7429"}],"version-history":[{"count":1,"href":"https:\/\/globalmasteraesthetics.com\/es\/wp-json\/wp\/v2\/product\/7429\/revisions"}],"predecessor-version":[{"id":7691,"href":"https:\/\/globalmasteraesthetics.com\/es\/wp-json\/wp\/v2\/product\/7429\/revisions\/7691"}],"wp:featuredmedia":[{"embeddable":true,"href":"https:\/\/globalmasteraesthetics.com\/es\/wp-json\/wp\/v2\/media\/5849"}],"wp:attachment":[{"href":"https:\/\/globalmasteraesthetics.com\/es\/wp-json\/wp\/v2\/media?parent=7429"}],"wp:term":[{"taxonomy":"product_brand","embeddable":true,"href":"https:\/\/globalmasteraesthetics.com\/es\/wp-json\/wp\/v2\/product_brand?post=7429"},{"taxonomy":"product_cat","embeddable":true,"href":"https:\/\/globalmasteraesthetics.com\/es\/wp-json\/wp\/v2\/product_cat?post=7429"},{"taxonomy":"product_tag","embeddable":true,"href":"https:\/\/globalmasteraesthetics.com\/es\/wp-json\/wp\/v2\/product_tag?post=7429"}],"curies":[{"name":"wp","href":"https:\/\/api.w.org\/{rel}","templated":true}]}}