{"id":7423,"date":"2025-06-17T04:39:08","date_gmt":"2025-06-17T08:39:08","guid":{"rendered":"https:\/\/globalmasteraesthetics.com\/product\/relleno-alrededor-de-la-boca-con-formacion-de-canula\/"},"modified":"2025-10-26T08:12:47","modified_gmt":"2025-10-26T12:12:47","slug":"relleno-alrededor-de-la-boca-con-formacion-de-canula","status":"publish","type":"product","link":"https:\/\/globalmasteraesthetics.com\/es\/producto\/relleno-alrededor-de-la-boca-con-formacion-de-canula\/","title":{"rendered":"RELLENO ALREDEDOR DE LA BOCA CON FORMACI\u00d3N DE C\u00c1NULA"},"content":{"rendered":"","protected":false},"excerpt":{"rendered":"<p>Este breve curso abarca una introducci\u00f3n a las t\u00e9cnicas con c\u00e1nula para tratar zonas clave como los Pliegues Nasolabiales y las L\u00edneas de Marioneta. Se te proporcionar\u00e1n ventajas tanto para el paciente como para el profesional, demostrando una alternativa m\u00e1s segura a los tratamientos Nasolabiales. <\/p>\n<h2><strong>NUESTRA VISI\u00d3N<\/strong><\/h2>\n<p>En Cursos Avanzados de Est\u00e9tica, nos dedicamos a dotar a los profesionales de la est\u00e9tica de conocimientos completos y actualizados mediante una formaci\u00f3n online de alta calidad. Nuestros cursos se centran en t\u00e9cnicas inyectables avanzadas, incluidos los tratamientos con toxinas y rellenos d\u00e9rmicos para los labios, las mejillas, la mand\u00edbula, las sienes y mucho m\u00e1s. Combinamos teor\u00eda en profundidad, estrategias de evaluaci\u00f3n de pacientes y demostraciones en v\u00eddeo para respaldar una pr\u00e1ctica cl\u00ednica segura e informada. Cada curso incluye materiales descargables, protocolos de tratamiento y un certificado al finalizarlo con \u00e9xito. Tanto si quieres mejorar tus habilidades como ampliar tu cartera de tratamientos, estamos aqu\u00ed para ayudarte a crecer, en tu horario y desde cualquier lugar.    <\/p>\n","protected":false},"featured_media":5839,"comment_status":"open","ping_status":"closed","template":"","meta":{"pmpro_default_level":""},"product_brand":[],"product_cat":[232,248],"product_tag":[],"class_list":{"0":"post-7423","1":"product","2":"type-product","3":"status-publish","4":"has-post-thumbnail","6":"product_cat-clase-magistral","7":"product_cat-relleno","8":"pmpro-has-access","10":"first","11":"instock","12":"sold-individually","13":"shipping-taxable","14":"purchasable","15":"product-type-simple"},"exclude_global_add_ons":[],"addons":[],"_links":{"self":[{"href":"https:\/\/globalmasteraesthetics.com\/es\/wp-json\/wp\/v2\/product\/7423","targetHints":{"allow":["GET"]}}],"collection":[{"href":"https:\/\/globalmasteraesthetics.com\/es\/wp-json\/wp\/v2\/product"}],"about":[{"href":"https:\/\/globalmasteraesthetics.com\/es\/wp-json\/wp\/v2\/types\/product"}],"replies":[{"embeddable":true,"href":"https:\/\/globalmasteraesthetics.com\/es\/wp-json\/wp\/v2\/comments?post=7423"}],"version-history":[{"count":1,"href":"https:\/\/globalmasteraesthetics.com\/es\/wp-json\/wp\/v2\/product\/7423\/revisions"}],"predecessor-version":[{"id":7426,"href":"https:\/\/globalmasteraesthetics.com\/es\/wp-json\/wp\/v2\/product\/7423\/revisions\/7426"}],"wp:featuredmedia":[{"embeddable":true,"href":"https:\/\/globalmasteraesthetics.com\/es\/wp-json\/wp\/v2\/media\/5839"}],"wp:attachment":[{"href":"https:\/\/globalmasteraesthetics.com\/es\/wp-json\/wp\/v2\/media?parent=7423"}],"wp:term":[{"taxonomy":"product_brand","embeddable":true,"href":"https:\/\/globalmasteraesthetics.com\/es\/wp-json\/wp\/v2\/product_brand?post=7423"},{"taxonomy":"product_cat","embeddable":true,"href":"https:\/\/globalmasteraesthetics.com\/es\/wp-json\/wp\/v2\/product_cat?post=7423"},{"taxonomy":"product_tag","embeddable":true,"href":"https:\/\/globalmasteraesthetics.com\/es\/wp-json\/wp\/v2\/product_tag?post=7423"}],"curies":[{"name":"wp","href":"https:\/\/api.w.org\/{rel}","templated":true}]}}