{"id":7380,"date":"2025-06-17T04:08:14","date_gmt":"2025-06-17T08:08:14","guid":{"rendered":"https:\/\/globalmasteraesthetics.com\/product\/toxina-botulinica-nivel-2-tecnicas-optimas-de-inyeccion-de-toxinas-botulinicas-en-la-practica-diaria\/"},"modified":"2025-10-26T08:13:02","modified_gmt":"2025-10-26T12:13:02","slug":"toxina-botulinica-nivel-2-tecnicas-optimas-de-inyeccion-de-toxinas-botulinicas-en-la-practica-diaria","status":"publish","type":"product","link":"https:\/\/globalmasteraesthetics.com\/es\/producto\/toxina-botulinica-nivel-2-tecnicas-optimas-de-inyeccion-de-toxinas-botulinicas-en-la-practica-diaria\/","title":{"rendered":"Toxina Botul\u00ednica Nivel 2: T\u00e9cnicas \u00d3ptimas de Inyecci\u00f3n de Toxinas Botul\u00ednicas en la Pr\u00e1ctica Diaria"},"content":{"rendered":"","protected":false},"excerpt":{"rendered":"<p>&#8211; Aprende a reconstituir correctamente la Toxina Botul\u00ednica<\/p>\n<p>&#8211; Utiliza las diferentes t\u00e9cnicas de inyecci\u00f3n de Toxina Botul\u00ednica para optimizar<br \/>\nlos resultados de tus inyecciones<\/p>\n<p>&#8211; Administrar eficazmente t\u00e9cnicas de inyecci\u00f3n en toda la cara, incluidas, entre otras, las l\u00edneas de la frente, las patas de gallo, las l\u00edneas de los fumadores, las l\u00edneas de la sonrisa gingival<br \/>\n, la boca respingona y la barbilla de guijarro.<\/p>\n<p>&#8211; Administrar con seguridad la Toxina Botul\u00ednica evitando cualquier riesgo o<br \/>\nresultados adversos<\/p>\n<p>&#8211; Visi\u00f3n general de las t\u00e9cnicas de inyecci\u00f3n<\/p>\n<h2>NUESTRA VISI\u00d3N<\/h2>\n<p>Nuestros Cursos de Toxina Botul\u00ednica est\u00e1n dise\u00f1ados para proporcionar una comprensi\u00f3n clara, estructurada y profunda de los tratamientos est\u00e9ticos con toxinas, desde los conocimientos b\u00e1sicos hasta las t\u00e9cnicas avanzadas de inyecci\u00f3n. Estos cursos, que se imparten \u00edntegramente en l\u00ednea, son ideales para los profesionales m\u00e9dicos que desean ganar confianza en la evaluaci\u00f3n del paciente, la anatom\u00eda facial y la aplicaci\u00f3n segura de la toxina botul\u00ednica en la pr\u00e1ctica est\u00e9tica diaria. <\/p>\n<p>Centrada tanto en la teor\u00eda como en la aplicaci\u00f3n en el mundo real, nuestra formaci\u00f3n abarca desde la selecci\u00f3n de productos y el mapeo facial hasta los planes de tratamiento de todo el rostro y la gesti\u00f3n de riesgos. Mediante contenidos dirigidos por expertos, demostraciones en v\u00eddeo y recursos descargables, pretendemos prepararte para una pr\u00e1ctica segura, eficaz y \u00e9tica en el cambiante campo de la medicina est\u00e9tica. <\/p>\n","protected":false},"featured_media":5846,"comment_status":"open","ping_status":"closed","template":"","meta":{"pmpro_default_level":""},"product_brand":[],"product_cat":[232,264],"product_tag":[],"class_list":{"0":"post-7380","1":"product","2":"type-product","3":"status-publish","4":"has-post-thumbnail","6":"product_cat-clase-magistral","7":"product_cat-toxina-botulinica","8":"pmpro-has-access","10":"first","11":"instock","12":"sold-individually","13":"shipping-taxable","14":"purchasable","15":"product-type-simple"},"exclude_global_add_ons":[],"addons":[],"_links":{"self":[{"href":"https:\/\/globalmasteraesthetics.com\/es\/wp-json\/wp\/v2\/product\/7380","targetHints":{"allow":["GET"]}}],"collection":[{"href":"https:\/\/globalmasteraesthetics.com\/es\/wp-json\/wp\/v2\/product"}],"about":[{"href":"https:\/\/globalmasteraesthetics.com\/es\/wp-json\/wp\/v2\/types\/product"}],"replies":[{"embeddable":true,"href":"https:\/\/globalmasteraesthetics.com\/es\/wp-json\/wp\/v2\/comments?post=7380"}],"version-history":[{"count":1,"href":"https:\/\/globalmasteraesthetics.com\/es\/wp-json\/wp\/v2\/product\/7380\/revisions"}],"predecessor-version":[{"id":8027,"href":"https:\/\/globalmasteraesthetics.com\/es\/wp-json\/wp\/v2\/product\/7380\/revisions\/8027"}],"wp:featuredmedia":[{"embeddable":true,"href":"https:\/\/globalmasteraesthetics.com\/es\/wp-json\/wp\/v2\/media\/5846"}],"wp:attachment":[{"href":"https:\/\/globalmasteraesthetics.com\/es\/wp-json\/wp\/v2\/media?parent=7380"}],"wp:term":[{"taxonomy":"product_brand","embeddable":true,"href":"https:\/\/globalmasteraesthetics.com\/es\/wp-json\/wp\/v2\/product_brand?post=7380"},{"taxonomy":"product_cat","embeddable":true,"href":"https:\/\/globalmasteraesthetics.com\/es\/wp-json\/wp\/v2\/product_cat?post=7380"},{"taxonomy":"product_tag","embeddable":true,"href":"https:\/\/globalmasteraesthetics.com\/es\/wp-json\/wp\/v2\/product_tag?post=7380"}],"curies":[{"name":"wp","href":"https:\/\/api.w.org\/{rel}","templated":true}]}}