{"id":7346,"date":"2025-06-17T04:08:13","date_gmt":"2025-06-17T08:08:13","guid":{"rendered":"https:\/\/globalmasteraesthetics.com\/product\/toxina-botulinica-nivel-1-introduccion-exhaustiva-y-vision-general-de-las-toxinas-botulinicas\/"},"modified":"2025-06-17T04:08:13","modified_gmt":"2025-06-17T08:08:13","slug":"toxina-botulinica-nivel-1-introduccion-exhaustiva-y-vision-general-de-las-toxinas-botulinicas","status":"publish","type":"product","link":"https:\/\/globalmasteraesthetics.com\/es\/producto\/toxina-botulinica-nivel-1-introduccion-exhaustiva-y-vision-general-de-las-toxinas-botulinicas\/","title":{"rendered":"Toxina Botul\u00ednica Nivel 1: Introducci\u00f3n exhaustiva y visi\u00f3n general de las Toxinas Botul\u00ednicas"},"content":{"rendered":"","protected":false},"excerpt":{"rendered":"<p>&#8211; Comprender la anatom\u00eda, los m\u00fasculos y nunca de la cara y la cabeza<\/p>\n<p>&#8211; Visi\u00f3n general en profundidad de la Toxina Botul\u00ednica y los productos disponibles<\/p>\n<p>&#8211; Problemas de seguridad de la toxina botul\u00ednica y c\u00f3mo resolverlos<\/p>\n<p>&#8211; Precios de mercado de las toxinas botul\u00ednicas<\/p>\n<p>&#8211; Cuidados previos y posteriores a los servicios de Toxina Botul\u00ednica<\/p>\n<p>&#8211; Realizar una consulta y evaluaci\u00f3n inicial de un paciente para Toxinas Botul\u00ednicas<\/p>\n<h2>NUESTRA VISI\u00d3N<\/h2>\n<p>Nuestros Cursos de Toxina Botul\u00ednica est\u00e1n dise\u00f1ados para proporcionar una comprensi\u00f3n clara, estructurada y profunda de los tratamientos est\u00e9ticos con toxinas, desde los conocimientos b\u00e1sicos hasta las t\u00e9cnicas avanzadas de inyecci\u00f3n. Estos cursos, que se imparten \u00edntegramente en l\u00ednea, son ideales para los profesionales m\u00e9dicos que desean ganar confianza en la evaluaci\u00f3n del paciente, la anatom\u00eda facial y la aplicaci\u00f3n segura de la toxina botul\u00ednica en la pr\u00e1ctica est\u00e9tica diaria. <\/p>\n<p>Centrada tanto en la teor\u00eda como en la aplicaci\u00f3n en el mundo real, nuestra formaci\u00f3n abarca desde la selecci\u00f3n de productos y el mapeo facial hasta los planes de tratamiento de todo el rostro y la gesti\u00f3n de riesgos. Mediante contenidos dirigidos por expertos, demostraciones en v\u00eddeo y recursos descargables, pretendemos prepararte para una pr\u00e1ctica segura, eficaz y \u00e9tica en el cambiante campo de la medicina est\u00e9tica. <\/p>\n","protected":false},"featured_media":5860,"comment_status":"open","ping_status":"closed","template":"","meta":{"pmpro_default_level":""},"product_brand":[],"product_cat":[232,264],"product_tag":[],"class_list":{"0":"post-7346","1":"product","2":"type-product","3":"status-publish","4":"has-post-thumbnail","6":"product_cat-clase-magistral","7":"product_cat-toxina-botulinica","8":"pmpro-has-access","10":"first","11":"instock","12":"sold-individually","13":"shipping-taxable","14":"purchasable","15":"product-type-simple"},"exclude_global_add_ons":[],"addons":[],"_links":{"self":[{"href":"https:\/\/globalmasteraesthetics.com\/es\/wp-json\/wp\/v2\/product\/7346","targetHints":{"allow":["GET"]}}],"collection":[{"href":"https:\/\/globalmasteraesthetics.com\/es\/wp-json\/wp\/v2\/product"}],"about":[{"href":"https:\/\/globalmasteraesthetics.com\/es\/wp-json\/wp\/v2\/types\/product"}],"replies":[{"embeddable":true,"href":"https:\/\/globalmasteraesthetics.com\/es\/wp-json\/wp\/v2\/comments?post=7346"}],"version-history":[{"count":0,"href":"https:\/\/globalmasteraesthetics.com\/es\/wp-json\/wp\/v2\/product\/7346\/revisions"}],"wp:featuredmedia":[{"embeddable":true,"href":"https:\/\/globalmasteraesthetics.com\/es\/wp-json\/wp\/v2\/media\/5860"}],"wp:attachment":[{"href":"https:\/\/globalmasteraesthetics.com\/es\/wp-json\/wp\/v2\/media?parent=7346"}],"wp:term":[{"taxonomy":"product_brand","embeddable":true,"href":"https:\/\/globalmasteraesthetics.com\/es\/wp-json\/wp\/v2\/product_brand?post=7346"},{"taxonomy":"product_cat","embeddable":true,"href":"https:\/\/globalmasteraesthetics.com\/es\/wp-json\/wp\/v2\/product_cat?post=7346"},{"taxonomy":"product_tag","embeddable":true,"href":"https:\/\/globalmasteraesthetics.com\/es\/wp-json\/wp\/v2\/product_tag?post=7346"}],"curies":[{"name":"wp","href":"https:\/\/api.w.org\/{rel}","templated":true}]}}