{"id":7339,"date":"2025-06-17T04:08:12","date_gmt":"2025-06-17T08:08:12","guid":{"rendered":"https:\/\/globalmasteraesthetics.com\/product\/formacion-avanzada-en-toxina-botulinica\/"},"modified":"2025-10-26T08:13:09","modified_gmt":"2025-10-26T12:13:09","slug":"formacion-avanzada-en-toxina-botulinica","status":"publish","type":"product","link":"https:\/\/globalmasteraesthetics.com\/es\/producto\/formacion-avanzada-en-toxina-botulinica\/","title":{"rendered":"FORMACI\u00d3N AVANZADA EN TOXINA BOTUL\u00cdNICA"},"content":{"rendered":"","protected":false},"excerpt":{"rendered":"<ul>\n<li>Toxina botul\u00ednica avanzada<\/li>\n<li>Tratamiento con Toxina Botul\u00ednica de la DAO Perioral y Mentalis<\/li>\n<li>Formulario de consentimiento BOTOX<\/li>\n<li>Cuidados postoperatorios del tratamiento con toxina botul\u00ednica<\/li>\n<li>Cuestionario avanzado sobre toxina botul\u00ednica<br \/>\n<h2><strong>NUESTRA VISI\u00d3N<\/strong><\/h2>\n<p>En Cursos Avanzados de Est\u00e9tica, nos dedicamos a dotar a los profesionales de la est\u00e9tica de conocimientos completos y actualizados mediante una formaci\u00f3n online de alta calidad. Nuestros cursos se centran en t\u00e9cnicas inyectables avanzadas, incluidos los tratamientos con toxinas y rellenos d\u00e9rmicos para los labios, las mejillas, la mand\u00edbula, las sienes y mucho m\u00e1s. Combinamos teor\u00eda en profundidad, estrategias de evaluaci\u00f3n de pacientes y demostraciones en v\u00eddeo para respaldar una pr\u00e1ctica cl\u00ednica segura e informada. Cada curso incluye materiales descargables, protocolos de tratamiento y un certificado al finalizarlo con \u00e9xito. Tanto si quieres mejorar tus habilidades como ampliar tu cartera de tratamientos, estamos aqu\u00ed para ayudarte a crecer, en tu horario y desde cualquier lugar.    <\/li>\n<\/ul>\n","protected":false},"featured_media":5826,"comment_status":"open","ping_status":"closed","template":"","meta":{"pmpro_default_level":""},"product_brand":[],"product_cat":[232,264],"product_tag":[],"class_list":{"0":"post-7339","1":"product","2":"type-product","3":"status-publish","4":"has-post-thumbnail","6":"product_cat-clase-magistral","7":"product_cat-toxina-botulinica","8":"pmpro-has-access","10":"first","11":"instock","12":"sold-individually","13":"shipping-taxable","14":"purchasable","15":"product-type-simple"},"exclude_global_add_ons":[],"addons":[],"_links":{"self":[{"href":"https:\/\/globalmasteraesthetics.com\/es\/wp-json\/wp\/v2\/product\/7339","targetHints":{"allow":["GET"]}}],"collection":[{"href":"https:\/\/globalmasteraesthetics.com\/es\/wp-json\/wp\/v2\/product"}],"about":[{"href":"https:\/\/globalmasteraesthetics.com\/es\/wp-json\/wp\/v2\/types\/product"}],"replies":[{"embeddable":true,"href":"https:\/\/globalmasteraesthetics.com\/es\/wp-json\/wp\/v2\/comments?post=7339"}],"version-history":[{"count":1,"href":"https:\/\/globalmasteraesthetics.com\/es\/wp-json\/wp\/v2\/product\/7339\/revisions"}],"predecessor-version":[{"id":8042,"href":"https:\/\/globalmasteraesthetics.com\/es\/wp-json\/wp\/v2\/product\/7339\/revisions\/8042"}],"wp:featuredmedia":[{"embeddable":true,"href":"https:\/\/globalmasteraesthetics.com\/es\/wp-json\/wp\/v2\/media\/5826"}],"wp:attachment":[{"href":"https:\/\/globalmasteraesthetics.com\/es\/wp-json\/wp\/v2\/media?parent=7339"}],"wp:term":[{"taxonomy":"product_brand","embeddable":true,"href":"https:\/\/globalmasteraesthetics.com\/es\/wp-json\/wp\/v2\/product_brand?post=7339"},{"taxonomy":"product_cat","embeddable":true,"href":"https:\/\/globalmasteraesthetics.com\/es\/wp-json\/wp\/v2\/product_cat?post=7339"},{"taxonomy":"product_tag","embeddable":true,"href":"https:\/\/globalmasteraesthetics.com\/es\/wp-json\/wp\/v2\/product_tag?post=7339"}],"curies":[{"name":"wp","href":"https:\/\/api.w.org\/{rel}","templated":true}]}}