{"id":7306,"date":"2025-06-17T03:49:59","date_gmt":"2025-06-17T07:49:59","guid":{"rendered":"https:\/\/globalmasteraesthetics.com\/product\/introduccion-a-la-toxina-botulinica-formacion-online\/"},"modified":"2025-10-26T08:10:46","modified_gmt":"2025-10-26T12:10:46","slug":"introduccion-a-la-toxina-botulinica-formacion-online","status":"publish","type":"product","link":"https:\/\/globalmasteraesthetics.com\/es\/producto\/introduccion-a-la-toxina-botulinica-formacion-online\/","title":{"rendered":"INTRODUCCI\u00d3N A LA TOXINA BOTUL\u00cdNICA FORMACI\u00d3N ONLINE"},"content":{"rendered":"","protected":false},"excerpt":{"rendered":"<p>&#8211; \u00bfC\u00f3mo act\u00faa la toxina botul\u00ednica tipo A?<\/p>\n<p>&#8211; Reconstituci\u00f3n de la toxina botul\u00ednica tipo A<\/p>\n<p>&#8211; Anatom\u00eda del Botox de la parte superior de la cara<\/p>\n<p>&#8211; Los tipos de toxina botul\u00ednica tipo A<\/p>\n<p>&#8211; Contraindicaciones del uso de la toxina botul\u00ednica tipo A<\/p>\n<p>&#8211; Hoja de informaci\u00f3n para pacientes de Botox PDF<\/p>\n<p>&#8211; Toxina Botul\u00ednica Tipo A Cuidados Postoperatorios PDF<\/p>\n<p>&#8211; Resumen PDF<\/p>\n<p>&#8211; Cuestionario de Introducci\u00f3n a la Toxina Botul\u00ednica<\/p>\n<h2>NUESTRA VISI\u00d3N<\/h2>\n<p>Nuestro Curso B\u00e1sico de Est\u00e9tica Online est\u00e1 dise\u00f1ado para proporcionar a los aspirantes a profesionales de la est\u00e9tica una introducci\u00f3n s\u00f3lida y basada en pruebas a la medicina est\u00e9tica. Este curso se centra en el uso seguro y eficaz de la toxina botul\u00ednica y los rellenos d\u00e9rmicos, con m\u00f3dulos exhaustivos que abarcan la anatom\u00eda facial, la planificaci\u00f3n del tratamiento, el envejecimiento facial y la gesti\u00f3n de las complicaciones. <\/p>\n<p>Combinamos un aprendizaje te\u00f3rico exhaustivo con demostraciones en v\u00eddeo de alta calidad, recursos descargables y cuestionarios para ayudarte a reforzar tus conocimientos. Tanto si acabas de empezar como si est\u00e1s refrescando tus conocimientos b\u00e1sicos, este curso sienta las bases para una pr\u00e1ctica cl\u00ednica segura, \u00e9tica y confiada, todo ello accesible en l\u00ednea, a tu propio ritmo. <\/p>\n","protected":false},"featured_media":5850,"comment_status":"open","ping_status":"closed","template":"","meta":{"pmpro_default_level":""},"product_brand":[],"product_cat":[232],"product_tag":[],"class_list":{"0":"post-7306","1":"product","2":"type-product","3":"status-publish","4":"has-post-thumbnail","6":"product_cat-clase-magistral","7":"pmpro-has-access","9":"first","10":"instock","11":"sold-individually","12":"shipping-taxable","13":"purchasable","14":"product-type-simple"},"exclude_global_add_ons":[],"addons":[],"_links":{"self":[{"href":"https:\/\/globalmasteraesthetics.com\/es\/wp-json\/wp\/v2\/product\/7306","targetHints":{"allow":["GET"]}}],"collection":[{"href":"https:\/\/globalmasteraesthetics.com\/es\/wp-json\/wp\/v2\/product"}],"about":[{"href":"https:\/\/globalmasteraesthetics.com\/es\/wp-json\/wp\/v2\/types\/product"}],"replies":[{"embeddable":true,"href":"https:\/\/globalmasteraesthetics.com\/es\/wp-json\/wp\/v2\/comments?post=7306"}],"version-history":[{"count":1,"href":"https:\/\/globalmasteraesthetics.com\/es\/wp-json\/wp\/v2\/product\/7306\/revisions"}],"predecessor-version":[{"id":7753,"href":"https:\/\/globalmasteraesthetics.com\/es\/wp-json\/wp\/v2\/product\/7306\/revisions\/7753"}],"wp:featuredmedia":[{"embeddable":true,"href":"https:\/\/globalmasteraesthetics.com\/es\/wp-json\/wp\/v2\/media\/5850"}],"wp:attachment":[{"href":"https:\/\/globalmasteraesthetics.com\/es\/wp-json\/wp\/v2\/media?parent=7306"}],"wp:term":[{"taxonomy":"product_brand","embeddable":true,"href":"https:\/\/globalmasteraesthetics.com\/es\/wp-json\/wp\/v2\/product_brand?post=7306"},{"taxonomy":"product_cat","embeddable":true,"href":"https:\/\/globalmasteraesthetics.com\/es\/wp-json\/wp\/v2\/product_cat?post=7306"},{"taxonomy":"product_tag","embeddable":true,"href":"https:\/\/globalmasteraesthetics.com\/es\/wp-json\/wp\/v2\/product_tag?post=7306"}],"curies":[{"name":"wp","href":"https:\/\/api.w.org\/{rel}","templated":true}]}}