{"id":7288,"date":"2025-06-17T03:35:47","date_gmt":"2025-06-17T07:35:47","guid":{"rendered":"https:\/\/globalmasteraesthetics.com\/product\/formacion-en-tratamientos-esteticos-masculinos-vs-femeninos\/"},"modified":"2025-10-26T08:11:05","modified_gmt":"2025-10-26T12:11:05","slug":"formacion-en-tratamientos-esteticos-masculinos-vs-femeninos","status":"publish","type":"product","link":"https:\/\/globalmasteraesthetics.com\/es\/producto\/formacion-en-tratamientos-esteticos-masculinos-vs-femeninos\/","title":{"rendered":"FORMACI\u00d3N EN TRATAMIENTOS EST\u00c9TICOS MASCULINOS VS FEMENINOS"},"content":{"rendered":"","protected":false},"excerpt":{"rendered":"<ul>\n<li data-start=\"38\" data-end=\"56\">\n<p data-start=\"40\" data-end=\"56\">Tratamientos mandibulares<\/p>\n<\/li>\n<li data-start=\"57\" data-end=\"76\">\n<p data-start=\"59\" data-end=\"76\">Tratamientos de ment\u00f3n<\/p>\n<\/li>\n<li data-start=\"77\" data-end=\"97\">\n<p data-start=\"79\" data-end=\"97\">Tratamientos para las mejillas<\/p>\n<\/li>\n<li data-start=\"98\" data-end=\"110\">\n<p data-start=\"100\" data-end=\"110\">Frente<\/p>\n<\/li>\n<li data-start=\"111\" data-end=\"126\">\n<p data-start=\"113\" data-end=\"126\">Transexual<\/p>\n<\/li>\n<li data-start=\"127\" data-end=\"145\">\n<p data-start=\"129\" data-end=\"145\">Hombre vs Mujer<\/p>\n<\/li>\n<li data-start=\"146\" data-end=\"182\" data-is-last-node=\"\">\n<p data-start=\"148\" data-end=\"182\" data-is-last-node=\"\">Rejuvenecimiento Facial Femenino Dem<\/p>\n<\/li>\n<\/ul>\n<h2>NUESTRA VISI\u00d3N<\/h2>\n<p>Nuestro Curso B\u00e1sico de Est\u00e9tica Online est\u00e1 dise\u00f1ado para proporcionar a los aspirantes a profesionales de la est\u00e9tica una introducci\u00f3n s\u00f3lida y basada en pruebas a la medicina est\u00e9tica. Este curso se centra en el uso seguro y eficaz de la toxina botul\u00ednica y los rellenos d\u00e9rmicos, con m\u00f3dulos exhaustivos que abarcan la anatom\u00eda facial, la planificaci\u00f3n del tratamiento, el envejecimiento facial y la gesti\u00f3n de las complicaciones. <\/p>\n<p>Combinamos un aprendizaje te\u00f3rico exhaustivo con demostraciones en v\u00eddeo de alta calidad, recursos descargables y cuestionarios para ayudarte a reforzar tus conocimientos. Tanto si acabas de empezar como si est\u00e1s refrescando tus conocimientos b\u00e1sicos, este curso sienta las bases para una pr\u00e1ctica cl\u00ednica segura, \u00e9tica y confiada, todo ello accesible en l\u00ednea, a tu propio ritmo. <\/p>\n","protected":false},"featured_media":5855,"comment_status":"open","ping_status":"closed","template":"","meta":{"pmpro_default_level":""},"product_brand":[],"product_cat":[232,224],"product_tag":[],"class_list":{"0":"post-7288","1":"product","2":"type-product","3":"status-publish","4":"has-post-thumbnail","6":"product_cat-clase-magistral","7":"product_cat-sin-categoria","8":"pmpro-has-access","10":"first","11":"instock","12":"sold-individually","13":"shipping-taxable","14":"purchasable","15":"product-type-simple"},"exclude_global_add_ons":[],"addons":[],"_links":{"self":[{"href":"https:\/\/globalmasteraesthetics.com\/es\/wp-json\/wp\/v2\/product\/7288","targetHints":{"allow":["GET"]}}],"collection":[{"href":"https:\/\/globalmasteraesthetics.com\/es\/wp-json\/wp\/v2\/product"}],"about":[{"href":"https:\/\/globalmasteraesthetics.com\/es\/wp-json\/wp\/v2\/types\/product"}],"replies":[{"embeddable":true,"href":"https:\/\/globalmasteraesthetics.com\/es\/wp-json\/wp\/v2\/comments?post=7288"}],"version-history":[{"count":1,"href":"https:\/\/globalmasteraesthetics.com\/es\/wp-json\/wp\/v2\/product\/7288\/revisions"}],"predecessor-version":[{"id":7799,"href":"https:\/\/globalmasteraesthetics.com\/es\/wp-json\/wp\/v2\/product\/7288\/revisions\/7799"}],"wp:featuredmedia":[{"embeddable":true,"href":"https:\/\/globalmasteraesthetics.com\/es\/wp-json\/wp\/v2\/media\/5855"}],"wp:attachment":[{"href":"https:\/\/globalmasteraesthetics.com\/es\/wp-json\/wp\/v2\/media?parent=7288"}],"wp:term":[{"taxonomy":"product_brand","embeddable":true,"href":"https:\/\/globalmasteraesthetics.com\/es\/wp-json\/wp\/v2\/product_brand?post=7288"},{"taxonomy":"product_cat","embeddable":true,"href":"https:\/\/globalmasteraesthetics.com\/es\/wp-json\/wp\/v2\/product_cat?post=7288"},{"taxonomy":"product_tag","embeddable":true,"href":"https:\/\/globalmasteraesthetics.com\/es\/wp-json\/wp\/v2\/product_tag?post=7288"}],"curies":[{"name":"wp","href":"https:\/\/api.w.org\/{rel}","templated":true}]}}