{"id":8438,"date":"2018-07-26T07:17:24","date_gmt":"2018-07-26T11:17:24","guid":{"rendered":"https:\/\/globalmasteraesthetics.com\/sobre-nosotros\/"},"modified":"2026-02-09T13:20:11","modified_gmt":"2026-02-09T18:20:11","slug":"sobre-nosotros","status":"publish","type":"page","link":"https:\/\/globalmasteraesthetics.com\/es\/sobre-nosotros\/","title":{"rendered":"Sobre nosotros"},"content":{"rendered":"\t\t<div data-elementor-type=\"wp-page\" data-elementor-id=\"8438\" class=\"elementor elementor-8438 elementor-392\" data-elementor-post-type=\"page\">\n\t\t\t\t\t\t<section class=\"elementor-section elementor-top-section elementor-element elementor-element-cd5fe89 elementor-section-stretched elementor-section-boxed elementor-section-height-default elementor-section-height-default\" data-id=\"cd5fe89\" data-element_type=\"section\" data-e-type=\"section\" data-settings=\"{&quot;background_background&quot;:&quot;classic&quot;,&quot;stretch_section&quot;:&quot;section-stretched&quot;}\">\n\t\t\t\t\t\t<div class=\"elementor-container elementor-column-gap-default\">\n\t\t\t\t\t<div class=\"elementor-column elementor-col-50 elementor-top-column elementor-element elementor-element-cd60377\" data-id=\"cd60377\" data-element_type=\"column\" data-e-type=\"column\">\n\t\t\t<div class=\"elementor-widget-wrap elementor-element-populated\">\n\t\t\t\t\t\t<div class=\"elementor-element elementor-element-cd60731 elementor-widget elementor-widget-vc_custom_heading\" data-id=\"cd60731\" data-element_type=\"widget\" data-e-type=\"widget\" data-widget_type=\"vc_custom_heading.default\">\n\t\t\t\t<div class=\"elementor-widget-container\">\n\t\t\t\t\t<div class=\" vc_custom_heading  masterstudy_heading_font  text_align_left\" ><h2 style=\"text-align: left;font-weight:700\" class=\"masterstudy-custom-title\">Welcome to GMA!                             \n<\/h2><\/div>\t\t\t\t<\/div>\n\t\t\t\t<\/div>\n\t\t\t\t<div class=\"elementor-element elementor-element-cd609cb elementor-widget elementor-widget-text-editor\" data-id=\"cd609cb\" data-element_type=\"widget\" data-e-type=\"widget\" data-widget_type=\"text-editor.default\">\n\t\t\t\t<div class=\"elementor-widget-container\">\n\t\t\t\t\t\t\t\t\t<p style=\"text-align: left;\"><em><strong>Qui\u00e9nes somos<\/strong><\/em><\/p>\n<p>Somos un equipo de experimentados profesionales de la est\u00e9tica m\u00e9dica comprometidos con elevar el nivel de la educaci\u00f3n en medicina est\u00e9tica. Con una s\u00f3lida base en la experiencia cl\u00ednica y la ense\u00f1anza, hemos desarrollado un conjunto de cursos en l\u00ednea que combinan el conocimiento cient\u00edfico con la aplicaci\u00f3n en el mundo real. Nuestro objetivo es hacer que la formaci\u00f3n est\u00e9tica avanzada sea m\u00e1s accesible, flexible y eficaz, independientemente de d\u00f3nde te encuentres en tu carrera o en el mundo.  <\/p>\n<h2><strong>Nuestra visi\u00f3n<\/strong><\/h2>\n<p>Nuestra visi\u00f3n es capacitar a los profesionales m\u00e9dicos de todo el mundo proporcion\u00e1ndoles una formaci\u00f3n est\u00e9tica en l\u00ednea fiable y de alta calidad. Creemos que la confianza en la pr\u00e1ctica comienza con la confianza en el conocimiento. Mediante un aprendizaje estructurado, contenidos basados en pruebas y demostraciones dirigidas por expertos, pretendemos dar forma a una nueva generaci\u00f3n de profesionales de la est\u00e9tica seguros, capacitados y \u00e9ticos. La excelencia en medicina est\u00e9tica empieza aqu\u00ed.<br \/>Los estudios en l\u00ednea est\u00e1n dise\u00f1ados para estudiantes cuyos compromisos de horario dificultar\u00edan de otro modo la inscripci\u00f3n en un programa de educaci\u00f3n superior a tiempo completo. Ofrecidos para cursos individuales, diplomas, grados asociados y programas de certificaci\u00f3n, los estudios en l\u00ednea son una opci\u00f3n valiosa. La titulaci\u00f3n resultante que recibe un graduado tras completar con \u00e9xito.     <\/p>\n\t\t\t\t\t\t\t\t<\/div>\n\t\t\t\t<\/div>\n\t\t\t\t<div class=\"elementor-element elementor-element-cd60c81 elementor-widget elementor-widget-vc_custom_heading\" data-id=\"cd60c81\" data-element_type=\"widget\" data-e-type=\"widget\" data-widget_type=\"vc_custom_heading.default\">\n\t\t\t\t<div class=\"elementor-widget-container\">\n\t\t\t\t\t<div class=\" vc_custom_heading  masterstudy_heading_font  text_align_left\" ><h4 style=\"text-align: left;font-weight:400\" class=\"masterstudy-custom-title\">Unordered &amp; Ordered Lists\n<\/h4><\/div>\t\t\t\t<\/div>\n\t\t\t\t<\/div>\n\t\t\t\t<div class=\"elementor-element elementor-element-cd60f8e elementor-widget elementor-widget-stm_icon_box\" data-id=\"cd60f8e\" data-element_type=\"widget\" data-e-type=\"widget\" data-widget_type=\"stm_icon_box.default\">\n\t\t\t\t<div class=\"elementor-widget-container\">\n\t\t\t\t\t<style type=\"text\/css\">\n            body:not(.home) .icon_box.module__782fec8c5e115bfaf1bc8355d66bf505 {\n                padding: 0;\n            }\n        .module__782fec8c5e115bfaf1bc8355d66bf505 {\n    background: !important; color:#555555;\n}\n\n.module__782fec8c5e115bfaf1bc8355d66bf505 .icon {\n    width:13px;\n}\n.module__782fec8c5e115bfaf1bc8355d66bf505 .icon svg {\n\twidth: 15px;\n\theight: 15px;\n}\n.module__782fec8c5e115bfaf1bc8355d66bf505 .icon svg,\n.module__782fec8c5e115bfaf1bc8355d66bf505 .icon i {\n    font-size: 15px;\n    color: #eab830 !important;\n}\n.icon_alignment_top_left .module__782fec8c5e115bfaf1bc8355d66bf505 {\n    text-align: left;\n}\n.icon_alignment_top_center .module__782fec8c5e115bfaf1bc8355d66bf505 {\n    text-align: center;\n    margin-right: auto;\n    margin-left: auto;\n}\n.icon_alignment_top_right .module__782fec8c5e115bfaf1bc8355d66bf505 {\n    text-align: right;\n    margin-right: 0;\n    margin-left: auto;\n}\n<\/style>\n\t<a\t\n\t\thref=\"#\" \n\t\ttitle=\"\"\n\t\t\t>\n\n\t<div class=\"icon_box masterstudy_elementor_icon_box  stm_icon_box_hover_none standart module__782fec8c5e115bfaf1bc8355d66bf505 box_align_left clearfix\">\n\t\t<div class=\"icon_alignment_left\">\n\t\t\t\t\t\t\t<div class=\"icon module__782fec8c5e115bfaf1bc8355d66bf505\">\n\t\t\t\t\t\t\t\t\t\t\t<i class=\" far fa-fa fa-thumbs-up\"><\/i>\n\t\t\t\t\t\t\t\t\t<\/div>\n\t\t\t\n\t\t\t<div class=\"icon_text\">\n\t\t\t\t\t\t\t\t<p>Online Courses with full discount systems.<\/p>\t\t\t<\/div>\n\t\t<\/div> <!-- align icons -->\n\t<\/div>\n\n\t<\/a>\n\t\t\t\t<\/div>\n\t\t\t\t<\/div>\n\t\t\t\t<div class=\"elementor-element elementor-element-cd6116d elementor-widget elementor-widget-stm_icon_box\" data-id=\"cd6116d\" data-element_type=\"widget\" data-e-type=\"widget\" data-widget_type=\"stm_icon_box.default\">\n\t\t\t\t<div class=\"elementor-widget-container\">\n\t\t\t\t\t<style type=\"text\/css\">\n            body:not(.home) .icon_box.module__fee52785e2905ef8d840a55d6a080791 {\n                padding: 0;\n            }\n        .module__fee52785e2905ef8d840a55d6a080791 {\n    background: !important; color:#555555;\n}\n\n.module__fee52785e2905ef8d840a55d6a080791 .icon {\n    width:13px;\n}\n.module__fee52785e2905ef8d840a55d6a080791 .icon svg {\n\twidth: 15px;\n\theight: 15px;\n}\n.module__fee52785e2905ef8d840a55d6a080791 .icon svg,\n.module__fee52785e2905ef8d840a55d6a080791 .icon i {\n    font-size: 15px;\n    color: #eab830 !important;\n}\n.icon_alignment_top_left .module__fee52785e2905ef8d840a55d6a080791 {\n    text-align: left;\n}\n.icon_alignment_top_center .module__fee52785e2905ef8d840a55d6a080791 {\n    text-align: center;\n    margin-right: auto;\n    margin-left: auto;\n}\n.icon_alignment_top_right .module__fee52785e2905ef8d840a55d6a080791 {\n    text-align: right;\n    margin-right: 0;\n    margin-left: auto;\n}\n<\/style>\n\t<a\t\n\t\thref=\"#\" \n\t\ttitle=\"\"\n\t\t\t>\n\n\t<div class=\"icon_box masterstudy_elementor_icon_box  stm_icon_box_hover_none standart module__fee52785e2905ef8d840a55d6a080791 box_align_left clearfix\">\n\t\t<div class=\"icon_alignment_left\">\n\t\t\t\t\t\t\t<div class=\"icon module__fee52785e2905ef8d840a55d6a080791\">\n\t\t\t\t\t\t\t\t\t\t\t<i class=\" far fa-fa fa-thumbs-up\"><\/i>\n\t\t\t\t\t\t\t\t\t<\/div>\n\t\t\t\n\t\t\t<div class=\"icon_text\">\n\t\t\t\t\t\t\t\t<p>Online Certificates which can be used worldwide.<\/p>\t\t\t<\/div>\n\t\t<\/div> <!-- align icons -->\n\t<\/div>\n\n\t<\/a>\n\t\t\t\t<\/div>\n\t\t\t\t<\/div>\n\t\t\t\t<div class=\"elementor-element elementor-element-cd61316 elementor-widget elementor-widget-stm_icon_box\" data-id=\"cd61316\" data-element_type=\"widget\" data-e-type=\"widget\" data-widget_type=\"stm_icon_box.default\">\n\t\t\t\t<div class=\"elementor-widget-container\">\n\t\t\t\t\t<style type=\"text\/css\">\n            body:not(.home) .icon_box.module__f7f6e23273aeac5282e42e43312bdecb {\n                padding: 0;\n            }\n        .module__f7f6e23273aeac5282e42e43312bdecb {\n    background: !important; color:#555555;\n}\n\n.module__f7f6e23273aeac5282e42e43312bdecb .icon {\n    width:13px;\n}\n.module__f7f6e23273aeac5282e42e43312bdecb .icon svg {\n\twidth: 15px;\n\theight: 15px;\n}\n.module__f7f6e23273aeac5282e42e43312bdecb .icon svg,\n.module__f7f6e23273aeac5282e42e43312bdecb .icon i {\n    font-size: 15px;\n    color: #eab830 !important;\n}\n.icon_alignment_top_left .module__f7f6e23273aeac5282e42e43312bdecb {\n    text-align: left;\n}\n.icon_alignment_top_center .module__f7f6e23273aeac5282e42e43312bdecb {\n    text-align: center;\n    margin-right: auto;\n    margin-left: auto;\n}\n.icon_alignment_top_right .module__f7f6e23273aeac5282e42e43312bdecb {\n    text-align: right;\n    margin-right: 0;\n    margin-left: auto;\n}\n<\/style>\n\t<a\t\n\t\thref=\"#\" \n\t\ttitle=\"\"\n\t\t\t>\n\n\t<div class=\"icon_box masterstudy_elementor_icon_box  stm_icon_box_hover_none standart module__f7f6e23273aeac5282e42e43312bdecb box_align_left clearfix\">\n\t\t<div class=\"icon_alignment_left\">\n\t\t\t\t\t\t\t<div class=\"icon module__f7f6e23273aeac5282e42e43312bdecb\">\n\t\t\t\t\t\t\t\t\t\t\t<i class=\" far fa-fa fa-thumbs-up\"><\/i>\n\t\t\t\t\t\t\t\t\t<\/div>\n\t\t\t\n\t\t\t<div class=\"icon_text\">\n\t\t\t\t\t\t\t\t<p>An online leadership development program at Masterstudy LMS.<\/p>\t\t\t<\/div>\n\t\t<\/div> <!-- align icons -->\n\t<\/div>\n\n\t<\/a>\n\t\t\t\t<\/div>\n\t\t\t\t<\/div>\n\t\t\t\t<div class=\"elementor-element elementor-element-cd61506 elementor-widget elementor-widget-image\" data-id=\"cd61506\" data-element_type=\"widget\" data-e-type=\"widget\" data-widget_type=\"image.default\">\n\t\t\t\t<div class=\"elementor-widget-container\">\n\t\t\t\t\t\t\t\t\t\t\t\t\t\t\t<img fetchpriority=\"high\" decoding=\"async\" width=\"1024\" height=\"588\" src=\"https:\/\/globalmasteraesthetics.com\/wp-content\/uploads\/2025\/06\/regester-1024x588.jpg\" class=\"attachment-large size-large wp-image-6503\" alt=\"\" srcset=\"https:\/\/globalmasteraesthetics.com\/wp-content\/uploads\/2025\/06\/regester-1024x588.jpg 1024w, https:\/\/globalmasteraesthetics.com\/wp-content\/uploads\/2025\/06\/regester-600x344.jpg 600w, https:\/\/globalmasteraesthetics.com\/wp-content\/uploads\/2025\/06\/regester-300x172.jpg 300w, https:\/\/globalmasteraesthetics.com\/wp-content\/uploads\/2025\/06\/regester-768x441.jpg 768w, https:\/\/globalmasteraesthetics.com\/wp-content\/uploads\/2025\/06\/regester-1536x881.jpg 1536w, https:\/\/globalmasteraesthetics.com\/wp-content\/uploads\/2025\/06\/regester.jpg 1919w\" sizes=\"(max-width: 1024px) 100vw, 1024px\" \/>\t\t\t\t\t\t\t\t\t\t\t\t\t\t\t<\/div>\n\t\t\t\t<\/div>\n\t\t\t\t\t<\/div>\n\t\t<\/div>\n\t\t\t\t<div class=\"elementor-column elementor-col-50 elementor-top-column elementor-element elementor-element-cd622dd\" data-id=\"cd622dd\" data-element_type=\"column\" data-e-type=\"column\">\n\t\t\t<div class=\"elementor-widget-wrap elementor-element-populated\">\n\t\t\t\t\t\t<div class=\"elementor-element elementor-element-cd626cc elementor-widget elementor-widget-image\" data-id=\"cd626cc\" data-element_type=\"widget\" data-e-type=\"widget\" data-widget_type=\"image.default\">\n\t\t\t\t<div class=\"elementor-widget-container\">\n\t\t\t\t\t\t\t\t\t\t\t\t\t\t\t<img decoding=\"async\" width=\"1120\" height=\"771\" src=\"https:\/\/globalmasteraesthetics.com\/wp-content\/uploads\/2025\/06\/best-Master-1-1120x771.jpg\" class=\"attachment-img-1120-800 size-img-1120-800 wp-image-6530\" alt=\"\" \/>\t\t\t\t\t\t\t\t\t\t\t\t\t\t\t<\/div>\n\t\t\t\t<\/div>\n\t\t\t\t<div class=\"elementor-element elementor-element-cd6301b elementor-tabs-view-horizontal elementor-widget elementor-widget-tabs\" data-id=\"cd6301b\" data-element_type=\"widget\" data-e-type=\"widget\" data-widget_type=\"tabs.default\">\n\t\t\t\t<div class=\"elementor-widget-container\">\n\t\t\t\t\t\t\t<div class=\"elementor-tabs\">\n\t\t\t<div class=\"elementor-tabs-wrapper\" role=\"tablist\" >\n\t\t\t\t\t\t\t\t\t<div id=\"elementor-tab-title-2151\" class=\"elementor-tab-title elementor-tab-desktop-title\" aria-selected=\"true\" data-tab=\"1\" role=\"tab\" tabindex=\"0\" aria-controls=\"elementor-tab-content-2151\" aria-expanded=\"false\">Habilidades<\/div>\n\t\t\t\t\t\t\t\t\t<div id=\"elementor-tab-title-2152\" class=\"elementor-tab-title elementor-tab-desktop-title\" aria-selected=\"false\" data-tab=\"2\" role=\"tab\" tabindex=\"-1\" aria-controls=\"elementor-tab-content-2152\" aria-expanded=\"false\">Contacta con nosotros<\/div>\n\t\t\t\t\t\t\t<\/div>\n\t\t\t<div class=\"elementor-tabs-content-wrapper\" role=\"tablist\" aria-orientation=\"vertical\">\n\t\t\t\t\t\t\t\t\t<div class=\"elementor-tab-title elementor-tab-mobile-title\" aria-selected=\"true\" data-tab=\"1\" role=\"tab\" tabindex=\"0\" aria-controls=\"elementor-tab-content-2151\" aria-expanded=\"false\">Habilidades<\/div>\n\t\t\t\t\t<div id=\"elementor-tab-content-2151\" class=\"elementor-tab-content elementor-clearfix\" data-tab=\"1\" role=\"tabpanel\" aria-labelledby=\"elementor-tab-title-2151\" tabindex=\"0\" hidden=\"false\"><h3>Cursos de Certificado Profesional (Online)<\/h3>\n<ul>\n<li>Se pueden obtener certificados online en una serie de \u00e1reas especializadas.<\/li>\n<li>Los diplomas online se conceden por uno o dos a\u00f1os de estudio con LMS.<\/li>\n<li>Entonces, las titulaciones de asociado online suelen durar aproximadamente dos a\u00f1os.<\/li>\n<li>Los programas online de a\u00f1o preparatorio son una oportunidad para los estudiantes.<\/li>\n<li>Los cursos de verano en l\u00ednea son una forma estupenda de obtener cualificaciones.<\/li>\n<\/ul>\n<\/div>\n\t\t\t\t\t\t\t\t\t<div class=\"elementor-tab-title elementor-tab-mobile-title\" aria-selected=\"false\" data-tab=\"2\" role=\"tab\" tabindex=\"-1\" aria-controls=\"elementor-tab-content-2152\" aria-expanded=\"false\">Contacta con nosotros<\/div>\n\t\t\t\t\t<div id=\"elementor-tab-content-2152\" class=\"elementor-tab-content elementor-clearfix\" data-tab=\"2\" role=\"tabpanel\" aria-labelledby=\"elementor-tab-title-2152\" tabindex=\"0\" hidden=\"hidden\">\n<div class=\"wpcf7 no-js\" id=\"wpcf7-f403-p8438-o1\" lang=\"en-US\" dir=\"ltr\" data-wpcf7-id=\"403\">\n<div class=\"screen-reader-response\"><p role=\"status\" aria-live=\"polite\" aria-atomic=\"true\"><\/p> <ul><\/ul><\/div>\n<form action=\"\/es\/sobre-nosotros\/#wpcf7-f403-p8438-o1\" method=\"post\" class=\"wpcf7-form init\" aria-label=\"Contact form\" novalidate=\"novalidate\" data-status=\"init\">\n<fieldset class=\"hidden-fields-container\"><input type=\"hidden\" name=\"_wpcf7\" value=\"403\" \/><input type=\"hidden\" name=\"_wpcf7_version\" value=\"6.1.2\" \/><input type=\"hidden\" name=\"_wpcf7_locale\" value=\"en_US\" \/><input type=\"hidden\" name=\"_wpcf7_unit_tag\" value=\"wpcf7-f403-p8438-o1\" \/><input type=\"hidden\" name=\"_wpcf7_container_post\" value=\"8438\" \/><input type=\"hidden\" name=\"_wpcf7_posted_data_hash\" value=\"\" \/>\n<\/fieldset>\n<div class=\"row\">\n\t<div class=\"col-xs-12 col-sm-6 col-md-6 col-lg-6\">\n\t\t<div class=\"form-group\">\n\t\t\t<p><span class=\"wpcf7-form-control-wrap\" data-name=\"name\"><input size=\"40\" maxlength=\"400\" class=\"wpcf7-form-control wpcf7-text wpcf7-validates-as-required form-control\" aria-required=\"true\" aria-invalid=\"false\" placeholder=\"Your Name\" value=\"\" type=\"text\" name=\"name\" \/><\/span>\n\t\t\t<\/p>\n\t\t<\/div>\n\t<\/div>\n\t<div class=\"col-xs-12 col-sm-6 col-md-6 col-lg-6\">\n\t\t<div class=\"form-group\">\n\t\t\t<p><span class=\"wpcf7-form-control-wrap\" data-name=\"email\"><input size=\"40\" maxlength=\"400\" class=\"wpcf7-form-control wpcf7-email wpcf7-validates-as-required wpcf7-text wpcf7-validates-as-email form-control\" aria-required=\"true\" aria-invalid=\"false\" placeholder=\"Your Email\" value=\"\" type=\"email\" name=\"email\" \/><\/span>\n\t\t\t<\/p>\n\t\t<\/div>\n\t<\/div>\n<\/div>\n<div class=\"row\">\n\t<div class=\"col-xs-12 col-sm-12 col-md-12 col-lg-12\">\n\t\t<div class=\"form-group\">\n\t\t\t<p><span class=\"wpcf7-form-control-wrap\" data-name=\"message\"><textarea cols=\"40\" rows=\"9\" maxlength=\"2000\" class=\"wpcf7-form-control wpcf7-textarea wpcf7-validates-as-required form-control\" aria-required=\"true\" aria-invalid=\"false\" name=\"message\"><\/textarea><\/span>\n\t\t\t<\/p>\n\t\t<\/div>\n\t<\/div>\n<\/div>\n<div class=\"row\">\n\t<div class=\"col-xs-12 col-sm-12 col-md-12 col-lg-12\">\n\t\t<p><input class=\"wpcf7-form-control wpcf7-submit has-spinner btn btn-default\" type=\"submit\" value=\"Submit\" \/>\n\t\t<\/p>\n\t<\/div>\n<\/div><div class=\"wpcf7-response-output\" aria-hidden=\"true\"><\/div>\n<\/form>\n<\/div>\n\n<\/div>\n\t\t\t\t\t\t\t<\/div>\n\t\t<\/div>\n\t\t\t\t\t\t<\/div>\n\t\t\t\t<\/div>\n\t\t\t\t\t<\/div>\n\t\t<\/div>\n\t\t\t\t\t<\/div>\n\t\t<\/section>\n\t\t\t\t<\/div>\n\t\t","protected":false},"excerpt":{"rendered":"<p>Welcome to GMA! Qui\u00e9nes somos Somos un equipo de experimentados profesionales de la est\u00e9tica m\u00e9dica comprometidos con elevar el nivel de la educaci\u00f3n en medicina est\u00e9tica. Con una s\u00f3lida base en la experiencia cl\u00ednica y la ense\u00f1anza, hemos desarrollado un conjunto de cursos en l\u00ednea que combinan el conocimiento cient\u00edfico con la aplicaci\u00f3n en el [&hellip;]<\/p>\n","protected":false},"author":1,"featured_media":0,"parent":0,"menu_order":0,"comment_status":"closed","ping_status":"closed","template":"","meta":{"pmpro_default_level":"","footnotes":""},"class_list":["post-8438","page","type-page","status-publish","hentry","pmpro-has-access"],"_links":{"self":[{"href":"https:\/\/globalmasteraesthetics.com\/es\/wp-json\/wp\/v2\/pages\/8438","targetHints":{"allow":["GET"]}}],"collection":[{"href":"https:\/\/globalmasteraesthetics.com\/es\/wp-json\/wp\/v2\/pages"}],"about":[{"href":"https:\/\/globalmasteraesthetics.com\/es\/wp-json\/wp\/v2\/types\/page"}],"author":[{"embeddable":true,"href":"https:\/\/globalmasteraesthetics.com\/es\/wp-json\/wp\/v2\/users\/1"}],"replies":[{"embeddable":true,"href":"https:\/\/globalmasteraesthetics.com\/es\/wp-json\/wp\/v2\/comments?post=8438"}],"version-history":[{"count":8,"href":"https:\/\/globalmasteraesthetics.com\/es\/wp-json\/wp\/v2\/pages\/8438\/revisions"}],"predecessor-version":[{"id":9388,"href":"https:\/\/globalmasteraesthetics.com\/es\/wp-json\/wp\/v2\/pages\/8438\/revisions\/9388"}],"wp:attachment":[{"href":"https:\/\/globalmasteraesthetics.com\/es\/wp-json\/wp\/v2\/media?parent=8438"}],"curies":[{"name":"wp","href":"https:\/\/api.w.org\/{rel}","templated":true}]}}