{"id":7517,"date":"2025-06-17T04:40:31","date_gmt":"2025-06-17T08:40:31","guid":{"rendered":"https:\/\/globalmasteraesthetics.com\/product\/skin-booster-training\/"},"modified":"2025-10-26T09:49:26","modified_gmt":"2025-10-26T13:49:26","slug":"skin-booster-training","status":"publish","type":"product","link":"https:\/\/globalmasteraesthetics.com\/de\/produkt\/skin-booster-training\/","title":{"rendered":"SKIN BOOSTER TRAINING"},"content":{"rendered":"","protected":false},"excerpt":{"rendered":"<p>Skin Booster sind ein wachsender Ansatz in der nicht-chirurgischen Industrie. Es handelt sich dabei um nicht vernetzte<br \/>\nHyalurons\u00e4ure, die einzigartige Komponenten wie Vitamine, Antioxidantien, Aminos\u00e4uren<br \/>\nund Mineralien enth\u00e4lt, um die Gesundheit der Haut und die Zeichen der Hautalterung zu verbessern.<br \/>\nDiese Technik kann im Gesicht, am Hals, am Dekollet\u00e9 und an den H\u00e4nden angewendet werden, um die Haut mit Feuchtigkeit zu versorgen und zu reparieren<br \/>\ndie wichtigsten Hautprobleme wie Sonnensch\u00e4den, Unvollkommenheiten, schlaffe Haut<br \/>\nund Elastizit\u00e4tsverlust anzugehen.<br \/>\nDie perfekte Erg\u00e4nzung f\u00fcr jede Hautklinik, entweder als eigenst\u00e4ndige Behandlung oder in<br \/>\nKombination mit anderen injizierbaren und hautverj\u00fcngenden Behandlungen.<br \/>\nDer Online-Kurs Skin Booster Training umfasst:<br \/>\n&#8211; Pr\u00e4sentation zur Behandlung, Produkt- und Patientenauswahl<br \/>\n&#8211; Demonstration des Behandlungsvideos<br \/>\n&#8211; Quiz zum Testen Ihres Wissens<br \/>\n&#8211; Zertifikat der Fertigstellung<\/p>\n","protected":false},"featured_media":5838,"comment_status":"open","ping_status":"closed","template":"","meta":{"pmpro_default_level":""},"product_brand":[],"product_cat":[228,221],"product_tag":[],"class_list":{"0":"post-7517","1":"product","2":"type-product","3":"status-publish","4":"has-post-thumbnail","6":"product_cat-meisterklasse","7":"product_cat-nicht-kategorisiert","8":"pmpro-has-access","10":"first","11":"instock","12":"sold-individually","13":"shipping-taxable","14":"purchasable","15":"product-type-simple"},"exclude_global_add_ons":[],"addons":[],"_links":{"self":[{"href":"https:\/\/globalmasteraesthetics.com\/de\/wp-json\/wp\/v2\/product\/7517","targetHints":{"allow":["GET"]}}],"collection":[{"href":"https:\/\/globalmasteraesthetics.com\/de\/wp-json\/wp\/v2\/product"}],"about":[{"href":"https:\/\/globalmasteraesthetics.com\/de\/wp-json\/wp\/v2\/types\/product"}],"replies":[{"embeddable":true,"href":"https:\/\/globalmasteraesthetics.com\/de\/wp-json\/wp\/v2\/comments?post=7517"}],"version-history":[{"count":1,"href":"https:\/\/globalmasteraesthetics.com\/de\/wp-json\/wp\/v2\/product\/7517\/revisions"}],"predecessor-version":[{"id":8544,"href":"https:\/\/globalmasteraesthetics.com\/de\/wp-json\/wp\/v2\/product\/7517\/revisions\/8544"}],"wp:featuredmedia":[{"embeddable":true,"href":"https:\/\/globalmasteraesthetics.com\/de\/wp-json\/wp\/v2\/media\/5838"}],"wp:attachment":[{"href":"https:\/\/globalmasteraesthetics.com\/de\/wp-json\/wp\/v2\/media?parent=7517"}],"wp:term":[{"taxonomy":"product_brand","embeddable":true,"href":"https:\/\/globalmasteraesthetics.com\/de\/wp-json\/wp\/v2\/product_brand?post=7517"},{"taxonomy":"product_cat","embeddable":true,"href":"https:\/\/globalmasteraesthetics.com\/de\/wp-json\/wp\/v2\/product_cat?post=7517"},{"taxonomy":"product_tag","embeddable":true,"href":"https:\/\/globalmasteraesthetics.com\/de\/wp-json\/wp\/v2\/product_tag?post=7517"}],"curies":[{"name":"wp","href":"https:\/\/api.w.org\/{rel}","templated":true}]}}