{"id":7501,"date":"2025-06-17T04:40:33","date_gmt":"2025-06-17T08:40:33","guid":{"rendered":"https:\/\/globalmasteraesthetics.com\/product\/ausbildung-fuer-nicht-chirurgische-nasenkorrekturen\/"},"modified":"2025-10-26T09:49:34","modified_gmt":"2025-10-26T13:49:34","slug":"ausbildung-fuer-nicht-chirurgische-nasenkorrekturen","status":"publish","type":"product","link":"https:\/\/globalmasteraesthetics.com\/de\/produkt\/ausbildung-fuer-nicht-chirurgische-nasenkorrekturen\/","title":{"rendered":"AUSBILDUNG F\u00dcR NICHT-CHIRURGISCHE NASENKORREKTUREN"},"content":{"rendered":"","protected":false},"excerpt":{"rendered":"<p>&#8211; Anatomie der Nase<br \/>\n&#8211; Chirurgisch vs. nicht-chirurgisch<br \/>\n&#8211; Kontraindikationen<br \/>\n&#8211; Komplikationen<br \/>\n&#8211; Demonstrationsvideo zur nicht-chirurgischen Nasenkorrektur<br \/>\n&#8211; PDFs zum Herunterladen<br \/>\n&#8211; Quiz zum Testen Ihres Wissens<br \/>\n&#8211; Zertifikat nach erfolgreichem Abschluss<\/p>\n<h2>UNSERE VISION<\/h2>\n<p>Expert Aesthetic Courses hat es sich zur Aufgabe gemacht, qualitativ hochwertige, leicht zug\u00e4ngliche Online-Kurse f\u00fcr medizinische Fachkr\u00e4fte anzubieten, die ihr Wissen im Bereich der nicht-chirurgischen \u00c4sthetik erweitern m\u00f6chten. Unsere umfassenden Kurse konzentrieren sich auf fortgeschrittene Techniken unter Verwendung von Botulinumtoxin und Dermalfillern, mit ausf\u00fchrlichen Modulen zu Gesichtsanatomie, Behandlungsplanung, Sicherheit und Komplikationsmanagement. Jeder Kurs enth\u00e4lt anschauliche Videodemonstrationen, herunterladbare Ressourcen und Quizfragen, um das Gelernte zu festigen. Nach erfolgreichem Abschluss des Kurses erhalten Sie ein Zertifikat, das Ihren Erfolg best\u00e4tigt. Unser Ziel ist es, Ihnen das Selbstvertrauen und die theoretischen Grundlagen zu vermitteln, um Ihre \u00e4sthetische Praxis zu verbessern &#8211; jederzeit und \u00fcberall.    <\/p>\n","protected":false},"featured_media":5859,"comment_status":"open","ping_status":"closed","template":"","meta":{"pmpro_default_level":""},"product_brand":[],"product_cat":[228],"product_tag":[],"class_list":{"0":"post-7501","1":"product","2":"type-product","3":"status-publish","4":"has-post-thumbnail","6":"product_cat-meisterklasse","7":"pmpro-has-access","9":"first","10":"instock","11":"sold-individually","12":"shipping-taxable","13":"purchasable","14":"product-type-simple"},"exclude_global_add_ons":[],"addons":[],"_links":{"self":[{"href":"https:\/\/globalmasteraesthetics.com\/de\/wp-json\/wp\/v2\/product\/7501","targetHints":{"allow":["GET"]}}],"collection":[{"href":"https:\/\/globalmasteraesthetics.com\/de\/wp-json\/wp\/v2\/product"}],"about":[{"href":"https:\/\/globalmasteraesthetics.com\/de\/wp-json\/wp\/v2\/types\/product"}],"replies":[{"embeddable":true,"href":"https:\/\/globalmasteraesthetics.com\/de\/wp-json\/wp\/v2\/comments?post=7501"}],"version-history":[{"count":1,"href":"https:\/\/globalmasteraesthetics.com\/de\/wp-json\/wp\/v2\/product\/7501\/revisions"}],"predecessor-version":[{"id":8560,"href":"https:\/\/globalmasteraesthetics.com\/de\/wp-json\/wp\/v2\/product\/7501\/revisions\/8560"}],"wp:featuredmedia":[{"embeddable":true,"href":"https:\/\/globalmasteraesthetics.com\/de\/wp-json\/wp\/v2\/media\/5859"}],"wp:attachment":[{"href":"https:\/\/globalmasteraesthetics.com\/de\/wp-json\/wp\/v2\/media?parent=7501"}],"wp:term":[{"taxonomy":"product_brand","embeddable":true,"href":"https:\/\/globalmasteraesthetics.com\/de\/wp-json\/wp\/v2\/product_brand?post=7501"},{"taxonomy":"product_cat","embeddable":true,"href":"https:\/\/globalmasteraesthetics.com\/de\/wp-json\/wp\/v2\/product_cat?post=7501"},{"taxonomy":"product_tag","embeddable":true,"href":"https:\/\/globalmasteraesthetics.com\/de\/wp-json\/wp\/v2\/product_tag?post=7501"}],"curies":[{"name":"wp","href":"https:\/\/api.w.org\/{rel}","templated":true}]}}