{"id":7430,"date":"2025-06-17T04:41:55","date_gmt":"2025-06-17T08:41:55","guid":{"rendered":"https:\/\/globalmasteraesthetics.com\/product\/behandlung-des-gesamten-gesichts-und-des-halses-mit-toxininjektion\/"},"modified":"2025-10-26T08:14:04","modified_gmt":"2025-10-26T12:14:04","slug":"behandlung-des-gesamten-gesichts-und-des-halses-mit-toxininjektion","status":"publish","type":"product","link":"https:\/\/globalmasteraesthetics.com\/de\/produkt\/behandlung-des-gesamten-gesichts-und-des-halses-mit-toxininjektion\/","title":{"rendered":"Behandlung des gesamten Gesichts und des Halses mit Toxininjektion"},"content":{"rendered":"","protected":false},"excerpt":{"rendered":"<ul>\n<li>Fortgeschrittenes Botulinumtoxin<\/li>\n<li>Botulinumtoxin-Behandlung im oberen, mittleren und unteren Gesicht und am Hals<\/li>\n<li>Patientenbewertung und Kontraindikationen<\/li>\n<li>Beurteilung und Behandlung von Obergesicht, Nase, Perioral, Mentalis, Masseter, Platysma<\/li>\n<li>Muskeln<\/li>\n<li>Oberfl\u00e4chenmarkierung von Injektionspunkten<\/li>\n<li>Beurteilung und Behandlung von Obergesicht, Nase, Perioral, Mentalis, Masseter, Platysma<\/li>\n<li>Muskeln<\/li>\n<li>Demonstrationsvideo<\/li>\n<li>BOTOX-Zustimmungsformular<\/li>\n<li>Nachsorge bei der Behandlung mit Botulinumtoxin<\/li>\n<li>Botulinumtoxin-Quiz f\u00fcr Fortgeschrittene<br \/>\n<h2>UNSERE VISION<\/h2>\n<p>Expert Aesthetic Courses hat es sich zur Aufgabe gemacht, qualitativ hochwertige, leicht zug\u00e4ngliche Online-Kurse f\u00fcr medizinische Fachkr\u00e4fte anzubieten, die ihr Wissen im Bereich der nicht-chirurgischen \u00c4sthetik erweitern m\u00f6chten. Unsere umfassenden Kurse konzentrieren sich auf fortgeschrittene Techniken unter Verwendung von Botulinumtoxin und Dermalfillern, mit ausf\u00fchrlichen Modulen zu Gesichtsanatomie, Behandlungsplanung, Sicherheit und Komplikationsmanagement. Jeder Kurs enth\u00e4lt anschauliche Videodemonstrationen, herunterladbare Ressourcen und Quizfragen, um das Gelernte zu festigen. Nach erfolgreichem Abschluss des Kurses erhalten Sie ein Zertifikat, das Ihren Erfolg best\u00e4tigt. Unser Ziel ist es, Ihnen das Selbstvertrauen und die theoretischen Grundlagen zu vermitteln, um Ihre \u00e4sthetische Praxis zu verbessern &#8211; jederzeit und \u00fcberall.    <\/li>\n<\/ul>\n","protected":false},"featured_media":5834,"comment_status":"open","ping_status":"closed","template":"","meta":{"pmpro_default_level":""},"product_brand":[],"product_cat":[263,228],"product_tag":[],"class_list":{"0":"post-7430","1":"product","2":"type-product","3":"status-publish","4":"has-post-thumbnail","6":"product_cat-botulinumtoxin","7":"product_cat-meisterklasse","8":"pmpro-has-access","10":"first","11":"instock","12":"sold-individually","13":"shipping-taxable","14":"purchasable","15":"product-type-simple"},"exclude_global_add_ons":[],"addons":[],"_links":{"self":[{"href":"https:\/\/globalmasteraesthetics.com\/de\/wp-json\/wp\/v2\/product\/7430","targetHints":{"allow":["GET"]}}],"collection":[{"href":"https:\/\/globalmasteraesthetics.com\/de\/wp-json\/wp\/v2\/product"}],"about":[{"href":"https:\/\/globalmasteraesthetics.com\/de\/wp-json\/wp\/v2\/types\/product"}],"replies":[{"embeddable":true,"href":"https:\/\/globalmasteraesthetics.com\/de\/wp-json\/wp\/v2\/comments?post=7430"}],"version-history":[{"count":1,"href":"https:\/\/globalmasteraesthetics.com\/de\/wp-json\/wp\/v2\/product\/7430\/revisions"}],"predecessor-version":[{"id":8176,"href":"https:\/\/globalmasteraesthetics.com\/de\/wp-json\/wp\/v2\/product\/7430\/revisions\/8176"}],"wp:featuredmedia":[{"embeddable":true,"href":"https:\/\/globalmasteraesthetics.com\/de\/wp-json\/wp\/v2\/media\/5834"}],"wp:attachment":[{"href":"https:\/\/globalmasteraesthetics.com\/de\/wp-json\/wp\/v2\/media?parent=7430"}],"wp:term":[{"taxonomy":"product_brand","embeddable":true,"href":"https:\/\/globalmasteraesthetics.com\/de\/wp-json\/wp\/v2\/product_brand?post=7430"},{"taxonomy":"product_cat","embeddable":true,"href":"https:\/\/globalmasteraesthetics.com\/de\/wp-json\/wp\/v2\/product_cat?post=7430"},{"taxonomy":"product_tag","embeddable":true,"href":"https:\/\/globalmasteraesthetics.com\/de\/wp-json\/wp\/v2\/product_tag?post=7430"}],"curies":[{"name":"wp","href":"https:\/\/api.w.org\/{rel}","templated":true}]}}