{"id":7413,"date":"2025-06-17T04:39:06","date_gmt":"2025-06-17T08:39:06","guid":{"rendered":"https:\/\/globalmasteraesthetics.com\/product\/tempelbehandlungen\/"},"modified":"2025-10-26T08:12:51","modified_gmt":"2025-10-26T12:12:51","slug":"tempelbehandlungen","status":"publish","type":"product","link":"https:\/\/globalmasteraesthetics.com\/de\/produkt\/tempelbehandlungen\/","title":{"rendered":"TEMPELBEHANDLUNGEN"},"content":{"rendered":"","protected":false},"excerpt":{"rendered":"<p>&#8211; Gesichtsalterung<br \/>\n&#8211; Anatomie<br \/>\n&#8211; Behandlungsm\u00f6glichkeiten und -techniken<br \/>\n&#8211; Quiz zum Testen Ihres Wissens<br \/>\n&#8211; Zertifikat nach erfolgreichem Abschluss<\/p>\n<h2><strong>UNSERE VISION<\/strong><\/h2>\n<p>Wir von Advanced Aesthetic Courses haben es uns zur Aufgabe gemacht, \u00c4sthetikern ein umfassendes, aktuelles Wissen durch hochwertige Online-Schulungen zu vermitteln. Unsere Kurse konzentrieren sich auf fortgeschrittene Injektionstechniken, einschlie\u00dflich Toxin- und Dermalfiller-Behandlungen f\u00fcr Lippen, Wangen, Kiefer, Schl\u00e4fen und mehr. Wir kombinieren fundierte Theorie, Strategien zur Patientenbeurteilung und Videodemonstrationen, um eine zuversichtliche, sichere und fundierte klinische Praxis zu unterst\u00fctzen. Jeder Kurs umfasst herunterladbare Materialien, Behandlungsprotokolle und ein Zertifikat nach erfolgreichem Abschluss. Ganz gleich, ob Sie Ihre F\u00e4higkeiten verbessern oder Ihr Behandlungsportfolio erweitern m\u00f6chten, wir sind da, um Sie bei Ihrem Wachstum zu unterst\u00fctzen &#8211; nach Ihrem Zeitplan und von \u00fcberall aus.    <\/p>\n","protected":false},"featured_media":5840,"comment_status":"open","ping_status":"closed","template":"","meta":{"pmpro_default_level":""},"product_brand":[],"product_cat":[228],"product_tag":[],"class_list":{"0":"post-7413","1":"product","2":"type-product","3":"status-publish","4":"has-post-thumbnail","6":"product_cat-meisterklasse","7":"pmpro-has-access","9":"first","10":"instock","11":"sold-individually","12":"shipping-taxable","13":"purchasable","14":"product-type-simple"},"exclude_global_add_ons":[],"addons":[],"_links":{"self":[{"href":"https:\/\/globalmasteraesthetics.com\/de\/wp-json\/wp\/v2\/product\/7413","targetHints":{"allow":["GET"]}}],"collection":[{"href":"https:\/\/globalmasteraesthetics.com\/de\/wp-json\/wp\/v2\/product"}],"about":[{"href":"https:\/\/globalmasteraesthetics.com\/de\/wp-json\/wp\/v2\/types\/product"}],"replies":[{"embeddable":true,"href":"https:\/\/globalmasteraesthetics.com\/de\/wp-json\/wp\/v2\/comments?post=7413"}],"version-history":[{"count":1,"href":"https:\/\/globalmasteraesthetics.com\/de\/wp-json\/wp\/v2\/product\/7413\/revisions"}],"predecessor-version":[{"id":7999,"href":"https:\/\/globalmasteraesthetics.com\/de\/wp-json\/wp\/v2\/product\/7413\/revisions\/7999"}],"wp:featuredmedia":[{"embeddable":true,"href":"https:\/\/globalmasteraesthetics.com\/de\/wp-json\/wp\/v2\/media\/5840"}],"wp:attachment":[{"href":"https:\/\/globalmasteraesthetics.com\/de\/wp-json\/wp\/v2\/media?parent=7413"}],"wp:term":[{"taxonomy":"product_brand","embeddable":true,"href":"https:\/\/globalmasteraesthetics.com\/de\/wp-json\/wp\/v2\/product_brand?post=7413"},{"taxonomy":"product_cat","embeddable":true,"href":"https:\/\/globalmasteraesthetics.com\/de\/wp-json\/wp\/v2\/product_cat?post=7413"},{"taxonomy":"product_tag","embeddable":true,"href":"https:\/\/globalmasteraesthetics.com\/de\/wp-json\/wp\/v2\/product_tag?post=7413"}],"curies":[{"name":"wp","href":"https:\/\/api.w.org\/{rel}","templated":true}]}}