{"id":7345,"date":"2025-06-17T04:08:15","date_gmt":"2025-06-17T08:08:15","guid":{"rendered":"https:\/\/globalmasteraesthetics.com\/product\/eine-einfuehrung-in-die-schulung-zu-dermal-fillern-2\/"},"modified":"2025-10-26T08:12:55","modified_gmt":"2025-10-26T12:12:55","slug":"eine-einfuehrung-in-die-schulung-zu-dermal-fillern-2","status":"publish","type":"product","link":"https:\/\/globalmasteraesthetics.com\/de\/produkt\/eine-einfuehrung-in-die-schulung-zu-dermal-fillern-2\/","title":{"rendered":"EINE EINF\u00dcHRUNG IN DIE SCHULUNG ZU DERMAL FILLERN"},"content":{"rendered":"","protected":false},"excerpt":{"rendered":"<p>&#8211; Kurs Einf\u00fchrung<\/p>\n<p>&#8211; Wie funktionieren Dermalf\u00fcller?<\/p>\n<p>&#8211; Die Wahl des richtigen Dermalf\u00fcllers<\/p>\n<p>&#8211; Wahl der F\u00fcllung<\/p>\n<p>&#8211; Kontraindikationen f\u00fcr Dermalf\u00fcller<\/p>\n<p>&#8211; Informationen zu Dermalf\u00fcllern<\/p>\n<p>&#8211; Die Verwendung von Hyaluronidase<\/p>\n<p>&#8211; Nachsorge-Brosch\u00fcre<\/p>\n<p>&#8211; Zusammenfassung PDF<\/p>\n<p>-Quiz zur Einf\u00fchrung in die Dermalf\u00fcller \u00a375<\/p>\n<h2>UNSERE VISION<\/h2>\n<p>Unser Online-Grundlagenkurs f\u00fcr \u00c4sthetik wurde entwickelt, um angehenden \u00c4sthetikern eine solide, evidenzbasierte Einf\u00fchrung in die \u00e4sthetische Medizin zu geben. Dieser Kurs konzentriert sich auf den sicheren und effektiven Einsatz von Botulinumtoxin und Dermal Fillern und umfasst ausf\u00fchrliche Module zu Gesichtsanatomie, Behandlungsplanung, Gesichtsalterung und Komplikationsmanagement. <\/p>\n<p>Wir kombinieren umfassendes theoretisches Lernen mit hochwertigen Videodemonstrationen, herunterladbaren Ressourcen und Quizfragen, um Ihr Wissen zu festigen. Egal, ob Sie gerade erst anfangen oder Ihre Grundlagen auffrischen, dieser Kurs legt den Grundstein f\u00fcr eine sichere, ethische und selbstbewusste klinische Praxis &#8211; alles online und in Ihrem eigenen Tempo. <\/p>\n","protected":false},"featured_media":5851,"comment_status":"open","ping_status":"closed","template":"","meta":{"pmpro_default_level":""},"product_brand":[],"product_cat":[228],"product_tag":[],"class_list":{"0":"post-7345","1":"product","2":"type-product","3":"status-publish","4":"has-post-thumbnail","6":"product_cat-meisterklasse","7":"pmpro-has-access","9":"first","10":"instock","11":"sold-individually","12":"shipping-taxable","13":"purchasable","14":"product-type-simple"},"exclude_global_add_ons":[],"addons":[],"_links":{"self":[{"href":"https:\/\/globalmasteraesthetics.com\/de\/wp-json\/wp\/v2\/product\/7345","targetHints":{"allow":["GET"]}}],"collection":[{"href":"https:\/\/globalmasteraesthetics.com\/de\/wp-json\/wp\/v2\/product"}],"about":[{"href":"https:\/\/globalmasteraesthetics.com\/de\/wp-json\/wp\/v2\/types\/product"}],"replies":[{"embeddable":true,"href":"https:\/\/globalmasteraesthetics.com\/de\/wp-json\/wp\/v2\/comments?post=7345"}],"version-history":[{"count":1,"href":"https:\/\/globalmasteraesthetics.com\/de\/wp-json\/wp\/v2\/product\/7345\/revisions"}],"predecessor-version":[{"id":8007,"href":"https:\/\/globalmasteraesthetics.com\/de\/wp-json\/wp\/v2\/product\/7345\/revisions\/8007"}],"wp:featuredmedia":[{"embeddable":true,"href":"https:\/\/globalmasteraesthetics.com\/de\/wp-json\/wp\/v2\/media\/5851"}],"wp:attachment":[{"href":"https:\/\/globalmasteraesthetics.com\/de\/wp-json\/wp\/v2\/media?parent=7345"}],"wp:term":[{"taxonomy":"product_brand","embeddable":true,"href":"https:\/\/globalmasteraesthetics.com\/de\/wp-json\/wp\/v2\/product_brand?post=7345"},{"taxonomy":"product_cat","embeddable":true,"href":"https:\/\/globalmasteraesthetics.com\/de\/wp-json\/wp\/v2\/product_cat?post=7345"},{"taxonomy":"product_tag","embeddable":true,"href":"https:\/\/globalmasteraesthetics.com\/de\/wp-json\/wp\/v2\/product_tag?post=7345"}],"curies":[{"name":"wp","href":"https:\/\/api.w.org\/{rel}","templated":true}]}}