{"id":7325,"date":"2025-06-17T04:08:11","date_gmt":"2025-06-17T08:08:11","guid":{"rendered":"https:\/\/globalmasteraesthetics.com\/product\/fortgeschrittene-ausbildung-zur-lippenvergroesserung\/"},"modified":"2025-10-26T08:13:40","modified_gmt":"2025-10-26T12:13:40","slug":"fortgeschrittene-ausbildung-zur-lippenvergroesserung","status":"publish","type":"product","link":"https:\/\/globalmasteraesthetics.com\/de\/produkt\/fortgeschrittene-ausbildung-zur-lippenvergroesserung\/","title":{"rendered":"FORTGESCHRITTENE AUSBILDUNG ZUR LIPPENVERGR\u00d6SSERUNG"},"content":{"rendered":"","protected":false},"excerpt":{"rendered":"<p>&#8211; Injektion vs. Kan\u00fcle<br \/>\n&#8211; Produktauswahl<br \/>\n&#8211; Lippentrends<br \/>\n&#8211; Kan\u00fclenmethode<br \/>\n&#8211; Komplikationen<br \/>\n&#8211; Quiz zum Testen Ihres Wissens<br \/>\n&#8211; Abschlusszertifikat<br \/>\nLippenvergr\u00f6\u00dferung f\u00fcr Fortgeschrittene<br \/>\nLippencodes<br \/>\nNachsorge f\u00fcr Dermal Filler-Behandlung<br \/>\nEinverst\u00e4ndniserkl\u00e4rung<br \/>\nQuiz f\u00fcr Fortgeschrittene Lippenvergr\u00f6\u00dferung<\/p>\n<h2><strong>UNSERE VISION<\/strong><\/h2>\n<p>Wir von Advanced Aesthetic Courses haben es uns zur Aufgabe gemacht, \u00c4sthetikern ein umfassendes, aktuelles Wissen durch hochwertige Online-Schulungen zu vermitteln. Unsere Kurse konzentrieren sich auf fortgeschrittene Injektionstechniken, einschlie\u00dflich Toxin- und Dermalfiller-Behandlungen f\u00fcr Lippen, Wangen, Kiefer, Schl\u00e4fen und mehr. Wir kombinieren fundierte Theorie, Strategien zur Patientenbeurteilung und Videodemonstrationen, um eine zuversichtliche, sichere und fundierte klinische Praxis zu unterst\u00fctzen. Jeder Kurs umfasst herunterladbare Materialien, Behandlungsprotokolle und ein Zertifikat nach erfolgreichem Abschluss. Ganz gleich, ob Sie Ihre F\u00e4higkeiten verbessern oder Ihr Behandlungsportfolio erweitern m\u00f6chten, wir sind da, um Sie bei Ihrem Wachstum zu unterst\u00fctzen &#8211; nach Ihrem Zeitplan und von \u00fcberall aus.    <\/p>\n","protected":false},"featured_media":5844,"comment_status":"open","ping_status":"closed","template":"","meta":{"pmpro_default_level":""},"product_brand":[],"product_cat":[263,228],"product_tag":[],"class_list":{"0":"post-7325","1":"product","2":"type-product","3":"status-publish","4":"has-post-thumbnail","6":"product_cat-botulinumtoxin","7":"product_cat-meisterklasse","8":"pmpro-has-access","10":"first","11":"instock","12":"sold-individually","13":"shipping-taxable","14":"purchasable","15":"product-type-simple"},"exclude_global_add_ons":[],"addons":[],"_links":{"self":[{"href":"https:\/\/globalmasteraesthetics.com\/de\/wp-json\/wp\/v2\/product\/7325","targetHints":{"allow":["GET"]}}],"collection":[{"href":"https:\/\/globalmasteraesthetics.com\/de\/wp-json\/wp\/v2\/product"}],"about":[{"href":"https:\/\/globalmasteraesthetics.com\/de\/wp-json\/wp\/v2\/types\/product"}],"replies":[{"embeddable":true,"href":"https:\/\/globalmasteraesthetics.com\/de\/wp-json\/wp\/v2\/comments?post=7325"}],"version-history":[{"count":1,"href":"https:\/\/globalmasteraesthetics.com\/de\/wp-json\/wp\/v2\/product\/7325\/revisions"}],"predecessor-version":[{"id":8123,"href":"https:\/\/globalmasteraesthetics.com\/de\/wp-json\/wp\/v2\/product\/7325\/revisions\/8123"}],"wp:featuredmedia":[{"embeddable":true,"href":"https:\/\/globalmasteraesthetics.com\/de\/wp-json\/wp\/v2\/media\/5844"}],"wp:attachment":[{"href":"https:\/\/globalmasteraesthetics.com\/de\/wp-json\/wp\/v2\/media?parent=7325"}],"wp:term":[{"taxonomy":"product_brand","embeddable":true,"href":"https:\/\/globalmasteraesthetics.com\/de\/wp-json\/wp\/v2\/product_brand?post=7325"},{"taxonomy":"product_cat","embeddable":true,"href":"https:\/\/globalmasteraesthetics.com\/de\/wp-json\/wp\/v2\/product_cat?post=7325"},{"taxonomy":"product_tag","embeddable":true,"href":"https:\/\/globalmasteraesthetics.com\/de\/wp-json\/wp\/v2\/product_tag?post=7325"}],"curies":[{"name":"wp","href":"https:\/\/api.w.org\/{rel}","templated":true}]}}