{"id":7298,"date":"2025-06-17T03:49:59","date_gmt":"2025-06-17T07:49:59","guid":{"rendered":"https:\/\/globalmasteraesthetics.com\/product\/einfuehrung-in-die-botulinumtoxin-schulung-online\/"},"modified":"2025-10-26T08:10:46","modified_gmt":"2025-10-26T12:10:46","slug":"einfuehrung-in-die-botulinumtoxin-schulung-online","status":"publish","type":"product","link":"https:\/\/globalmasteraesthetics.com\/de\/produkt\/einfuehrung-in-die-botulinumtoxin-schulung-online\/","title":{"rendered":"EINF\u00dcHRUNG IN DIE BOTULINUMTOXIN-SCHULUNG ONLINE"},"content":{"rendered":"","protected":false},"excerpt":{"rendered":"<p>&#8211; Wie funktioniert Botulinumtoxin Typ A?<\/p>\n<p>&#8211; Rekonstitution von Botulinumtoxin Typ A<\/p>\n<p>&#8211; Anatomie f\u00fcr Botox im oberen Gesicht<\/p>\n<p>&#8211; Die Arten von Botulinumtoxin Typ A<\/p>\n<p>&#8211; Kontraindikationen f\u00fcr die Anwendung von Botulinumtoxin Typ A<\/p>\n<p>&#8211; Botox Patienten-Informationsblatt PDF<\/p>\n<p>&#8211; Botulinumtoxin Typ A Nachsorgebrosch\u00fcre PDF<\/p>\n<p>&#8211; Zusammenfassung PDF<\/p>\n<p>&#8211; Einf\u00fchrung in das Botulinumtoxin-Quiz<\/p>\n<h2>UNSERE VISION<\/h2>\n<p>Unser Online-Grundlagenkurs f\u00fcr \u00c4sthetik wurde entwickelt, um angehenden \u00c4sthetikern eine solide, evidenzbasierte Einf\u00fchrung in die \u00e4sthetische Medizin zu geben. Dieser Kurs konzentriert sich auf den sicheren und effektiven Einsatz von Botulinumtoxin und Dermal Fillern und umfasst ausf\u00fchrliche Module zu Gesichtsanatomie, Behandlungsplanung, Gesichtsalterung und Komplikationsmanagement. <\/p>\n<p>Wir kombinieren umfassendes theoretisches Lernen mit hochwertigen Videodemonstrationen, herunterladbaren Ressourcen und Quizfragen, um Ihr Wissen zu festigen. Egal, ob Sie gerade erst anfangen oder Ihre Grundlagen auffrischen, dieser Kurs legt den Grundstein f\u00fcr eine sichere, ethische und selbstbewusste klinische Praxis &#8211; alles online und in Ihrem eigenen Tempo. <\/p>\n","protected":false},"featured_media":5850,"comment_status":"open","ping_status":"closed","template":"","meta":{"pmpro_default_level":""},"product_brand":[],"product_cat":[228],"product_tag":[],"class_list":{"0":"post-7298","1":"product","2":"type-product","3":"status-publish","4":"has-post-thumbnail","6":"product_cat-meisterklasse","7":"pmpro-has-access","9":"first","10":"instock","11":"sold-individually","12":"shipping-taxable","13":"purchasable","14":"product-type-simple"},"exclude_global_add_ons":[],"addons":[],"_links":{"self":[{"href":"https:\/\/globalmasteraesthetics.com\/de\/wp-json\/wp\/v2\/product\/7298","targetHints":{"allow":["GET"]}}],"collection":[{"href":"https:\/\/globalmasteraesthetics.com\/de\/wp-json\/wp\/v2\/product"}],"about":[{"href":"https:\/\/globalmasteraesthetics.com\/de\/wp-json\/wp\/v2\/types\/product"}],"replies":[{"embeddable":true,"href":"https:\/\/globalmasteraesthetics.com\/de\/wp-json\/wp\/v2\/comments?post=7298"}],"version-history":[{"count":1,"href":"https:\/\/globalmasteraesthetics.com\/de\/wp-json\/wp\/v2\/product\/7298\/revisions"}],"predecessor-version":[{"id":7752,"href":"https:\/\/globalmasteraesthetics.com\/de\/wp-json\/wp\/v2\/product\/7298\/revisions\/7752"}],"wp:featuredmedia":[{"embeddable":true,"href":"https:\/\/globalmasteraesthetics.com\/de\/wp-json\/wp\/v2\/media\/5850"}],"wp:attachment":[{"href":"https:\/\/globalmasteraesthetics.com\/de\/wp-json\/wp\/v2\/media?parent=7298"}],"wp:term":[{"taxonomy":"product_brand","embeddable":true,"href":"https:\/\/globalmasteraesthetics.com\/de\/wp-json\/wp\/v2\/product_brand?post=7298"},{"taxonomy":"product_cat","embeddable":true,"href":"https:\/\/globalmasteraesthetics.com\/de\/wp-json\/wp\/v2\/product_cat?post=7298"},{"taxonomy":"product_tag","embeddable":true,"href":"https:\/\/globalmasteraesthetics.com\/de\/wp-json\/wp\/v2\/product_tag?post=7298"}],"curies":[{"name":"wp","href":"https:\/\/api.w.org\/{rel}","templated":true}]}}