{"id":7289,"date":"2025-06-17T03:35:47","date_gmt":"2025-06-17T07:35:47","guid":{"rendered":"https:\/\/globalmasteraesthetics.com\/product\/ausbildung-fuer-aesthetische-behandlungen-fuer-maenner-und-frauen\/"},"modified":"2025-10-26T08:11:12","modified_gmt":"2025-10-26T12:11:12","slug":"ausbildung-fuer-aesthetische-behandlungen-fuer-maenner-und-frauen","status":"publish","type":"product","link":"https:\/\/globalmasteraesthetics.com\/de\/produkt\/ausbildung-fuer-aesthetische-behandlungen-fuer-maenner-und-frauen\/","title":{"rendered":"AUSBILDUNG F\u00dcR \u00c4STHETISCHE BEHANDLUNGEN F\u00dcR M\u00c4NNER UND FRAUEN"},"content":{"rendered":"","protected":false},"excerpt":{"rendered":"<ul>\n<li data-start=\"38\" data-end=\"56\">\n<p data-start=\"40\" data-end=\"56\">Kieferbehandlungen<\/p>\n<\/li>\n<li data-start=\"57\" data-end=\"76\">\n<p data-start=\"59\" data-end=\"76\">Kinn-Behandlungen<\/p>\n<\/li>\n<li data-start=\"77\" data-end=\"97\">\n<p data-start=\"79\" data-end=\"97\">Wangenbehandlungen<\/p>\n<\/li>\n<li data-start=\"98\" data-end=\"110\">\n<p data-start=\"100\" data-end=\"110\">Stirn<\/p>\n<\/li>\n<li data-start=\"111\" data-end=\"126\">\n<p data-start=\"113\" data-end=\"126\">Transgender<\/p>\n<\/li>\n<li data-start=\"127\" data-end=\"145\">\n<p data-start=\"129\" data-end=\"145\">M\u00e4nnlich vs. Weiblich<\/p>\n<\/li>\n<li data-start=\"146\" data-end=\"182\" data-is-last-node=\"\">\n<p data-start=\"148\" data-end=\"182\" data-is-last-node=\"\">Vollgesichtsverj\u00fcngung f\u00fcr Frauen Dem<\/p>\n<\/li>\n<\/ul>\n<h2>UNSERE VISION<\/h2>\n<p>Unser Online-Grundlagenkurs f\u00fcr \u00c4sthetik wurde entwickelt, um angehenden \u00c4sthetikern eine solide, evidenzbasierte Einf\u00fchrung in die \u00e4sthetische Medizin zu geben. Dieser Kurs konzentriert sich auf den sicheren und effektiven Einsatz von Botulinumtoxin und Dermal Fillern und umfasst ausf\u00fchrliche Module zu Gesichtsanatomie, Behandlungsplanung, Gesichtsalterung und Komplikationsmanagement. <\/p>\n<p>Wir kombinieren umfassendes theoretisches Lernen mit hochwertigen Videodemonstrationen, herunterladbaren Ressourcen und Quizfragen, um Ihr Wissen zu festigen. Egal, ob Sie gerade erst anfangen oder Ihre Grundlagen auffrischen, dieser Kurs legt den Grundstein f\u00fcr eine sichere, ethische und selbstbewusste klinische Praxis &#8211; alles online und in Ihrem eigenen Tempo. <\/p>\n","protected":false},"featured_media":5855,"comment_status":"open","ping_status":"closed","template":"","meta":{"pmpro_default_level":""},"product_brand":[],"product_cat":[228,221],"product_tag":[],"class_list":{"0":"post-7289","1":"product","2":"type-product","3":"status-publish","4":"has-post-thumbnail","6":"product_cat-meisterklasse","7":"product_cat-nicht-kategorisiert","8":"pmpro-has-access","10":"first","11":"instock","12":"sold-individually","13":"shipping-taxable","14":"purchasable","15":"product-type-simple"},"exclude_global_add_ons":[],"addons":[],"_links":{"self":[{"href":"https:\/\/globalmasteraesthetics.com\/de\/wp-json\/wp\/v2\/product\/7289","targetHints":{"allow":["GET"]}}],"collection":[{"href":"https:\/\/globalmasteraesthetics.com\/de\/wp-json\/wp\/v2\/product"}],"about":[{"href":"https:\/\/globalmasteraesthetics.com\/de\/wp-json\/wp\/v2\/types\/product"}],"replies":[{"embeddable":true,"href":"https:\/\/globalmasteraesthetics.com\/de\/wp-json\/wp\/v2\/comments?post=7289"}],"version-history":[{"count":1,"href":"https:\/\/globalmasteraesthetics.com\/de\/wp-json\/wp\/v2\/product\/7289\/revisions"}],"predecessor-version":[{"id":7823,"href":"https:\/\/globalmasteraesthetics.com\/de\/wp-json\/wp\/v2\/product\/7289\/revisions\/7823"}],"wp:featuredmedia":[{"embeddable":true,"href":"https:\/\/globalmasteraesthetics.com\/de\/wp-json\/wp\/v2\/media\/5855"}],"wp:attachment":[{"href":"https:\/\/globalmasteraesthetics.com\/de\/wp-json\/wp\/v2\/media?parent=7289"}],"wp:term":[{"taxonomy":"product_brand","embeddable":true,"href":"https:\/\/globalmasteraesthetics.com\/de\/wp-json\/wp\/v2\/product_brand?post=7289"},{"taxonomy":"product_cat","embeddable":true,"href":"https:\/\/globalmasteraesthetics.com\/de\/wp-json\/wp\/v2\/product_cat?post=7289"},{"taxonomy":"product_tag","embeddable":true,"href":"https:\/\/globalmasteraesthetics.com\/de\/wp-json\/wp\/v2\/product_tag?post=7289"}],"curies":[{"name":"wp","href":"https:\/\/api.w.org\/{rel}","templated":true}]}}