{"id":7281,"date":"2025-06-17T03:07:39","date_gmt":"2025-06-17T07:07:39","guid":{"rendered":"https:\/\/globalmasteraesthetics.com\/product\/mesotherapie-kursinhalt\/"},"modified":"2025-10-26T08:11:53","modified_gmt":"2025-10-26T12:11:53","slug":"mesotherapie-kursinhalt","status":"publish","type":"product","link":"https:\/\/globalmasteraesthetics.com\/de\/produkt\/mesotherapie-kursinhalt\/","title":{"rendered":"Mesotherapie Kursinhalt"},"content":{"rendered":"","protected":false},"excerpt":{"rendered":"<p><strong>Prinzipien und Grundlagen der Mesotherapie<\/strong><\/p>\n<ul>\n<li>Definition der Mesotherapie und ihre Rolle in Medizin und \u00c4sthetik<\/li>\n<li>Untersuchung der Vorteile, Nebenwirkungen, Komplikationen und Ergebnisse der Mesotherapie<\/li>\n<li>Einf\u00fchrung in die notwendige Ausr\u00fcstung, die Materialien und die dazugeh\u00f6rigen Ger\u00e4te f\u00fcr die Mesotherapie<\/li>\n<li>Indikationen und Kontraindikationen f\u00fcr die Mesotherapie<\/li>\n<li>Strategien f\u00fcr die Durchf\u00fchrung von Beratungen und die Auswahl geeigneter Kandidaten (Fallauswahl)<\/li>\n<li>Richtlinien zur Vorbereitung auf den Eingriff und zur Pflege nach dem Eingriff<\/li>\n<\/ul>\n<p><strong>Injektionstechniken in der Mesotherapie  <\/strong><\/p>\n<ul>\n<li>Die Anatomie der Haut verstehen<\/li>\n<li>Vertrautheit mit verschiedenen manuellen Injektionstechniken in der \u00e4sthetischen Mesotherapie<\/li>\n<li>Erforschung der Anwendungen verschiedener Injektionstechniken in der Mesotherapie<\/li>\n<\/ul>\n<p><strong> <\/strong><\/p>\n<p><strong> <\/strong><\/p>\n<p><strong> <\/strong><\/p>\n<p><strong>Mesotherapie f\u00fcr verschiedene Bereiche  <\/strong><\/p>\n<ul>\n<li>Mesotherapie bei Haarausfall<\/li>\n<li>Mesotherapie zur Verj\u00fcngung von Gesicht, Hals und Dekollet\u00e9<\/li>\n<li>Mesotherapie bei hyperpigmentierten L\u00e4sionen<\/li>\n<li>Mesotherapie f\u00fcr periorbitale Probleme<\/li>\n<li>Mesotherapie f\u00fcr lokale Fettreduktion, Cellulite und Doppelkinn<\/li>\n<li>Allgemeine Pflegehinweise nach dem Peeling<\/li>\n<\/ul>\n","protected":false},"featured_media":5857,"comment_status":"open","ping_status":"closed","template":"","meta":{"pmpro_default_level":""},"product_brand":[],"product_cat":[228,244],"product_tag":[],"class_list":{"0":"post-7281","1":"product","2":"type-product","3":"status-publish","4":"has-post-thumbnail","6":"product_cat-meisterklasse","7":"product_cat-mesotherapie","8":"pmpro-has-access","10":"first","11":"instock","12":"sold-individually","13":"shipping-taxable","14":"purchasable","15":"product-type-simple"},"exclude_global_add_ons":[],"addons":[],"_links":{"self":[{"href":"https:\/\/globalmasteraesthetics.com\/de\/wp-json\/wp\/v2\/product\/7281","targetHints":{"allow":["GET"]}}],"collection":[{"href":"https:\/\/globalmasteraesthetics.com\/de\/wp-json\/wp\/v2\/product"}],"about":[{"href":"https:\/\/globalmasteraesthetics.com\/de\/wp-json\/wp\/v2\/types\/product"}],"replies":[{"embeddable":true,"href":"https:\/\/globalmasteraesthetics.com\/de\/wp-json\/wp\/v2\/comments?post=7281"}],"version-history":[{"count":1,"href":"https:\/\/globalmasteraesthetics.com\/de\/wp-json\/wp\/v2\/product\/7281\/revisions"}],"predecessor-version":[{"id":7927,"href":"https:\/\/globalmasteraesthetics.com\/de\/wp-json\/wp\/v2\/product\/7281\/revisions\/7927"}],"wp:featuredmedia":[{"embeddable":true,"href":"https:\/\/globalmasteraesthetics.com\/de\/wp-json\/wp\/v2\/media\/5857"}],"wp:attachment":[{"href":"https:\/\/globalmasteraesthetics.com\/de\/wp-json\/wp\/v2\/media?parent=7281"}],"wp:term":[{"taxonomy":"product_brand","embeddable":true,"href":"https:\/\/globalmasteraesthetics.com\/de\/wp-json\/wp\/v2\/product_brand?post=7281"},{"taxonomy":"product_cat","embeddable":true,"href":"https:\/\/globalmasteraesthetics.com\/de\/wp-json\/wp\/v2\/product_cat?post=7281"},{"taxonomy":"product_tag","embeddable":true,"href":"https:\/\/globalmasteraesthetics.com\/de\/wp-json\/wp\/v2\/product_tag?post=7281"}],"curies":[{"name":"wp","href":"https:\/\/api.w.org\/{rel}","templated":true}]}}