{"id":8451,"date":"2018-07-26T07:17:24","date_gmt":"2018-07-26T11:17:24","guid":{"rendered":"https:\/\/globalmasteraesthetics.com\/ueber-uns\/"},"modified":"2026-02-09T13:20:11","modified_gmt":"2026-02-09T18:20:11","slug":"ueber-uns","status":"publish","type":"page","link":"https:\/\/globalmasteraesthetics.com\/de\/ueber-uns\/","title":{"rendered":"\u00dcber uns"},"content":{"rendered":"\t\t<div data-elementor-type=\"wp-page\" data-elementor-id=\"8451\" class=\"elementor elementor-8451 elementor-392\" data-elementor-post-type=\"page\">\n\t\t\t\t\t\t<section class=\"elementor-section elementor-top-section elementor-element elementor-element-cd5fe89 elementor-section-stretched elementor-section-boxed elementor-section-height-default elementor-section-height-default\" data-id=\"cd5fe89\" data-element_type=\"section\" data-e-type=\"section\" data-settings=\"{&quot;background_background&quot;:&quot;classic&quot;,&quot;stretch_section&quot;:&quot;section-stretched&quot;}\">\n\t\t\t\t\t\t<div class=\"elementor-container elementor-column-gap-default\">\n\t\t\t\t\t<div class=\"elementor-column elementor-col-50 elementor-top-column elementor-element elementor-element-cd60377\" data-id=\"cd60377\" data-element_type=\"column\" data-e-type=\"column\">\n\t\t\t<div class=\"elementor-widget-wrap elementor-element-populated\">\n\t\t\t\t\t\t<div class=\"elementor-element elementor-element-cd60731 elementor-widget elementor-widget-vc_custom_heading\" data-id=\"cd60731\" data-element_type=\"widget\" data-e-type=\"widget\" data-widget_type=\"vc_custom_heading.default\">\n\t\t\t\t<div class=\"elementor-widget-container\">\n\t\t\t\t\t<div class=\" vc_custom_heading  masterstudy_heading_font  text_align_left\" ><h2 style=\"text-align: left;font-weight:700\" class=\"masterstudy-custom-title\">Welcome to GMA!                             \n<\/h2><\/div>\t\t\t\t<\/div>\n\t\t\t\t<\/div>\n\t\t\t\t<div class=\"elementor-element elementor-element-cd609cb elementor-widget elementor-widget-text-editor\" data-id=\"cd609cb\" data-element_type=\"widget\" data-e-type=\"widget\" data-widget_type=\"text-editor.default\">\n\t\t\t\t<div class=\"elementor-widget-container\">\n\t\t\t\t\t\t\t\t\t<p style=\"text-align: left;\"><em><strong>Wer wir sind<\/strong><\/em><\/p>\n<p>Wir sind ein Team erfahrener medizinischer \u00c4sthetik-Experten, die sich daf\u00fcr einsetzen, den Ausbildungsstandard in der \u00e4sthetischen Medizin zu erh\u00f6hen. Auf der Grundlage unseres klinischen Fachwissens und unserer Erfahrung in der Lehre haben wir eine Reihe von Online-Kursen entwickelt, die wissenschaftliches Wissen mit praktischer Anwendung verbinden. Unser Ziel ist es, die Fortbildung im Bereich der \u00c4sthetik zug\u00e4nglicher, flexibler und effektiver zu machen &#8211; ganz gleich, wo Sie sich in Ihrer Karriere oder auf der Welt befinden.  <\/p>\n<h2><strong>Unsere Vision<\/strong><\/h2>\n<p>Unsere Vision ist es, medizinische Fachkr\u00e4fte weltweit zu unterst\u00fctzen, indem wir vertrauensw\u00fcrdige, qualitativ hochwertige Online-Schulungen zur \u00c4sthetik anbieten. Wir glauben, dass Vertrauen in die Praxis mit Vertrauen in das Wissen beginnt. Durch strukturiertes Lernen, evidenzbasierte Inhalte und von Experten geleitete Demonstrationen wollen wir eine neue Generation von sicheren, kompetenten und ethisch handelnden \u00c4rzten f\u00fcr \u00e4sthetische Medizin hervorbringen. Exzellenz in der \u00e4sthetischen Medizin beginnt hier.<br \/>Das Online-Studium ist f\u00fcr Studenten gedacht, die aufgrund ihrer zeitlichen Verpflichtungen nicht in der Lage sind, ein Vollzeitstudium zu absolvieren. Online-Studieng\u00e4nge werden f\u00fcr einzelne Kurse, Diplome, Associate&#8217;s Degrees und Zertifikatsprogramme angeboten und sind eine wertvolle Option. Die Qualifikation, die ein Absolvent nach erfolgreichem Abschluss erh\u00e4lt.     <\/p>\n\t\t\t\t\t\t\t\t<\/div>\n\t\t\t\t<\/div>\n\t\t\t\t<div class=\"elementor-element elementor-element-cd60c81 elementor-widget elementor-widget-vc_custom_heading\" data-id=\"cd60c81\" data-element_type=\"widget\" data-e-type=\"widget\" data-widget_type=\"vc_custom_heading.default\">\n\t\t\t\t<div class=\"elementor-widget-container\">\n\t\t\t\t\t<div class=\" vc_custom_heading  masterstudy_heading_font  text_align_left\" ><h4 style=\"text-align: left;font-weight:400\" class=\"masterstudy-custom-title\">Unordered &amp; Ordered Lists\n<\/h4><\/div>\t\t\t\t<\/div>\n\t\t\t\t<\/div>\n\t\t\t\t<div class=\"elementor-element elementor-element-cd60f8e elementor-widget elementor-widget-stm_icon_box\" data-id=\"cd60f8e\" data-element_type=\"widget\" data-e-type=\"widget\" data-widget_type=\"stm_icon_box.default\">\n\t\t\t\t<div class=\"elementor-widget-container\">\n\t\t\t\t\t<style type=\"text\/css\">\n            body:not(.home) .icon_box.module__782fec8c5e115bfaf1bc8355d66bf505 {\n                padding: 0;\n            }\n        .module__782fec8c5e115bfaf1bc8355d66bf505 {\n    background: !important; color:#555555;\n}\n\n.module__782fec8c5e115bfaf1bc8355d66bf505 .icon {\n    width:13px;\n}\n.module__782fec8c5e115bfaf1bc8355d66bf505 .icon svg {\n\twidth: 15px;\n\theight: 15px;\n}\n.module__782fec8c5e115bfaf1bc8355d66bf505 .icon svg,\n.module__782fec8c5e115bfaf1bc8355d66bf505 .icon i {\n    font-size: 15px;\n    color: #eab830 !important;\n}\n.icon_alignment_top_left .module__782fec8c5e115bfaf1bc8355d66bf505 {\n    text-align: left;\n}\n.icon_alignment_top_center .module__782fec8c5e115bfaf1bc8355d66bf505 {\n    text-align: center;\n    margin-right: auto;\n    margin-left: auto;\n}\n.icon_alignment_top_right .module__782fec8c5e115bfaf1bc8355d66bf505 {\n    text-align: right;\n    margin-right: 0;\n    margin-left: auto;\n}\n<\/style>\n\t<a\t\n\t\thref=\"#\" \n\t\ttitle=\"\"\n\t\t\t>\n\n\t<div class=\"icon_box masterstudy_elementor_icon_box  stm_icon_box_hover_none standart module__782fec8c5e115bfaf1bc8355d66bf505 box_align_left clearfix\">\n\t\t<div class=\"icon_alignment_left\">\n\t\t\t\t\t\t\t<div class=\"icon module__782fec8c5e115bfaf1bc8355d66bf505\">\n\t\t\t\t\t\t\t\t\t\t\t<i class=\" far fa-fa fa-thumbs-up\"><\/i>\n\t\t\t\t\t\t\t\t\t<\/div>\n\t\t\t\n\t\t\t<div class=\"icon_text\">\n\t\t\t\t\t\t\t\t<p>Online Courses with full discount systems.<\/p>\t\t\t<\/div>\n\t\t<\/div> <!-- align icons -->\n\t<\/div>\n\n\t<\/a>\n\t\t\t\t<\/div>\n\t\t\t\t<\/div>\n\t\t\t\t<div class=\"elementor-element elementor-element-cd6116d elementor-widget elementor-widget-stm_icon_box\" data-id=\"cd6116d\" data-element_type=\"widget\" data-e-type=\"widget\" data-widget_type=\"stm_icon_box.default\">\n\t\t\t\t<div class=\"elementor-widget-container\">\n\t\t\t\t\t<style type=\"text\/css\">\n            body:not(.home) .icon_box.module__fee52785e2905ef8d840a55d6a080791 {\n                padding: 0;\n            }\n        .module__fee52785e2905ef8d840a55d6a080791 {\n    background: !important; color:#555555;\n}\n\n.module__fee52785e2905ef8d840a55d6a080791 .icon {\n    width:13px;\n}\n.module__fee52785e2905ef8d840a55d6a080791 .icon svg {\n\twidth: 15px;\n\theight: 15px;\n}\n.module__fee52785e2905ef8d840a55d6a080791 .icon svg,\n.module__fee52785e2905ef8d840a55d6a080791 .icon i {\n    font-size: 15px;\n    color: #eab830 !important;\n}\n.icon_alignment_top_left .module__fee52785e2905ef8d840a55d6a080791 {\n    text-align: left;\n}\n.icon_alignment_top_center .module__fee52785e2905ef8d840a55d6a080791 {\n    text-align: center;\n    margin-right: auto;\n    margin-left: auto;\n}\n.icon_alignment_top_right .module__fee52785e2905ef8d840a55d6a080791 {\n    text-align: right;\n    margin-right: 0;\n    margin-left: auto;\n}\n<\/style>\n\t<a\t\n\t\thref=\"#\" \n\t\ttitle=\"\"\n\t\t\t>\n\n\t<div class=\"icon_box masterstudy_elementor_icon_box  stm_icon_box_hover_none standart module__fee52785e2905ef8d840a55d6a080791 box_align_left clearfix\">\n\t\t<div class=\"icon_alignment_left\">\n\t\t\t\t\t\t\t<div class=\"icon module__fee52785e2905ef8d840a55d6a080791\">\n\t\t\t\t\t\t\t\t\t\t\t<i class=\" far fa-fa fa-thumbs-up\"><\/i>\n\t\t\t\t\t\t\t\t\t<\/div>\n\t\t\t\n\t\t\t<div class=\"icon_text\">\n\t\t\t\t\t\t\t\t<p>Online Certificates which can be used worldwide.<\/p>\t\t\t<\/div>\n\t\t<\/div> <!-- align icons -->\n\t<\/div>\n\n\t<\/a>\n\t\t\t\t<\/div>\n\t\t\t\t<\/div>\n\t\t\t\t<div class=\"elementor-element elementor-element-cd61316 elementor-widget elementor-widget-stm_icon_box\" data-id=\"cd61316\" data-element_type=\"widget\" data-e-type=\"widget\" data-widget_type=\"stm_icon_box.default\">\n\t\t\t\t<div class=\"elementor-widget-container\">\n\t\t\t\t\t<style type=\"text\/css\">\n            body:not(.home) .icon_box.module__f7f6e23273aeac5282e42e43312bdecb {\n                padding: 0;\n            }\n        .module__f7f6e23273aeac5282e42e43312bdecb {\n    background: !important; color:#555555;\n}\n\n.module__f7f6e23273aeac5282e42e43312bdecb .icon {\n    width:13px;\n}\n.module__f7f6e23273aeac5282e42e43312bdecb .icon svg {\n\twidth: 15px;\n\theight: 15px;\n}\n.module__f7f6e23273aeac5282e42e43312bdecb .icon svg,\n.module__f7f6e23273aeac5282e42e43312bdecb .icon i {\n    font-size: 15px;\n    color: #eab830 !important;\n}\n.icon_alignment_top_left .module__f7f6e23273aeac5282e42e43312bdecb {\n    text-align: left;\n}\n.icon_alignment_top_center .module__f7f6e23273aeac5282e42e43312bdecb {\n    text-align: center;\n    margin-right: auto;\n    margin-left: auto;\n}\n.icon_alignment_top_right .module__f7f6e23273aeac5282e42e43312bdecb {\n    text-align: right;\n    margin-right: 0;\n    margin-left: auto;\n}\n<\/style>\n\t<a\t\n\t\thref=\"#\" \n\t\ttitle=\"\"\n\t\t\t>\n\n\t<div class=\"icon_box masterstudy_elementor_icon_box  stm_icon_box_hover_none standart module__f7f6e23273aeac5282e42e43312bdecb box_align_left clearfix\">\n\t\t<div class=\"icon_alignment_left\">\n\t\t\t\t\t\t\t<div class=\"icon module__f7f6e23273aeac5282e42e43312bdecb\">\n\t\t\t\t\t\t\t\t\t\t\t<i class=\" far fa-fa fa-thumbs-up\"><\/i>\n\t\t\t\t\t\t\t\t\t<\/div>\n\t\t\t\n\t\t\t<div class=\"icon_text\">\n\t\t\t\t\t\t\t\t<p>An online leadership development program at Masterstudy LMS.<\/p>\t\t\t<\/div>\n\t\t<\/div> <!-- align icons -->\n\t<\/div>\n\n\t<\/a>\n\t\t\t\t<\/div>\n\t\t\t\t<\/div>\n\t\t\t\t<div class=\"elementor-element elementor-element-cd61506 elementor-widget elementor-widget-image\" data-id=\"cd61506\" data-element_type=\"widget\" data-e-type=\"widget\" data-widget_type=\"image.default\">\n\t\t\t\t<div class=\"elementor-widget-container\">\n\t\t\t\t\t\t\t\t\t\t\t\t\t\t\t<img fetchpriority=\"high\" decoding=\"async\" width=\"1024\" height=\"588\" src=\"https:\/\/globalmasteraesthetics.com\/wp-content\/uploads\/2025\/06\/regester-1024x588.jpg\" class=\"attachment-large size-large wp-image-6500\" alt=\"\" srcset=\"https:\/\/globalmasteraesthetics.com\/wp-content\/uploads\/2025\/06\/regester-1024x588.jpg 1024w, https:\/\/globalmasteraesthetics.com\/wp-content\/uploads\/2025\/06\/regester-600x344.jpg 600w, https:\/\/globalmasteraesthetics.com\/wp-content\/uploads\/2025\/06\/regester-300x172.jpg 300w, https:\/\/globalmasteraesthetics.com\/wp-content\/uploads\/2025\/06\/regester-768x441.jpg 768w, https:\/\/globalmasteraesthetics.com\/wp-content\/uploads\/2025\/06\/regester-1536x881.jpg 1536w, https:\/\/globalmasteraesthetics.com\/wp-content\/uploads\/2025\/06\/regester.jpg 1919w\" sizes=\"(max-width: 1024px) 100vw, 1024px\" \/>\t\t\t\t\t\t\t\t\t\t\t\t\t\t\t<\/div>\n\t\t\t\t<\/div>\n\t\t\t\t\t<\/div>\n\t\t<\/div>\n\t\t\t\t<div class=\"elementor-column elementor-col-50 elementor-top-column elementor-element elementor-element-cd622dd\" data-id=\"cd622dd\" data-element_type=\"column\" data-e-type=\"column\">\n\t\t\t<div class=\"elementor-widget-wrap elementor-element-populated\">\n\t\t\t\t\t\t<div class=\"elementor-element elementor-element-cd626cc elementor-widget elementor-widget-image\" data-id=\"cd626cc\" data-element_type=\"widget\" data-e-type=\"widget\" data-widget_type=\"image.default\">\n\t\t\t\t<div class=\"elementor-widget-container\">\n\t\t\t\t\t\t\t\t\t\t\t\t\t\t\t<img decoding=\"async\" width=\"1120\" height=\"771\" src=\"https:\/\/globalmasteraesthetics.com\/wp-content\/uploads\/2025\/06\/best-Master-1-1120x771.jpg\" class=\"attachment-img-1120-800 size-img-1120-800 wp-image-6527\" alt=\"\" \/>\t\t\t\t\t\t\t\t\t\t\t\t\t\t\t<\/div>\n\t\t\t\t<\/div>\n\t\t\t\t<div class=\"elementor-element elementor-element-cd6301b elementor-tabs-view-horizontal elementor-widget elementor-widget-tabs\" data-id=\"cd6301b\" data-element_type=\"widget\" data-e-type=\"widget\" data-widget_type=\"tabs.default\">\n\t\t\t\t<div class=\"elementor-widget-container\">\n\t\t\t\t\t\t\t<div class=\"elementor-tabs\">\n\t\t\t<div class=\"elementor-tabs-wrapper\" role=\"tablist\" >\n\t\t\t\t\t\t\t\t\t<div id=\"elementor-tab-title-2151\" class=\"elementor-tab-title elementor-tab-desktop-title\" aria-selected=\"true\" data-tab=\"1\" role=\"tab\" tabindex=\"0\" aria-controls=\"elementor-tab-content-2151\" aria-expanded=\"false\">Fertigkeiten<\/div>\n\t\t\t\t\t\t\t\t\t<div id=\"elementor-tab-title-2152\" class=\"elementor-tab-title elementor-tab-desktop-title\" aria-selected=\"false\" data-tab=\"2\" role=\"tab\" tabindex=\"-1\" aria-controls=\"elementor-tab-content-2152\" aria-expanded=\"false\">Kontaktieren Sie uns<\/div>\n\t\t\t\t\t\t\t<\/div>\n\t\t\t<div class=\"elementor-tabs-content-wrapper\" role=\"tablist\" aria-orientation=\"vertical\">\n\t\t\t\t\t\t\t\t\t<div class=\"elementor-tab-title elementor-tab-mobile-title\" aria-selected=\"true\" data-tab=\"1\" role=\"tab\" tabindex=\"0\" aria-controls=\"elementor-tab-content-2151\" aria-expanded=\"false\">Fertigkeiten<\/div>\n\t\t\t\t\t<div id=\"elementor-tab-content-2151\" class=\"elementor-tab-content elementor-clearfix\" data-tab=\"1\" role=\"tabpanel\" aria-labelledby=\"elementor-tab-title-2151\" tabindex=\"0\" hidden=\"false\"><h3>Professionelle Zertifikatskurse (Online)<\/h3>\n<ul>\n<li>Online-Zertifikate k\u00f6nnen in einer Reihe von Fachgebieten erworben werden.<\/li>\n<li>Online-Diplome werden f\u00fcr ein bis zwei Jahre Studium mit LMS vergeben.<\/li>\n<li>Online Associate Degrees dauern dann in der Regel etwa zwei Jahre.<\/li>\n<li>Online-Vorbereitungsjahr-Programme sind eine Chance f\u00fcr Studenten.<\/li>\n<li>Online-Sommerkurse sind eine gute M\u00f6glichkeit, sich zu qualifizieren.<\/li>\n<\/ul>\n<\/div>\n\t\t\t\t\t\t\t\t\t<div class=\"elementor-tab-title elementor-tab-mobile-title\" aria-selected=\"false\" data-tab=\"2\" role=\"tab\" tabindex=\"-1\" aria-controls=\"elementor-tab-content-2152\" aria-expanded=\"false\">Kontaktieren Sie uns<\/div>\n\t\t\t\t\t<div id=\"elementor-tab-content-2152\" class=\"elementor-tab-content elementor-clearfix\" data-tab=\"2\" role=\"tabpanel\" aria-labelledby=\"elementor-tab-title-2152\" tabindex=\"0\" hidden=\"hidden\">\n<div class=\"wpcf7 no-js\" id=\"wpcf7-f403-p8451-o1\" lang=\"en-US\" dir=\"ltr\" data-wpcf7-id=\"403\">\n<div class=\"screen-reader-response\"><p role=\"status\" aria-live=\"polite\" aria-atomic=\"true\"><\/p> <ul><\/ul><\/div>\n<form action=\"\/de\/ueber-uns\/#wpcf7-f403-p8451-o1\" method=\"post\" class=\"wpcf7-form init\" aria-label=\"Contact form\" novalidate=\"novalidate\" data-status=\"init\">\n<fieldset class=\"hidden-fields-container\"><input type=\"hidden\" name=\"_wpcf7\" value=\"403\" \/><input type=\"hidden\" name=\"_wpcf7_version\" value=\"6.1.2\" \/><input type=\"hidden\" name=\"_wpcf7_locale\" value=\"en_US\" \/><input type=\"hidden\" name=\"_wpcf7_unit_tag\" value=\"wpcf7-f403-p8451-o1\" \/><input type=\"hidden\" name=\"_wpcf7_container_post\" value=\"8451\" \/><input type=\"hidden\" name=\"_wpcf7_posted_data_hash\" value=\"\" \/>\n<\/fieldset>\n<div class=\"row\">\n\t<div class=\"col-xs-12 col-sm-6 col-md-6 col-lg-6\">\n\t\t<div class=\"form-group\">\n\t\t\t<p><span class=\"wpcf7-form-control-wrap\" data-name=\"name\"><input size=\"40\" maxlength=\"400\" class=\"wpcf7-form-control wpcf7-text wpcf7-validates-as-required form-control\" aria-required=\"true\" aria-invalid=\"false\" placeholder=\"Your Name\" value=\"\" type=\"text\" name=\"name\" \/><\/span>\n\t\t\t<\/p>\n\t\t<\/div>\n\t<\/div>\n\t<div class=\"col-xs-12 col-sm-6 col-md-6 col-lg-6\">\n\t\t<div class=\"form-group\">\n\t\t\t<p><span class=\"wpcf7-form-control-wrap\" data-name=\"email\"><input size=\"40\" maxlength=\"400\" class=\"wpcf7-form-control wpcf7-email wpcf7-validates-as-required wpcf7-text wpcf7-validates-as-email form-control\" aria-required=\"true\" aria-invalid=\"false\" placeholder=\"Your Email\" value=\"\" type=\"email\" name=\"email\" \/><\/span>\n\t\t\t<\/p>\n\t\t<\/div>\n\t<\/div>\n<\/div>\n<div class=\"row\">\n\t<div class=\"col-xs-12 col-sm-12 col-md-12 col-lg-12\">\n\t\t<div class=\"form-group\">\n\t\t\t<p><span class=\"wpcf7-form-control-wrap\" data-name=\"message\"><textarea cols=\"40\" rows=\"9\" maxlength=\"2000\" class=\"wpcf7-form-control wpcf7-textarea wpcf7-validates-as-required form-control\" aria-required=\"true\" aria-invalid=\"false\" name=\"message\"><\/textarea><\/span>\n\t\t\t<\/p>\n\t\t<\/div>\n\t<\/div>\n<\/div>\n<div class=\"row\">\n\t<div class=\"col-xs-12 col-sm-12 col-md-12 col-lg-12\">\n\t\t<p><input class=\"wpcf7-form-control wpcf7-submit has-spinner btn btn-default\" type=\"submit\" value=\"Submit\" \/>\n\t\t<\/p>\n\t<\/div>\n<\/div><div class=\"wpcf7-response-output\" aria-hidden=\"true\"><\/div>\n<\/form>\n<\/div>\n\n<\/div>\n\t\t\t\t\t\t\t<\/div>\n\t\t<\/div>\n\t\t\t\t\t\t<\/div>\n\t\t\t\t<\/div>\n\t\t\t\t\t<\/div>\n\t\t<\/div>\n\t\t\t\t\t<\/div>\n\t\t<\/section>\n\t\t\t\t<\/div>\n\t\t","protected":false},"excerpt":{"rendered":"<p>Welcome to GMA! Wer wir sind Wir sind ein Team erfahrener medizinischer \u00c4sthetik-Experten, die sich daf\u00fcr einsetzen, den Ausbildungsstandard in der \u00e4sthetischen Medizin zu erh\u00f6hen. Auf der Grundlage unseres klinischen Fachwissens und unserer Erfahrung in der Lehre haben wir eine Reihe von Online-Kursen entwickelt, die wissenschaftliches Wissen mit praktischer Anwendung verbinden. Unser Ziel ist es, [&hellip;]<\/p>\n","protected":false},"author":1,"featured_media":0,"parent":0,"menu_order":0,"comment_status":"closed","ping_status":"closed","template":"","meta":{"pmpro_default_level":"","footnotes":""},"class_list":["post-8451","page","type-page","status-publish","hentry","pmpro-has-access"],"_links":{"self":[{"href":"https:\/\/globalmasteraesthetics.com\/de\/wp-json\/wp\/v2\/pages\/8451","targetHints":{"allow":["GET"]}}],"collection":[{"href":"https:\/\/globalmasteraesthetics.com\/de\/wp-json\/wp\/v2\/pages"}],"about":[{"href":"https:\/\/globalmasteraesthetics.com\/de\/wp-json\/wp\/v2\/types\/page"}],"author":[{"embeddable":true,"href":"https:\/\/globalmasteraesthetics.com\/de\/wp-json\/wp\/v2\/users\/1"}],"replies":[{"embeddable":true,"href":"https:\/\/globalmasteraesthetics.com\/de\/wp-json\/wp\/v2\/comments?post=8451"}],"version-history":[{"count":8,"href":"https:\/\/globalmasteraesthetics.com\/de\/wp-json\/wp\/v2\/pages\/8451\/revisions"}],"predecessor-version":[{"id":9391,"href":"https:\/\/globalmasteraesthetics.com\/de\/wp-json\/wp\/v2\/pages\/8451\/revisions\/9391"}],"wp:attachment":[{"href":"https:\/\/globalmasteraesthetics.com\/de\/wp-json\/wp\/v2\/media?parent=8451"}],"curies":[{"name":"wp","href":"https:\/\/api.w.org\/{rel}","templated":true}]}}